{"id":1666,"date":"2015-07-17T18:27:38","date_gmt":"2015-07-17T18:27:38","guid":{"rendered":"https:\/\/www.bazarmerlin.com\/inicio\/?post_type=product&#038;p=1666"},"modified":"2023-01-12T22:09:08","modified_gmt":"2023-01-12T22:09:08","slug":"incienso-artesanal-canela-copal-6-paquetes-20-varitas","status":"publish","type":"product","link":"https:\/\/www.bazarmerlin.com\/inicio\/producto\/incienso-artesanal-canela-copal-6-paquetes-20-varitas\/","title":{"rendered":"Incienso Totalmente Artesanal Canela 5 Paquetes = 100 Varita"},"content":{"rendered":"<div style=\"text-align: center;\">\n<div style=\"text-align: center;\">\n<div style=\"text-align: center;\"><\/div>\n<\/div>\n<\/div>\n<p><strong>INCIENSO ARTESANAL DE CANELA 100% HECHO A MANO<\/strong><br \/>\n<strong>INCIENSO CALIDAD PREMIUM.<\/strong><\/p>\n<p>&nbsp;<\/p>\n<p><em><strong>PRECIO POR 5 PAQUETES CON 20 VARITAS CADA UNO = 100 VARITAS DE INCIENSO PREMIUM.<\/strong><\/em><\/p>\n<p>-Cualidades<br \/>\nClarividencia y Adivinaci\u00f3n.Energ\u00eda, Fuerza y Resistencia.Protecci\u00f3n y Defensa.Sanaciones.<\/p>\n<p>-Caracter\u00edsticas<br \/>\nLa canela se usa para la buena suerte, la protecci\u00f3n del hogar y la atracci\u00f3n en el amor. Tambi\u00e9n sirve para la persuasi\u00f3n, la valent\u00eda, y acentuar dones ps\u00edquicos. Asimismo se puede agregar a las mezclas para el dinero. Para atraer el dinero y el \u00e9xito.<\/p>\n<p>-Favorece<br \/>\nEl incienso de canela ayuda a aclarar ideas y es bueno para la meditaci\u00f3n. Atrae la buena suerte, en especial en el trabajo y los negocios. Es utilizado como purificador del altar antes de realizar un ritual, ya que propicia la meditaci\u00f3n. La canela tambi\u00e9n ayuda mucho a abrir el cuarto chacra, se utiliza para la protecci\u00f3n y para ayudar a conseguir una meta. Da seguridad. Aumenta la capacidad para penetrar en nuestra conciencia ps\u00edquica.<\/p>\n<p>-Salud<br \/>\nEl incienso con aroma a canela es utilizado para curar, tambi\u00e9n le da m\u00e1s energ\u00eda al cuerpo.<\/p>\n<p>-Dinero<br \/>\nEste incienso ayuda a mejorar nuestra econom\u00eda. Atrae el dinero y clientela para el negocio.<\/p>\n<p>-Amor<br \/>\nSirve para la armon\u00eda y amor divino para transformar lo negativo en positivo. Su aroma tiene efectos afrodis\u00edacos.<\/p>\n<p>&nbsp;<\/p>\n<p>&nbsp;<\/p>\n<p><strong>BAZAR MERLIN\u00ae<\/strong><br \/>\n<strong>El Lugar M\u00e1s M\u00edstico de Guadalajara<\/strong><br \/>\n<strong>ENVIAMOS A TODO M\u00c9XICO&#8230;<\/strong><\/p>\n<!-- AddThis Advanced Settings generic via filter on the_content --><!-- AddThis Share Buttons generic via filter on the_content -->","protected":false},"excerpt":{"rendered":"<p>INCIENSO ARTESANAL DE CANELA 100% HECHO A MANO INCIENSO CALIDAD PREMIUM. &nbsp; PRECIO POR 5 PAQUETES CON 20 VARITAS CADA UNO = 100 VARITAS DE INCIENSO PREMIUM. -Cualidades Clarividencia y Adivinaci\u00f3n.Energ\u00eda, Fuerza y Resistencia.Protecci\u00f3n y Defensa.Sanaciones. -Caracter\u00edsticas La canela se usa para la buena suerte, la protecci\u00f3n del hogar y la atracci\u00f3n en el amor.&hellip;<!-- AddThis Advanced Settings generic via filter on get_the_excerpt --><!-- AddThis Share Buttons generic via filter on get_the_excerpt --><\/p>\n","protected":false},"featured_media":11513,"template":"","meta":[],"product_cat":[274],"product_tag":[1039],"_links":{"self":[{"href":"https:\/\/www.bazarmerlin.com\/inicio\/wp-json\/wp\/v2\/product\/1666"}],"collection":[{"href":"https:\/\/www.bazarmerlin.com\/inicio\/wp-json\/wp\/v2\/product"}],"about":[{"href":"https:\/\/www.bazarmerlin.com\/inicio\/wp-json\/wp\/v2\/types\/product"}],"wp:featuredmedia":[{"embeddable":true,"href":"https:\/\/www.bazarmerlin.com\/inicio\/wp-json\/wp\/v2\/media\/11513"}],"wp:attachment":[{"href":"https:\/\/www.bazarmerlin.com\/inicio\/wp-json\/wp\/v2\/media?parent=1666"}],"wp:term":[{"taxonomy":"product_cat","embeddable":true,"href":"https:\/\/www.bazarmerlin.com\/inicio\/wp-json\/wp\/v2\/product_cat?post=1666"},{"taxonomy":"product_tag","embeddable":true,"href":"https:\/\/www.bazarmerlin.com\/inicio\/wp-json\/wp\/v2\/product_tag?post=1666"}],"curies":[{"name":"wp","href":"https:\/\/api.w.org\/{rel}","templated":true}]}}