{"id":1694,"date":"2015-07-17T23:54:24","date_gmt":"2015-07-17T23:54:24","guid":{"rendered":"https:\/\/www.bazarmerlin.com\/inicio\/?post_type=product&#038;p=1694"},"modified":"2022-09-27T22:14:34","modified_gmt":"2022-09-27T22:14:34","slug":"aceite-magico-proteccion-para-ungir-velas-amuletos-y-dijes","status":"publish","type":"product","link":"https:\/\/www.bazarmerlin.com\/inicio\/producto\/aceite-magico-proteccion-para-ungir-velas-amuletos-y-dijes\/","title":{"rendered":"Aceite Magico Proteccion -para Ungir Velas, Amuletos Y Dijes"},"content":{"rendered":"<div style=\"text-align: center;\">\n<div style=\"text-align: center;\">\n<div style=\"text-align: left;\">\n<p><strong>ACEITE M\u00c1GICO DE PROTECCI\u00d3N<\/strong><\/p>\n<p>&nbsp;<\/p>\n<p>Aceite Para protecci\u00f3n, abundancia y amor.\u00bf Para ungir en velas, tambien sirve para rituales de amor.<\/p>\n<p>&nbsp;<\/p>\n<p><strong>BAZAR MERLIN<\/strong><br \/>\n<strong>El Lugar M\u00e1s M\u00edstico de Guadalajara<\/strong><br \/>\n<strong>ENVIAMOS A TODO M\u00c9XICO&#8230;<\/strong><\/p>\n<\/div>\n<\/div>\n<\/div>\n<!-- AddThis Advanced Settings generic via filter on the_content --><!-- AddThis Share Buttons generic via filter on the_content -->","protected":false},"excerpt":{"rendered":"<p>ACEITE M\u00c1GICO DE PROTECCI\u00d3N &nbsp; Aceite Para protecci\u00f3n, abundancia y amor.\u00bf Para ungir en velas, tambien sirve para rituales de amor. &nbsp; BAZAR MERLIN El Lugar M\u00e1s M\u00edstico de Guadalajara ENVIAMOS A TODO M\u00c9XICO&#8230;<!-- AddThis Advanced Settings generic via filter on get_the_excerpt --><!-- AddThis Share Buttons generic via filter on get_the_excerpt --><\/p>\n","protected":false},"featured_media":10130,"template":"","meta":[],"product_cat":[14],"product_tag":[1059,1061,1060],"_links":{"self":[{"href":"https:\/\/www.bazarmerlin.com\/inicio\/wp-json\/wp\/v2\/product\/1694"}],"collection":[{"href":"https:\/\/www.bazarmerlin.com\/inicio\/wp-json\/wp\/v2\/product"}],"about":[{"href":"https:\/\/www.bazarmerlin.com\/inicio\/wp-json\/wp\/v2\/types\/product"}],"wp:featuredmedia":[{"embeddable":true,"href":"https:\/\/www.bazarmerlin.com\/inicio\/wp-json\/wp\/v2\/media\/10130"}],"wp:attachment":[{"href":"https:\/\/www.bazarmerlin.com\/inicio\/wp-json\/wp\/v2\/media?parent=1694"}],"wp:term":[{"taxonomy":"product_cat","embeddable":true,"href":"https:\/\/www.bazarmerlin.com\/inicio\/wp-json\/wp\/v2\/product_cat?post=1694"},{"taxonomy":"product_tag","embeddable":true,"href":"https:\/\/www.bazarmerlin.com\/inicio\/wp-json\/wp\/v2\/product_tag?post=1694"}],"curies":[{"name":"wp","href":"https:\/\/api.w.org\/{rel}","templated":true}]}}