{"id":170,"date":"2015-06-20T18:10:03","date_gmt":"2015-06-20T18:10:03","guid":{"rendered":"https:\/\/www.bazarmerlin.com\/inicio\/?post_type=product&#038;p=170"},"modified":"2024-02-09T21:39:57","modified_gmt":"2024-02-09T21:39:57","slug":"varillas-de-radiestesia-y-libro-sobre-su-uso-y-beneficios","status":"publish","type":"product","link":"https:\/\/www.bazarmerlin.com\/inicio\/producto\/varillas-de-radiestesia-y-libro-sobre-su-uso-y-beneficios\/","title":{"rendered":"Varillas De Radiestesia Y Libro Sobre Su Uso Y Beneficios"},"content":{"rendered":"<p><strong>VARILLAS DE RADIESTESIA EN BA\u00d1O COBRE Y LATON<\/strong><br \/>\n<strong>INCLUYE LIBRO INTRODUCCI\u00d3N A LA RADIESTESIA.<\/strong><\/p>\n<p>VARILLAS DE EXCELENTE CALIDAD<\/p>\n<p>En el libro se explica de manera muy clara y sencilla:<\/p>\n<p>*QU\u00c9 ES LA RADI\u00d3NICA.<br \/>\n*QU\u00c9 ES LA RADIESTESIA.<br \/>\n*USO Y BENEFICIOS DEL P\u00c9NDULO Y LAS VARILLAS DE RADIESTESIA.<br \/>\n*MEDITACI\u00d3N.<\/p>\n<p>LAS VARILLAS DE RADIESTESIA de mangos de cobre y varas de Lat\u00f3n,<br \/>\nsirven para medir energ\u00eda.<\/p>\n<p>*Se usan para detecci\u00f3n en terrenos, casas y edificios.<br \/>\nPueden determinar LA LOCALIZACI\u00d3N DE TESOROS OCULTOS, AGUA, OBJETOS PERDIDOS. Tambi\u00e9n se han usado exitosamente para detectar PETR\u00d3LEO y MINERALES.<\/p>\n<p>La radiestesia se basa en la idea de que cada cuerpo emite est\u00edmulos el\u00e9ctricos, electromagn\u00e9ticos y radiaciones que pueden ser captadas con la ayuda de instrumentos como LAS VARILLAS, que actuar\u00edan a modo de amplificador de las capacidades de recepci\u00f3n de la persona que los maneja.<\/p>\n<p>El radiestesista, tambi\u00e9n llamado rabdomante y m\u00e1s com\u00fanmente zahor\u00ed, afirma que gracias a la ayuda de estos instrumentos simples, sostenidos en sus manos, puede detectar cambios electromagn\u00e9ticos a cualquier profundidad, como corrientes de agua, l\u00edneas de energ\u00eda, minerales, etc.<\/p>\n<p>Por supuesto BUSCAR ORO usando esta t\u00e9cnica parece una alternativa bastante interesante. De hecho la radiestesia surgi\u00f3 probablemente durante el siglo XV en Alemania con el objetivo de buscar y localizar metales. A lo largo de su historia ha sido considerada brujer\u00eda, superstici\u00f3n e incluso una pr\u00e1ctica sat\u00e1nica.<\/p>\n<p>Hoy en d\u00eda uno de los principales usos de esta t\u00e9cnica, quiz\u00e1 el de m\u00e1s larga tradici\u00f3n, es encontrar manantiales de agua subterr\u00e1neos. Esta actividad es realizada por los zahor\u00edes, quienes aseguran ser capaces de encontrar los sitios m\u00e1s favorables para la excavaci\u00f3n de pozos.<\/p>\n<p>El zahor\u00ed emplea, por lo general, unas varillas met\u00e1licas o bien un p\u00e9ndulo. la sostienen en una determinada postura con sus manos mientras recorren el terreno hasta detectar los movimientos de la misma que les indicar\u00edan la presencia del elemento buscado, normalmente agua o ORO<\/p>\n<p>Para buscar ORO se suelen usar varillas sobre el propio terreno e incluso se puede usar un p\u00e9ndulo sobre un mapa de la zona para determinar el lugar adecuado para empezar a buscar.<\/p>\n<p>*Tambi\u00e9n se usan para DETECTAR BLOQUEOS ENERG\u00c9TICOS en personas. Se pueden emplear para MEDIR CADA CHAKRA, y localizar si est\u00e1n bloqueados o si la energ\u00eda est\u00e1 circulando libremente por ellos.<\/p>\n<p>VARILLAS DE RADIESTESIA EN BA\u00d1O COBRE Y LATON<br \/>\nINCLUYE LIBRO INTRODUCCI\u00d3N A LA RADIESTESIA.<\/p>\n<p>&nbsp;<\/p>\n<p>&nbsp;<\/p>\n<p><strong>BAZAR MERLIN<\/strong><br \/>\n<strong>El Lugar M\u00e1s M\u00edstico de Guadalajara<\/strong><br \/>\n<strong>ENVIAMOS A TODO M\u00c9XICO\u2026<\/strong><\/p>\n<!-- AddThis Advanced Settings generic via filter on the_content --><!-- AddThis Share Buttons generic via filter on the_content -->","protected":false},"excerpt":{"rendered":"<p>VARILLAS DE RADIESTESIA EN BA\u00d1O COBRE Y LATON INCLUYE LIBRO INTRODUCCI\u00d3N A LA RADIESTESIA. VARILLAS DE EXCELENTE CALIDAD En el libro se explica de manera muy clara y sencilla: *QU\u00c9 ES LA RADI\u00d3NICA. *QU\u00c9 ES LA RADIESTESIA. *USO Y BENEFICIOS DEL P\u00c9NDULO Y LAS VARILLAS DE RADIESTESIA. *MEDITACI\u00d3N. LAS VARILLAS DE RADIESTESIA de mangos de&hellip;<!-- AddThis Advanced Settings generic via filter on get_the_excerpt --><!-- AddThis Share Buttons generic via filter on get_the_excerpt --><\/p>\n","protected":false},"featured_media":11289,"template":"","meta":[],"product_cat":[21],"product_tag":[442],"_links":{"self":[{"href":"https:\/\/www.bazarmerlin.com\/inicio\/wp-json\/wp\/v2\/product\/170"}],"collection":[{"href":"https:\/\/www.bazarmerlin.com\/inicio\/wp-json\/wp\/v2\/product"}],"about":[{"href":"https:\/\/www.bazarmerlin.com\/inicio\/wp-json\/wp\/v2\/types\/product"}],"wp:featuredmedia":[{"embeddable":true,"href":"https:\/\/www.bazarmerlin.com\/inicio\/wp-json\/wp\/v2\/media\/11289"}],"wp:attachment":[{"href":"https:\/\/www.bazarmerlin.com\/inicio\/wp-json\/wp\/v2\/media?parent=170"}],"wp:term":[{"taxonomy":"product_cat","embeddable":true,"href":"https:\/\/www.bazarmerlin.com\/inicio\/wp-json\/wp\/v2\/product_cat?post=170"},{"taxonomy":"product_tag","embeddable":true,"href":"https:\/\/www.bazarmerlin.com\/inicio\/wp-json\/wp\/v2\/product_tag?post=170"}],"curies":[{"name":"wp","href":"https:\/\/api.w.org\/{rel}","templated":true}]}}