{"id":1700,"date":"2015-07-18T00:01:03","date_gmt":"2015-07-18T00:01:03","guid":{"rendered":"https:\/\/www.bazarmerlin.com\/inicio\/?post_type=product&#038;p=1700"},"modified":"2022-11-24T00:30:29","modified_gmt":"2022-11-24T00:30:29","slug":"veladora-amarre-de-manos-corta-de-tajo-envidias","status":"publish","type":"product","link":"https:\/\/www.bazarmerlin.com\/inicio\/producto\/veladora-amarre-de-manos-corta-de-tajo-envidias\/","title":{"rendered":"Veladora Amarre De Manos &#8211; Corta De Tajo Envidias"},"content":{"rendered":"<p><strong>VELADORA AMARRE DE MANOS<\/strong><\/p>\n<p>&nbsp;<\/p>\n<p>VELADORA PARA APLACAR A CUALQUIER PERSONA QUE SE INTERPONGA ENTRE NOSOTROS Y NUESTRO OBJETIVOS.<\/p>\n<p>Esta veladora es ideal para cortar de tajos las envidias, retener las malas acciones de quien quisiera a ti da\u00f1ar o aun familia..<\/p>\n<p>L\u00edbrese de envidias m\u00faltiples y malas voluntades<br \/>\n\u00dasela con mucha fe.<\/p>\n<p>Enciende esta veladora y obtendr\u00e1s en tu vida<br \/>\nTRIUNFO, FORTUNA Y PROTECCI\u00d3N.<\/p>\n<p>VELADORA AMARRE DE MANOS.<\/p>\n<p>&nbsp;<\/p>\n<p>&nbsp;<\/p>\n<p><strong>BAZAR MERLIN<\/strong><br \/>\n<strong>El Lugar M\u00e1s M\u00edstico de Guadalajara<\/strong><br \/>\n<strong>ENVIAMOS A TODO M\u00c9XICO<\/strong><\/p>\n<!-- AddThis Advanced Settings generic via filter on the_content --><!-- AddThis Share Buttons generic via filter on the_content -->","protected":false},"excerpt":{"rendered":"<p>VELADORA AMARRE DE MANOS &nbsp; VELADORA PARA APLACAR A CUALQUIER PERSONA QUE SE INTERPONGA ENTRE NOSOTROS Y NUESTRO OBJETIVOS. Esta veladora es ideal para cortar de tajos las envidias, retener las malas acciones de quien quisiera a ti da\u00f1ar o aun familia.. L\u00edbrese de envidias m\u00faltiples y malas voluntades \u00dasela con mucha fe. Enciende esta&hellip;<!-- AddThis Advanced Settings generic via filter on get_the_excerpt --><!-- AddThis Share Buttons generic via filter on get_the_excerpt --><\/p>\n","protected":false},"featured_media":10818,"template":"","meta":[],"product_cat":[19],"product_tag":[1067,1066],"_links":{"self":[{"href":"https:\/\/www.bazarmerlin.com\/inicio\/wp-json\/wp\/v2\/product\/1700"}],"collection":[{"href":"https:\/\/www.bazarmerlin.com\/inicio\/wp-json\/wp\/v2\/product"}],"about":[{"href":"https:\/\/www.bazarmerlin.com\/inicio\/wp-json\/wp\/v2\/types\/product"}],"wp:featuredmedia":[{"embeddable":true,"href":"https:\/\/www.bazarmerlin.com\/inicio\/wp-json\/wp\/v2\/media\/10818"}],"wp:attachment":[{"href":"https:\/\/www.bazarmerlin.com\/inicio\/wp-json\/wp\/v2\/media?parent=1700"}],"wp:term":[{"taxonomy":"product_cat","embeddable":true,"href":"https:\/\/www.bazarmerlin.com\/inicio\/wp-json\/wp\/v2\/product_cat?post=1700"},{"taxonomy":"product_tag","embeddable":true,"href":"https:\/\/www.bazarmerlin.com\/inicio\/wp-json\/wp\/v2\/product_tag?post=1700"}],"curies":[{"name":"wp","href":"https:\/\/api.w.org\/{rel}","templated":true}]}}