{"id":1702,"date":"2015-07-18T00:03:22","date_gmt":"2015-07-18T00:03:22","guid":{"rendered":"https:\/\/www.bazarmerlin.com\/inicio\/?post_type=product&#038;p=1702"},"modified":"2022-12-16T22:43:08","modified_gmt":"2022-12-16T22:43:08","slug":"el-monte-santeria-lidia-cabrera-641-paginas","status":"publish","type":"product","link":"https:\/\/www.bazarmerlin.com\/inicio\/producto\/el-monte-santeria-lidia-cabrera-641-paginas\/","title":{"rendered":"El Monte &#8211; Santeria &#8211; Lidia Cabrera"},"content":{"rendered":"<p><strong>EL MONTE<\/strong><br \/>\n<strong>LIBRO FUNDAMENTAL SOBRE LA SANTER\u00cdA EN CUBA Y AM\u00c9RICA<\/strong><\/p>\n<p>&nbsp;<\/p>\n<p>Lidia Cabrera.<\/p>\n<p>&#8220;Vibraciones que caracterizan la sociolog\u00eda de un pueblo, su magia<br \/>\nsus leyendas y sus antepasados.<\/p>\n<p>Modo de pensar y de actuar que se integra a una cosmogon\u00eda de g\u00e9nesis y simbiosis descubierta en relaci\u00f3n a la tierra &#8211; madre, \u00e1rbol &#8211; pueblo, oculta en el monte cubano.<\/p>\n<p>Mucho hay de este libro de esa rama dorada de Frazer:<br \/>\nAmbos vienen de ser un fant\u00e1stico regreso a los or\u00edgenes del hombre, dado a trav\u00e9s de la humanizaci\u00f3n de la naturaleza, alcanzada en un proceso de reencuentros entre las culturas m\u00e1s remotas<\/p>\n<p>Desde El Monte, el pensamiento m\u00edstico de nuestro pueblo y sus leyendas -a\u00fan tangibles- se insertan en la mitolog\u00eda universal&#8230;<\/p>\n<p>Solo por este hecho merece ser reconocido como un cl\u00e1sico de la literatura cubana<\/p>\n<p>&nbsp;<\/p>\n<p>&nbsp;<\/p>\n<p><strong>BAZAR MERLIN<\/strong><br \/>\n<strong>El Lugar M\u00e1s M\u00edstico de Guadalajara<\/strong><br \/>\n<strong>ENVIAMOS A TODO M\u00c9XICO\u2026<\/strong><\/p>\n<!-- AddThis Advanced Settings generic via filter on the_content --><!-- AddThis Share Buttons generic via filter on the_content -->","protected":false},"excerpt":{"rendered":"<p>EL MONTE LIBRO FUNDAMENTAL SOBRE LA SANTER\u00cdA EN CUBA Y AM\u00c9RICA &nbsp; Lidia Cabrera. &#8220;Vibraciones que caracterizan la sociolog\u00eda de un pueblo, su magia sus leyendas y sus antepasados. Modo de pensar y de actuar que se integra a una cosmogon\u00eda de g\u00e9nesis y simbiosis descubierta en relaci\u00f3n a la tierra &#8211; madre, \u00e1rbol &#8211;&hellip;<!-- AddThis Advanced Settings generic via filter on get_the_excerpt --><!-- AddThis Share Buttons generic via filter on get_the_excerpt --><\/p>\n","protected":false},"featured_media":11130,"template":"","meta":[],"product_cat":[13],"product_tag":[1068,1069,64],"_links":{"self":[{"href":"https:\/\/www.bazarmerlin.com\/inicio\/wp-json\/wp\/v2\/product\/1702"}],"collection":[{"href":"https:\/\/www.bazarmerlin.com\/inicio\/wp-json\/wp\/v2\/product"}],"about":[{"href":"https:\/\/www.bazarmerlin.com\/inicio\/wp-json\/wp\/v2\/types\/product"}],"wp:featuredmedia":[{"embeddable":true,"href":"https:\/\/www.bazarmerlin.com\/inicio\/wp-json\/wp\/v2\/media\/11130"}],"wp:attachment":[{"href":"https:\/\/www.bazarmerlin.com\/inicio\/wp-json\/wp\/v2\/media?parent=1702"}],"wp:term":[{"taxonomy":"product_cat","embeddable":true,"href":"https:\/\/www.bazarmerlin.com\/inicio\/wp-json\/wp\/v2\/product_cat?post=1702"},{"taxonomy":"product_tag","embeddable":true,"href":"https:\/\/www.bazarmerlin.com\/inicio\/wp-json\/wp\/v2\/product_tag?post=1702"}],"curies":[{"name":"wp","href":"https:\/\/api.w.org\/{rel}","templated":true}]}}