{"id":1707,"date":"2015-07-18T19:52:44","date_gmt":"2015-07-18T19:52:44","guid":{"rendered":"https:\/\/www.bazarmerlin.com\/inicio\/?post_type=product&#038;p=1707"},"modified":"2024-07-22T19:58:25","modified_gmt":"2024-07-22T19:58:25","slug":"feromonas-originales-te-haran-irresistible-desde-la-1-semana","status":"publish","type":"product","link":"https:\/\/www.bazarmerlin.com\/inicio\/producto\/feromonas-originales-te-haran-irresistible-desde-la-1-semana\/","title":{"rendered":"Feromonas Reforzadas &#8211; Te Har\u00e1n Irresistible Al Sexo Opuesto"},"content":{"rendered":"<p><strong>FEROMONAS REFORZADAS<\/strong><br \/>\n<strong>TE HAR\u00c1N IRRESISTIBLE AL SEXO OPUESTO<\/strong><\/p>\n<p>&nbsp;<\/p>\n<p>HOMBRE Y MUJER La forma m\u00e1s f\u00e1cil de que no se te resista ninguna mujer o ning\u00fan hombre.<\/p>\n<p>FEROMONAS PARA HOMBRE IMPOSIBLE RESISTIRSE<\/p>\n<p>\u00bfQUE SON LA FEROMONAS? Feromona es una palabra que deriva de dos palabras griegas: pheran (transferir) y horman (excitar). Esta sustancia es la que producen los difer- entes especies del Reino Animal, incluidos los seres humanos. Las feromonas ciertamente afectan el comportamiento reproductivo entre individuos de la misma especie, y act\u00faa incluso a distancia. En materia sexual la gente suele creer que solo la belleza exterior y la sensualidad eran la verdadera clave para ser personas irresistibles por parte del sexo opuesto. Obviamente, eso puede colaborar. Pero, seg\u00fan se puede comprobar el atractivo sexual en realidad se debe al efecto causado por las feromonas.<\/p>\n<p>FEROMONAS PARA MUJER IMPOSIBLE RESISTIRSE<\/p>\n<p>Lo cierto es que las FEROMONAS SI funcionan y son altamente Efectivas. Est\u00e1 comprobado que la influencia de las feromonas producen una reacci\u00f3n sexual de manera inconciente..Obviamente, no se trata de un producto m\u00e1gico a trav\u00e9s del cual, pos el solo hecho de usarlas, las mujeres se rendir\u00e1n a sus pies, dado que los seres humanos contamos con un alto nivel de raciocinio y capaci- dad de controlar nuestros impulsos sexuales. Las Feromonas, en la naturaleza, son se\u00f1ales qu\u00edmicas elaboradas por gl\u00e1ndu- las sexuales y como resultado, estimulan la atracci\u00f3n sexual. En el caso de nue- stro producto, sintetizado en laboratorios biotecnol\u00f3gicos, las feromonas huma- nas producen una respuesta a las personas del sexo opuesto. E incluso, entre seres de igual sexo, potenci\u00e1ndose inmensamente en aquellos casos que el individuo tiene inclinaciones sexuales por personas del mismo sexo. Es decir, disponemos de feromonas atraccion irresistible para mu- jeres, para hombres y para gays.<\/p>\n<p>&nbsp;<\/p>\n<p>\u00bfNo cree que es m\u00e1s caro estar solo?<\/p>\n<p>&nbsp;<\/p>\n<p>&nbsp;<\/p>\n<p><strong>BAZAR MERLIN<\/strong><br \/>\n<strong>El Lugar M\u00e1s M\u00edstico de Guadalajara<\/strong><br \/>\n<strong>ENVIAMOS A TODO M\u00c9XICO&#8230;<\/strong><\/p>\n<!-- AddThis Advanced Settings generic via filter on the_content --><!-- AddThis Share Buttons generic via filter on the_content -->","protected":false},"excerpt":{"rendered":"<p>FEROMONAS REFORZADAS TE HAR\u00c1N IRRESISTIBLE AL SEXO OPUESTO &nbsp; HOMBRE Y MUJER La forma m\u00e1s f\u00e1cil de que no se te resista ninguna mujer o ning\u00fan hombre. FEROMONAS PARA HOMBRE IMPOSIBLE RESISTIRSE \u00bfQUE SON LA FEROMONAS? Feromona es una palabra que deriva de dos palabras griegas: pheran (transferir) y horman (excitar). Esta sustancia es la&hellip;<!-- AddThis Advanced Settings generic via filter on get_the_excerpt --><!-- AddThis Share Buttons generic via filter on get_the_excerpt --><\/p>\n","protected":false},"featured_media":11295,"template":"","meta":[],"product_cat":[17],"product_tag":[1070,1071],"_links":{"self":[{"href":"https:\/\/www.bazarmerlin.com\/inicio\/wp-json\/wp\/v2\/product\/1707"}],"collection":[{"href":"https:\/\/www.bazarmerlin.com\/inicio\/wp-json\/wp\/v2\/product"}],"about":[{"href":"https:\/\/www.bazarmerlin.com\/inicio\/wp-json\/wp\/v2\/types\/product"}],"wp:featuredmedia":[{"embeddable":true,"href":"https:\/\/www.bazarmerlin.com\/inicio\/wp-json\/wp\/v2\/media\/11295"}],"wp:attachment":[{"href":"https:\/\/www.bazarmerlin.com\/inicio\/wp-json\/wp\/v2\/media?parent=1707"}],"wp:term":[{"taxonomy":"product_cat","embeddable":true,"href":"https:\/\/www.bazarmerlin.com\/inicio\/wp-json\/wp\/v2\/product_cat?post=1707"},{"taxonomy":"product_tag","embeddable":true,"href":"https:\/\/www.bazarmerlin.com\/inicio\/wp-json\/wp\/v2\/product_tag?post=1707"}],"curies":[{"name":"wp","href":"https:\/\/api.w.org\/{rel}","templated":true}]}}