{"id":1712,"date":"2015-07-20T16:36:32","date_gmt":"2015-07-20T16:36:32","guid":{"rendered":"https:\/\/www.bazarmerlin.com\/inicio\/?post_type=product&#038;p=1712"},"modified":"2025-05-24T02:00:57","modified_gmt":"2025-05-24T02:00:57","slug":"salmos-curativos-sanarse-con-la-palabra-divina","status":"publish","type":"product","link":"https:\/\/www.bazarmerlin.com\/inicio\/producto\/salmos-curativos-sanarse-con-la-palabra-divina\/","title":{"rendered":"Salmos Curativos &#8211; Sanarse Con La Palabra Divina"},"content":{"rendered":"<p><strong>LIBRO DE SALMOS CURATIVOS<\/strong><br \/>\n<strong>COMO SANARSE CON LA PALABRA DIVINA.<\/strong><\/p>\n<p>&nbsp;<\/p>\n<p>\u00bfQu\u00e9 oraci\u00f3n se debe rezar para sanar cada dolencia?<\/p>\n<p>Texto Original y Completo de los Salmos de la Biblia<\/p>\n<p>Cu\u00e1ndo y d\u00f3nde pronunciar las oraciones para que sean m\u00e1s efectivas.<\/p>\n<p>Preparaci\u00f3n y uso de aceites consagrados.<\/p>\n<p>&nbsp;<\/p>\n<p>&nbsp;<\/p>\n<p><strong>BAZAR MERL\u00cdN<\/strong><br \/>\n<strong>El Lugar M\u00e1s M\u00edstico de Guadalajara<\/strong><br \/>\n<strong>ENVIAMOS A TODO M\u00c9XICO<\/strong><\/p>\n<!-- AddThis Advanced Settings generic via filter on the_content --><!-- AddThis Share Buttons generic via filter on the_content -->","protected":false},"excerpt":{"rendered":"<p>LIBRO DE SALMOS CURATIVOS COMO SANARSE CON LA PALABRA DIVINA. &nbsp; \u00bfQu\u00e9 oraci\u00f3n se debe rezar para sanar cada dolencia? Texto Original y Completo de los Salmos de la Biblia Cu\u00e1ndo y d\u00f3nde pronunciar las oraciones para que sean m\u00e1s efectivas. Preparaci\u00f3n y uso de aceites consagrados. &nbsp; &nbsp; BAZAR MERL\u00cdN El Lugar M\u00e1s M\u00edstico&hellip;<!-- AddThis Advanced Settings generic via filter on get_the_excerpt --><!-- AddThis Share Buttons generic via filter on get_the_excerpt --><\/p>\n","protected":false},"featured_media":11235,"template":"","meta":[],"product_cat":[13],"product_tag":[1072,1073],"_links":{"self":[{"href":"https:\/\/www.bazarmerlin.com\/inicio\/wp-json\/wp\/v2\/product\/1712"}],"collection":[{"href":"https:\/\/www.bazarmerlin.com\/inicio\/wp-json\/wp\/v2\/product"}],"about":[{"href":"https:\/\/www.bazarmerlin.com\/inicio\/wp-json\/wp\/v2\/types\/product"}],"wp:featuredmedia":[{"embeddable":true,"href":"https:\/\/www.bazarmerlin.com\/inicio\/wp-json\/wp\/v2\/media\/11235"}],"wp:attachment":[{"href":"https:\/\/www.bazarmerlin.com\/inicio\/wp-json\/wp\/v2\/media?parent=1712"}],"wp:term":[{"taxonomy":"product_cat","embeddable":true,"href":"https:\/\/www.bazarmerlin.com\/inicio\/wp-json\/wp\/v2\/product_cat?post=1712"},{"taxonomy":"product_tag","embeddable":true,"href":"https:\/\/www.bazarmerlin.com\/inicio\/wp-json\/wp\/v2\/product_tag?post=1712"}],"curies":[{"name":"wp","href":"https:\/\/api.w.org\/{rel}","templated":true}]}}