{"id":1720,"date":"2015-07-20T16:52:26","date_gmt":"2015-07-20T16:52:26","guid":{"rendered":"https:\/\/www.bazarmerlin.com\/inicio\/?post_type=product&#038;p=1720"},"modified":"2022-12-07T22:08:34","modified_gmt":"2022-12-07T22:08:34","slug":"magico-perfume-amarre-total-atraer-hombres-a-tu-vida","status":"publish","type":"product","link":"https:\/\/www.bazarmerlin.com\/inicio\/producto\/magico-perfume-amarre-total-atraer-hombres-a-tu-vida\/","title":{"rendered":"M\u00e1gico Perfume Amarre Total &#8211; Atraer Hombres A T\u00fa Vida"},"content":{"rendered":"<h3><strong>PERFUME VENEZOLANO AMARRE TOTAL<\/strong><br \/>\n<strong>*PASI\u00d3N *ATRACCI\u00d3N *DOMINIO<\/strong><\/h3>\n<p>&nbsp;<\/p>\n<p>Especialmente preparado con ESENCIAS M\u00cdSTICAS para dominar y<br \/>\natraer el amor O TENER SUERTE CON EL HOMBRE QUE DESEAS.<\/p>\n<p>Apl\u00edcalo todos los d\u00edas y notar\u00e1s que SER\u00c1S IRRESISTIBLE ANTE TU PAREJA O ANTE LOS DEM\u00c1S HOMBRES<\/p>\n<p>APLICALO Y LOGRA ATRACCI\u00d3N<\/p>\n<p>PERFUME VENEZOLANO AMARRE TOTAL<br \/>\n*PASI\u00d3N *ATRACCI\u00d3N *DOMINIO<\/p>\n<p>&nbsp;<\/p>\n<p>&nbsp;<\/p>\n<p><strong>BAZAR MERLIN<\/strong><br \/>\n<strong>El Lugar M\u00e1s M\u00edstico de Guadalajara<\/strong><br \/>\n<strong>ENVIAMOS A TODO M\u00c9XICO <\/strong><\/p>\n<!-- AddThis Advanced Settings generic via filter on the_content --><!-- AddThis Share Buttons generic via filter on the_content -->","protected":false},"excerpt":{"rendered":"<p>PERFUME VENEZOLANO AMARRE TOTAL *PASI\u00d3N *ATRACCI\u00d3N *DOMINIO &nbsp; Especialmente preparado con ESENCIAS M\u00cdSTICAS para dominar y atraer el amor O TENER SUERTE CON EL HOMBRE QUE DESEAS. Apl\u00edcalo todos los d\u00edas y notar\u00e1s que SER\u00c1S IRRESISTIBLE ANTE TU PAREJA O ANTE LOS DEM\u00c1S HOMBRES APLICALO Y LOGRA ATRACCI\u00d3N PERFUME VENEZOLANO AMARRE TOTAL *PASI\u00d3N *ATRACCI\u00d3N *DOMINIO&hellip;<!-- AddThis Advanced Settings generic via filter on get_the_excerpt --><!-- AddThis Share Buttons generic via filter on get_the_excerpt --><\/p>\n","protected":false},"featured_media":10998,"template":"","meta":[],"product_cat":[20],"product_tag":[1075,1074],"_links":{"self":[{"href":"https:\/\/www.bazarmerlin.com\/inicio\/wp-json\/wp\/v2\/product\/1720"}],"collection":[{"href":"https:\/\/www.bazarmerlin.com\/inicio\/wp-json\/wp\/v2\/product"}],"about":[{"href":"https:\/\/www.bazarmerlin.com\/inicio\/wp-json\/wp\/v2\/types\/product"}],"wp:featuredmedia":[{"embeddable":true,"href":"https:\/\/www.bazarmerlin.com\/inicio\/wp-json\/wp\/v2\/media\/10998"}],"wp:attachment":[{"href":"https:\/\/www.bazarmerlin.com\/inicio\/wp-json\/wp\/v2\/media?parent=1720"}],"wp:term":[{"taxonomy":"product_cat","embeddable":true,"href":"https:\/\/www.bazarmerlin.com\/inicio\/wp-json\/wp\/v2\/product_cat?post=1720"},{"taxonomy":"product_tag","embeddable":true,"href":"https:\/\/www.bazarmerlin.com\/inicio\/wp-json\/wp\/v2\/product_tag?post=1720"}],"curies":[{"name":"wp","href":"https:\/\/api.w.org\/{rel}","templated":true}]}}