{"id":1728,"date":"2015-07-20T17:04:33","date_gmt":"2015-07-20T17:04:33","guid":{"rendered":"https:\/\/www.bazarmerlin.com\/inicio\/?post_type=product&#038;p=1728"},"modified":"2024-03-25T23:05:05","modified_gmt":"2024-03-25T23:05:05","slug":"poder-mistico-perfume-atrayente","status":"publish","type":"product","link":"https:\/\/www.bazarmerlin.com\/inicio\/producto\/poder-mistico-perfume-atrayente\/","title":{"rendered":"Perfume Poder M\u00edstico &#8211; \u00danico Con Feromonas S\u00faperconcentrada"},"content":{"rendered":"<p><strong>PERFUME PODER M\u00cdSTICO<\/strong><\/p>\n<p>-Con Feromonas s\u00faper Concentradas-<\/p>\n<p>\u00bfQuieres Conseguir Pareja?<\/p>\n<p>\u00bfNo Quieres Estar Solo?<\/p>\n<p>Tu Mejor opci\u00f3n y el que te sacara de apuros es este Poderoso Perfume para SEDUCIR AL SEXO OPUESTO, ya que es EL PERFUME con FEROMONAS MAS PODEROSO para conseguir pareja.<\/p>\n<p>LAS FEROMONAS son mol\u00e9culas biol\u00f3gicas que sirven como una forma de comunicaci\u00f3n qu\u00edmica entre 2 animales de la misma especie. En muchos animales, y tambi\u00e9n en la especie humana, las feromonas despiertan autom\u00e1ticamente el impulso sexual. Normalmente son segregados en la piel y se dispersan por el aire, ya que son vol\u00e1tiles. Sus efectos se sienten al ser inhaladas.<\/p>\n<p>Son sustancias muy potentes, cantidades casi inapreciables provocan reacciones muy intensas. Hay un \u00f3rgano especial en la nariz llamado \u00f3rgano vomeronasal que esta dedicado a detectar feromonas y afecta al hipot\u00e1lamo, un lugar central del cerebro responsable de cambios hormonales y funciones biol\u00f3gicas b\u00e1sicas. Las feromonas afectan al cerebro incluso sin ser detectadas por el olfato.<\/p>\n<p>&nbsp;<\/p>\n<p>&nbsp;<\/p>\n<p><strong>BAZAR MERLIN\u00ae<\/strong><br \/>\n<strong>El Lugar M\u00e1s M\u00edstico de Guadalajara<\/strong><br \/>\n<strong>ENVIAMOS A TODO M\u00c9XICO<\/strong><\/p>\n<!-- AddThis Advanced Settings generic via filter on the_content --><!-- AddThis Share Buttons generic via filter on the_content -->","protected":false},"excerpt":{"rendered":"<p>PERFUME PODER M\u00cdSTICO -Con Feromonas s\u00faper Concentradas- \u00bfQuieres Conseguir Pareja? \u00bfNo Quieres Estar Solo? Tu Mejor opci\u00f3n y el que te sacara de apuros es este Poderoso Perfume para SEDUCIR AL SEXO OPUESTO, ya que es EL PERFUME con FEROMONAS MAS PODEROSO para conseguir pareja. LAS FEROMONAS son mol\u00e9culas biol\u00f3gicas que sirven como una forma&hellip;<!-- AddThis Advanced Settings generic via filter on get_the_excerpt --><!-- AddThis Share Buttons generic via filter on get_the_excerpt --><\/p>\n","protected":false},"featured_media":8282,"template":"","meta":[],"product_cat":[17],"product_tag":[1079,1080],"_links":{"self":[{"href":"https:\/\/www.bazarmerlin.com\/inicio\/wp-json\/wp\/v2\/product\/1728"}],"collection":[{"href":"https:\/\/www.bazarmerlin.com\/inicio\/wp-json\/wp\/v2\/product"}],"about":[{"href":"https:\/\/www.bazarmerlin.com\/inicio\/wp-json\/wp\/v2\/types\/product"}],"wp:featuredmedia":[{"embeddable":true,"href":"https:\/\/www.bazarmerlin.com\/inicio\/wp-json\/wp\/v2\/media\/8282"}],"wp:attachment":[{"href":"https:\/\/www.bazarmerlin.com\/inicio\/wp-json\/wp\/v2\/media?parent=1728"}],"wp:term":[{"taxonomy":"product_cat","embeddable":true,"href":"https:\/\/www.bazarmerlin.com\/inicio\/wp-json\/wp\/v2\/product_cat?post=1728"},{"taxonomy":"product_tag","embeddable":true,"href":"https:\/\/www.bazarmerlin.com\/inicio\/wp-json\/wp\/v2\/product_tag?post=1728"}],"curies":[{"name":"wp","href":"https:\/\/api.w.org\/{rel}","templated":true}]}}