{"id":1730,"date":"2015-07-20T17:07:04","date_gmt":"2015-07-20T17:07:04","guid":{"rendered":"https:\/\/www.bazarmerlin.com\/inicio\/?post_type=product&#038;p=1730"},"modified":"2022-12-30T00:19:51","modified_gmt":"2022-12-30T00:19:51","slug":"feromonas-para-mujer-miel-de-placer-originales","status":"publish","type":"product","link":"https:\/\/www.bazarmerlin.com\/inicio\/producto\/feromonas-para-mujer-miel-de-placer-originales\/","title":{"rendered":"Feromonas Para Mujer &#8211; Miel De Placer &#8211; Super Reforzadas"},"content":{"rendered":"<p><strong>MIEL DE PLACER ELLAS.<\/strong><br \/>\n<strong>FEROMONAS SUPER CONCENTRADAS.<\/strong><\/p>\n<p>&nbsp;<\/p>\n<p>Sirve como atrayente&#8230; Hecho con finas mezclas de aceites esenciales que liberan la potencia natural de las Feromonas, aumentando la atracci\u00f3n sexual y la pasi\u00f3n.<\/p>\n<p>Viene ritualizada presentaci\u00f3n 10 ml&#8230;<\/p>\n<p>&nbsp;<\/p>\n<p>&nbsp;<\/p>\n<p>&nbsp;<\/p>\n<p><strong>BAZAR MERLIN<\/strong><br \/>\n<strong>El Lugar M\u00e1s M\u00edstico de Guadalajara<\/strong><br \/>\n<strong>ENVIAMOS A TODO M\u00c9XICO<\/strong><\/p>\n<!-- AddThis Advanced Settings generic via filter on the_content --><!-- AddThis Share Buttons generic via filter on the_content -->","protected":false},"excerpt":{"rendered":"<p>MIEL DE PLACER ELLAS. FEROMONAS SUPER CONCENTRADAS. &nbsp; Sirve como atrayente&#8230; Hecho con finas mezclas de aceites esenciales que liberan la potencia natural de las Feromonas, aumentando la atracci\u00f3n sexual y la pasi\u00f3n. Viene ritualizada presentaci\u00f3n 10 ml&#8230; &nbsp; &nbsp; &nbsp; BAZAR MERLIN El Lugar M\u00e1s M\u00edstico de Guadalajara ENVIAMOS A TODO M\u00c9XICO<!-- AddThis Advanced Settings generic via filter on get_the_excerpt --><!-- AddThis Share Buttons generic via filter on get_the_excerpt --><\/p>\n","protected":false},"featured_media":9465,"template":"","meta":[],"product_cat":[17],"product_tag":[1081,1082,1083],"_links":{"self":[{"href":"https:\/\/www.bazarmerlin.com\/inicio\/wp-json\/wp\/v2\/product\/1730"}],"collection":[{"href":"https:\/\/www.bazarmerlin.com\/inicio\/wp-json\/wp\/v2\/product"}],"about":[{"href":"https:\/\/www.bazarmerlin.com\/inicio\/wp-json\/wp\/v2\/types\/product"}],"wp:featuredmedia":[{"embeddable":true,"href":"https:\/\/www.bazarmerlin.com\/inicio\/wp-json\/wp\/v2\/media\/9465"}],"wp:attachment":[{"href":"https:\/\/www.bazarmerlin.com\/inicio\/wp-json\/wp\/v2\/media?parent=1730"}],"wp:term":[{"taxonomy":"product_cat","embeddable":true,"href":"https:\/\/www.bazarmerlin.com\/inicio\/wp-json\/wp\/v2\/product_cat?post=1730"},{"taxonomy":"product_tag","embeddable":true,"href":"https:\/\/www.bazarmerlin.com\/inicio\/wp-json\/wp\/v2\/product_tag?post=1730"}],"curies":[{"name":"wp","href":"https:\/\/api.w.org\/{rel}","templated":true}]}}