{"id":1732,"date":"2015-07-20T17:09:21","date_gmt":"2015-07-20T17:09:21","guid":{"rendered":"https:\/\/www.bazarmerlin.com\/inicio\/?post_type=product&#038;p=1732"},"modified":"2023-08-29T05:18:59","modified_gmt":"2023-08-29T05:18:59","slug":"feromonas-para-hombre-miel-de-placer-reforzadas","status":"publish","type":"product","link":"https:\/\/www.bazarmerlin.com\/inicio\/producto\/feromonas-para-hombre-miel-de-placer-reforzadas\/","title":{"rendered":"Feromonas Hombre Miel De Placer &#8211; Vuelve Locas A Las Mujeres"},"content":{"rendered":"<p><strong>FEROMONAS ORIGINALES<\/strong><\/p>\n<p>&nbsp;<\/p>\n<p>MIEL DE AMOR ELLOS<br \/>\nQue SI FUNCIONAN porque SON SUPER CONCENTRADAS para atraer a cualquier MUJER POR MUY HERMOSA QUE SEA<\/p>\n<p>LA FORMA MAS F\u00c1CIL Y SENCILLA DE QUE NO SE TE RESISTA NINGUNA MUJER ya que estas FEROMONAS te ayudaran a LEVANTAR<br \/>\nTU ATRACTIVO AL 100% MAS desde la primera semana de uso \u00a1GARANTIZADO!<br \/>\n\u00bfNO TE GUSTARIA LLEGAR A CASA Y QUE TE RECIBAN CON LOS BRAZOS ABIERTOS?<\/p>\n<p>\u00bfQUE SON LAS FEROMONAS?<br \/>\nLas feromonas son mol\u00e9culas biol\u00f3gicas que sirven como una forma de comunicaci\u00f3n qu\u00edmica entre dos animales, y tambi\u00e9n en la especie humana, las feromonas despiertan autom\u00e1ticamente el impulso sexual.<br \/>\nNormalmente con sagregadas en la piel y se dispersan por el aire, ya que son vol\u00e1tiles.<br \/>\nSus efectos se sienten al ser inhalados. Son sustancias muy potente, cantidades casi inapreciables provocan reacciones muy intensas. Hay un \u00f3rgano muy especial en la nariz llamado \u00f3rgano vomeronasal (VNO) que esta dedicada \u00fanicamente a detectar feromonas y afecta al hipot\u00e1lamo, un lugar central del cerebro responsable de cambios hormonales y funciones biol\u00f3gicas b\u00e1sicas. Las feromonas afectan al cerebro incluso sin ser detectadas por el olfato.<\/p>\n<p>\u00bfNO TE GUSTAR\u00cdA TENER UNA BUENA COMPA\u00d1\u00cdA A TU LADO? FEROMONAS ORIGINALES<\/p>\n<p>&nbsp;<\/p>\n<p>&nbsp;<\/p>\n<p><strong>BAZAR MERLIN<\/strong><br \/>\n<strong>El Lugar M\u00e1s M\u00edstico de Guadalajara<\/strong><br \/>\n<strong>ENVIAMOS A TODO M\u00c9XICO<\/strong><\/p>\n<!-- AddThis Advanced Settings generic via filter on the_content --><!-- AddThis Share Buttons generic via filter on the_content -->","protected":false},"excerpt":{"rendered":"<p>FEROMONAS ORIGINALES &nbsp; MIEL DE AMOR ELLOS Que SI FUNCIONAN porque SON SUPER CONCENTRADAS para atraer a cualquier MUJER POR MUY HERMOSA QUE SEA LA FORMA MAS F\u00c1CIL Y SENCILLA DE QUE NO SE TE RESISTA NINGUNA MUJER ya que estas FEROMONAS te ayudaran a LEVANTAR TU ATRACTIVO AL 100% MAS desde la primera semana&hellip;<!-- AddThis Advanced Settings generic via filter on get_the_excerpt --><!-- AddThis Share Buttons generic via filter on get_the_excerpt --><\/p>\n","protected":false},"featured_media":11294,"template":"","meta":[],"product_cat":[17],"product_tag":[1084,1085],"_links":{"self":[{"href":"https:\/\/www.bazarmerlin.com\/inicio\/wp-json\/wp\/v2\/product\/1732"}],"collection":[{"href":"https:\/\/www.bazarmerlin.com\/inicio\/wp-json\/wp\/v2\/product"}],"about":[{"href":"https:\/\/www.bazarmerlin.com\/inicio\/wp-json\/wp\/v2\/types\/product"}],"wp:featuredmedia":[{"embeddable":true,"href":"https:\/\/www.bazarmerlin.com\/inicio\/wp-json\/wp\/v2\/media\/11294"}],"wp:attachment":[{"href":"https:\/\/www.bazarmerlin.com\/inicio\/wp-json\/wp\/v2\/media?parent=1732"}],"wp:term":[{"taxonomy":"product_cat","embeddable":true,"href":"https:\/\/www.bazarmerlin.com\/inicio\/wp-json\/wp\/v2\/product_cat?post=1732"},{"taxonomy":"product_tag","embeddable":true,"href":"https:\/\/www.bazarmerlin.com\/inicio\/wp-json\/wp\/v2\/product_tag?post=1732"}],"curies":[{"name":"wp","href":"https:\/\/api.w.org\/{rel}","templated":true}]}}