{"id":174,"date":"2015-06-20T18:16:36","date_gmt":"2015-06-20T18:16:36","guid":{"rendered":"https:\/\/www.bazarmerlin.com\/inicio\/?post_type=product&#038;p=174"},"modified":"2022-12-28T00:56:35","modified_gmt":"2022-12-28T00:56:35","slug":"pendulo-malaquita-facetado-3-cm-con-manual-de-uso","status":"publish","type":"product","link":"https:\/\/www.bazarmerlin.com\/inicio\/producto\/pendulo-malaquita-facetado-3-cm-con-manual-de-uso\/","title":{"rendered":"Pendulo Malaquita Facetado &#8211; 3 Cm Con Manual De Uso."},"content":{"rendered":"<p><strong>P\u00c9NDULO MALAQUITA FACETADO<\/strong><br \/>\n<strong>3 CM CON MANUAL DE USO.<\/strong><\/p>\n<p>&nbsp;<\/p>\n<p>Est\u00e1 vinculada con todos los chakras. Absorbe f\u00e1cilmente la energ\u00eda y es el secreto de su gran poder y tiene much\u00edsimas aplicaciones. Por esta caracter\u00edstica debe ser limpiada cuidadosamente despu\u00e9s de cada uso.<\/p>\n<p>Desde un punto de vista ps\u00edquico, sirve para equilibrar problemas de crisis emocionales o situaciones cr\u00edticas. En meditaci\u00f3n, para activar energ\u00edas, para esclarecer aspectos inconscientes. Puede ser la piedra del equilibrio. Se usa como canal para proyectar energ\u00edas dirigidas a un determinado objetivo y facilita la concentraci\u00f3n.<\/p>\n<p>La malaquilta es muy eficaz para superar las propias capacidades vitales, hallando los caminos m\u00e1s acertados y menos dif\u00edciles. Bloqueos energ\u00e9ticos, dolor, creatividad, cambio. Contra la inconstancia emocional. Contra el miedo a perder el control. Protecci\u00f3n del mal de ojo. Especialmente recomendada para los ni\u00f1os peque\u00f1os. Refleja y es espejo de lo que est\u00e1 en el interior. Canalizadora de energ\u00eda positiva<\/p>\n<p>EL PENDULO ES UN INSTRUMENTO DE RADIESTESIA QUE TE AYUDA A DETECTAR ENERG\u00cdAS POSITIVAS O NEGATIVAS DE ALGUNA \u00c1REA. AS\u00cd COMO TAMBI\u00c9N PODER BUSCAR METALES. LOCALIZAR CORRIENTES DE AGUA. HACERLE PREGUNTAS COMO M\u00c9TODO DE ADIVINACI\u00d3N. ESTE P\u00c9NDULO ES DE LOS MEJORES DE TODO EL MERCADO FABRICADO EN EL PESO INDICADO PARA QUE SUS MOVIMIENTOS SEAN LOS CORRECTOS A LA HORA DE SU USO.<\/p>\n<p>&nbsp;<\/p>\n<p>TAMBI\u00c9N TE MANDAMOS COMPLETAMENTE GRATIS UNA GUIA MUY COMPLETA DONDE TE EXPLICAREMOS:<\/p>\n<ul>\n<li>COMO LIMPIARLO. COMO TRABAJAR CON EL.<\/li>\n<li>COMO USARLO EN FORMA DE ADIVINACI\u00d3N.<\/li>\n<li>COMO USARLO PARA CURACI\u00d3N.<\/li>\n<li>COMO TOMAR DECISIONES CORRECTAS.<\/li>\n<li>B\u00daSQUEDA DE OBJETOS PERDIDOS.<\/li>\n<\/ul>\n<p>&nbsp;<\/p>\n<p>&nbsp;<\/p>\n<p>&nbsp;<\/p>\n<p><strong>BAZAR MERL\u00cdN<\/strong><br \/>\n<strong>El Lugar M\u00e1s M\u00edstico de Guadalajara<\/strong><br \/>\n<strong>ENVIAMOS A TODO M\u00c9XICO<\/strong><\/p>\n<p>&nbsp;<\/p>\n<!-- AddThis Advanced Settings generic via filter on the_content --><!-- AddThis Share Buttons generic via filter on the_content -->","protected":false},"excerpt":{"rendered":"<p>P\u00c9NDULO MALAQUITA FACETADO 3 CM CON MANUAL DE USO. &nbsp; Est\u00e1 vinculada con todos los chakras. Absorbe f\u00e1cilmente la energ\u00eda y es el secreto de su gran poder y tiene much\u00edsimas aplicaciones. Por esta caracter\u00edstica debe ser limpiada cuidadosamente despu\u00e9s de cada uso. Desde un punto de vista ps\u00edquico, sirve para equilibrar problemas de crisis&hellip;<!-- AddThis Advanced Settings generic via filter on get_the_excerpt --><!-- AddThis Share Buttons generic via filter on get_the_excerpt --><\/p>\n","protected":false},"featured_media":11273,"template":"","meta":[],"product_cat":[21],"product_tag":[443],"_links":{"self":[{"href":"https:\/\/www.bazarmerlin.com\/inicio\/wp-json\/wp\/v2\/product\/174"}],"collection":[{"href":"https:\/\/www.bazarmerlin.com\/inicio\/wp-json\/wp\/v2\/product"}],"about":[{"href":"https:\/\/www.bazarmerlin.com\/inicio\/wp-json\/wp\/v2\/types\/product"}],"wp:featuredmedia":[{"embeddable":true,"href":"https:\/\/www.bazarmerlin.com\/inicio\/wp-json\/wp\/v2\/media\/11273"}],"wp:attachment":[{"href":"https:\/\/www.bazarmerlin.com\/inicio\/wp-json\/wp\/v2\/media?parent=174"}],"wp:term":[{"taxonomy":"product_cat","embeddable":true,"href":"https:\/\/www.bazarmerlin.com\/inicio\/wp-json\/wp\/v2\/product_cat?post=174"},{"taxonomy":"product_tag","embeddable":true,"href":"https:\/\/www.bazarmerlin.com\/inicio\/wp-json\/wp\/v2\/product_tag?post=174"}],"curies":[{"name":"wp","href":"https:\/\/api.w.org\/{rel}","templated":true}]}}