{"id":1767,"date":"2015-07-20T18:19:39","date_gmt":"2015-07-20T18:19:39","guid":{"rendered":"https:\/\/www.bazarmerlin.com\/inicio\/?post_type=product&#038;p=1767"},"modified":"2022-12-22T00:27:46","modified_gmt":"2022-12-22T00:27:46","slug":"magia-con-angeles-como-dialogar-con-los-seres-celestiales","status":"publish","type":"product","link":"https:\/\/www.bazarmerlin.com\/inicio\/producto\/magia-con-angeles-como-dialogar-con-los-seres-celestiales\/","title":{"rendered":"Magia Con \u00c1ngeles \/ Como Dialogar Con Los Seres Celestiales"},"content":{"rendered":"<p><strong>MAGIA CON \u00c1NGELES<\/strong><br \/>\n<strong>COMO DIALOGAR CON LOS SERES CELESTIALES<\/strong><\/p>\n<p>&nbsp;<\/p>\n<p>COMO DIALOGAR CON LOS SERES CELESTIALES Y VIVIR BAJO SU PROTECCI\u00d3N<\/p>\n<p>Nuestra misi\u00f3n es hacer que todos los hombres, t\u00fa incluido, encuentren su misi\u00f3n. Hacer que los hombres aprendan a escucharnos forma parte de tu misi\u00f3n. Hazles saber c\u00f3mo llegar a nosotros. T\u00fa encontrar\u00e1s el camino.&#8221;<\/p>\n<p>C\u00f3mo &#8220;dialogar&#8221; con los seres de la Luz. \u2022Las claves de la magia ang\u00e9lica. Hechizos para alejar la negatividad del hogar Invocaciones que armonizan la salud, el trabajo y la pareja. Oraciones de protecci\u00f3n para los ni\u00f1os.<\/p>\n<p>&nbsp;<\/p>\n<p>&nbsp;<\/p>\n<p><strong>BAZAR MERLIN<\/strong><br \/>\n<strong>El Lugar M\u00e1s M\u00edstico de Guadalajara<\/strong><br \/>\n<strong>ENVIAMOS A TODO M\u00c9XICO<\/strong><\/p>\n<!-- AddThis Advanced Settings generic via filter on the_content --><!-- AddThis Share Buttons generic via filter on the_content -->","protected":false},"excerpt":{"rendered":"<p>MAGIA CON \u00c1NGELES COMO DIALOGAR CON LOS SERES CELESTIALES &nbsp; COMO DIALOGAR CON LOS SERES CELESTIALES Y VIVIR BAJO SU PROTECCI\u00d3N Nuestra misi\u00f3n es hacer que todos los hombres, t\u00fa incluido, encuentren su misi\u00f3n. Hacer que los hombres aprendan a escucharnos forma parte de tu misi\u00f3n. Hazles saber c\u00f3mo llegar a nosotros. T\u00fa encontrar\u00e1s el&hellip;<!-- AddThis Advanced Settings generic via filter on get_the_excerpt --><!-- AddThis Share Buttons generic via filter on get_the_excerpt --><\/p>\n","protected":false},"featured_media":11215,"template":"","meta":[],"product_cat":[13],"product_tag":[1087,1086],"_links":{"self":[{"href":"https:\/\/www.bazarmerlin.com\/inicio\/wp-json\/wp\/v2\/product\/1767"}],"collection":[{"href":"https:\/\/www.bazarmerlin.com\/inicio\/wp-json\/wp\/v2\/product"}],"about":[{"href":"https:\/\/www.bazarmerlin.com\/inicio\/wp-json\/wp\/v2\/types\/product"}],"wp:featuredmedia":[{"embeddable":true,"href":"https:\/\/www.bazarmerlin.com\/inicio\/wp-json\/wp\/v2\/media\/11215"}],"wp:attachment":[{"href":"https:\/\/www.bazarmerlin.com\/inicio\/wp-json\/wp\/v2\/media?parent=1767"}],"wp:term":[{"taxonomy":"product_cat","embeddable":true,"href":"https:\/\/www.bazarmerlin.com\/inicio\/wp-json\/wp\/v2\/product_cat?post=1767"},{"taxonomy":"product_tag","embeddable":true,"href":"https:\/\/www.bazarmerlin.com\/inicio\/wp-json\/wp\/v2\/product_tag?post=1767"}],"curies":[{"name":"wp","href":"https:\/\/api.w.org\/{rel}","templated":true}]}}