{"id":1774,"date":"2015-07-20T18:38:17","date_gmt":"2015-07-20T18:38:17","guid":{"rendered":"https:\/\/www.bazarmerlin.com\/inicio\/?post_type=product&#038;p=1774"},"modified":"2022-12-23T00:23:24","modified_gmt":"2022-12-23T00:23:24","slug":"numeros-angelicales-te-explican-tus-numeros-de-suerte","status":"publish","type":"product","link":"https:\/\/www.bazarmerlin.com\/inicio\/producto\/numeros-angelicales-te-explican-tus-numeros-de-suerte\/","title":{"rendered":"Numeros Angelicales &#8211; Te Explican Tus Numeros De Suerte"},"content":{"rendered":"<p><strong>N\u00daMEROS ANGELICALES &#8211; TE EXPLICAN TUS N\u00daMEROS DE SUERTE<\/strong><\/p>\n<p>&nbsp;<\/p>\n<p>Aprende de los \u00c1ngeles el significado de los n\u00fameros 111, 444 y otros que aparecer\u00e1n en tu vida y que te acompa\u00f1aran en diferentes etapas de toda tu vida.<\/p>\n<p>Condici\u00f3n: Nuevo.<br \/>\nTama\u00f1o: 12.5 x 19 2 cm<br \/>\nFormato: Pasta blanda<br \/>\nP\u00e1ginas: 224<\/p>\n<p>&nbsp;<\/p>\n<p>&nbsp;<\/p>\n<p><strong>BAZAR\u00a0<\/strong><b>MERL\u00cdN<\/b><br \/>\n<strong>El Lugar M\u00e1s M\u00edstico de Guadalajara<\/strong><br \/>\n<strong>ENVIAMOS A TODO M\u00c9XICO<\/strong><\/p>\n<!-- AddThis Advanced Settings generic via filter on the_content --><!-- AddThis Share Buttons generic via filter on the_content -->","protected":false},"excerpt":{"rendered":"<p>N\u00daMEROS ANGELICALES &#8211; TE EXPLICAN TUS N\u00daMEROS DE SUERTE &nbsp; Aprende de los \u00c1ngeles el significado de los n\u00fameros 111, 444 y otros que aparecer\u00e1n en tu vida y que te acompa\u00f1aran en diferentes etapas de toda tu vida. Condici\u00f3n: Nuevo. Tama\u00f1o: 12.5 x 19 2 cm Formato: Pasta blanda P\u00e1ginas: 224 &nbsp; &nbsp; BAZAR\u00a0MERL\u00cdN&hellip;<!-- AddThis Advanced Settings generic via filter on get_the_excerpt --><!-- AddThis Share Buttons generic via filter on get_the_excerpt --><\/p>\n","protected":false},"featured_media":11227,"template":"","meta":[],"product_cat":[13],"product_tag":[1088,1089],"_links":{"self":[{"href":"https:\/\/www.bazarmerlin.com\/inicio\/wp-json\/wp\/v2\/product\/1774"}],"collection":[{"href":"https:\/\/www.bazarmerlin.com\/inicio\/wp-json\/wp\/v2\/product"}],"about":[{"href":"https:\/\/www.bazarmerlin.com\/inicio\/wp-json\/wp\/v2\/types\/product"}],"wp:featuredmedia":[{"embeddable":true,"href":"https:\/\/www.bazarmerlin.com\/inicio\/wp-json\/wp\/v2\/media\/11227"}],"wp:attachment":[{"href":"https:\/\/www.bazarmerlin.com\/inicio\/wp-json\/wp\/v2\/media?parent=1774"}],"wp:term":[{"taxonomy":"product_cat","embeddable":true,"href":"https:\/\/www.bazarmerlin.com\/inicio\/wp-json\/wp\/v2\/product_cat?post=1774"},{"taxonomy":"product_tag","embeddable":true,"href":"https:\/\/www.bazarmerlin.com\/inicio\/wp-json\/wp\/v2\/product_tag?post=1774"}],"curies":[{"name":"wp","href":"https:\/\/api.w.org\/{rel}","templated":true}]}}