{"id":1776,"date":"2015-07-20T18:41:14","date_gmt":"2015-07-20T18:41:14","guid":{"rendered":"https:\/\/www.bazarmerlin.com\/inicio\/?post_type=product&#038;p=1776"},"modified":"2022-12-19T23:19:47","modified_gmt":"2022-12-19T23:19:47","slug":"la-biblia-de-las-criaturas-miticas","status":"publish","type":"product","link":"https:\/\/www.bazarmerlin.com\/inicio\/producto\/la-biblia-de-las-criaturas-miticas\/","title":{"rendered":"La Biblia De Las Criaturas M\u00edticas"},"content":{"rendered":"<p><strong>LA BIBLIA DE LAS CRIATURAS M\u00cdTICAS<\/strong><\/p>\n<p>&nbsp;<\/p>\n<p>Esta biblia es una gu\u00eda completa que te permitir\u00e1 conocer los seres m\u00edticos surgidos en todo el mundo desde la Antig\u00fcedad hasta nuestros d\u00edas. Por medio de una amplia serie de relatos populares, leyendas, mitos y tradiciones espirituales, conocer\u00e1s las historias de m\u00e1s de doscientas cincuenta criaturas extraordinarias que es seguro que te cautivar\u00e1n. Bellamente ilustrada, las numerosas im\u00e1genes de dragones, gigantes, zombies, hadas, mutantes y dioses que adoptan forma animal se convertir\u00e1n por medio de esta obra en una referencia indispensable que estimular\u00e1 tu imaginaci\u00f3n.<\/p>\n<p>&nbsp;<\/p>\n<p>&nbsp;<\/p>\n<p><strong>BAZAR MERLIN<\/strong><br \/>\n<strong>El Lugar M\u00e1s M\u00edstico de Guadalajara<\/strong><br \/>\n<strong>ENVIAMOS A TODO M\u00c9XICO<\/strong><\/p>\n<!-- AddThis Advanced Settings generic via filter on the_content --><!-- AddThis Share Buttons generic via filter on the_content -->","protected":false},"excerpt":{"rendered":"<p>LA BIBLIA DE LAS CRIATURAS M\u00cdTICAS &nbsp; Esta biblia es una gu\u00eda completa que te permitir\u00e1 conocer los seres m\u00edticos surgidos en todo el mundo desde la Antig\u00fcedad hasta nuestros d\u00edas. Por medio de una amplia serie de relatos populares, leyendas, mitos y tradiciones espirituales, conocer\u00e1s las historias de m\u00e1s de doscientas cincuenta criaturas extraordinarias&hellip;<!-- AddThis Advanced Settings generic via filter on get_the_excerpt --><!-- AddThis Share Buttons generic via filter on get_the_excerpt --><\/p>\n","protected":false},"featured_media":11154,"template":"","meta":[],"product_cat":[13],"product_tag":[1090],"_links":{"self":[{"href":"https:\/\/www.bazarmerlin.com\/inicio\/wp-json\/wp\/v2\/product\/1776"}],"collection":[{"href":"https:\/\/www.bazarmerlin.com\/inicio\/wp-json\/wp\/v2\/product"}],"about":[{"href":"https:\/\/www.bazarmerlin.com\/inicio\/wp-json\/wp\/v2\/types\/product"}],"wp:featuredmedia":[{"embeddable":true,"href":"https:\/\/www.bazarmerlin.com\/inicio\/wp-json\/wp\/v2\/media\/11154"}],"wp:attachment":[{"href":"https:\/\/www.bazarmerlin.com\/inicio\/wp-json\/wp\/v2\/media?parent=1776"}],"wp:term":[{"taxonomy":"product_cat","embeddable":true,"href":"https:\/\/www.bazarmerlin.com\/inicio\/wp-json\/wp\/v2\/product_cat?post=1776"},{"taxonomy":"product_tag","embeddable":true,"href":"https:\/\/www.bazarmerlin.com\/inicio\/wp-json\/wp\/v2\/product_tag?post=1776"}],"curies":[{"name":"wp","href":"https:\/\/api.w.org\/{rel}","templated":true}]}}