{"id":1784,"date":"2015-07-20T18:56:49","date_gmt":"2015-07-20T18:56:49","guid":{"rendered":"https:\/\/www.bazarmerlin.com\/inicio\/?post_type=product&#038;p=1784"},"modified":"2022-12-16T22:18:53","modified_gmt":"2022-12-16T22:18:53","slug":"el-libro-de-oro-de-la-hermandad-saint-germain-metafisica","status":"publish","type":"product","link":"https:\/\/www.bazarmerlin.com\/inicio\/producto\/el-libro-de-oro-de-la-hermandad-saint-germain-metafisica\/","title":{"rendered":"El Libro De Oro De La Hermandad Saint Germain &#8211; Metaf\u00edsica"},"content":{"rendered":"<div style=\"text-align: center;\">\n<div style=\"text-align: center;\">\n<div style=\"text-align: left;\"><strong>LIBRO DE ORO SAINT GERMAIN<\/strong><\/div>\n<div><\/div>\n<\/div>\n<\/div>\n<p>Esta es la sagrada ense\u00f1anza que el ascendido maestro Saint Gemain ha dispuesto para esta su era de oro, y que forma parte del tercer ciclo de la ense\u00f1anza de la hermandad Saint Germaind, despues de lo cual es dicippulo queda en conocimiento pleno de su presencia &#8220;YO SOY&#8221;.<\/p>\n<p>Quienes estudien y mediten el contenido de este libro de oro de la hermandad Saint Gemain, mas protegidos y elevados ser\u00e1n, aunque tambien se hace notar que el amado maestro no titubea ni usa ning\u00fan disimulo para poner en cuenta de los castigos que se acarrearen aquellos que enfoquen la atenci\u00f3n en leyes, pasos y vibraciones inferiores a lo que el aqu\u00ed ense\u00f1a.<\/p>\n<p>Aqu\u00ed est\u00e1n los reglamentos divinos.<br \/>\nEl cumplimiento de estos reglamentos depende de los lectores.<\/p>\n<p>&nbsp;<\/p>\n<p>&nbsp;<\/p>\n<p><strong>BAZAR MERL\u00cdN<\/strong><br \/>\n<strong>El Lugar M\u00e1s M\u00edstico de Guadalajara<\/strong><br \/>\n<strong>ENVIAMOS A TODO M\u00c9XICO..<\/strong><\/p>\n<!-- AddThis Advanced Settings generic via filter on the_content --><!-- AddThis Share Buttons generic via filter on the_content -->","protected":false},"excerpt":{"rendered":"<p>LIBRO DE ORO SAINT GERMAIN Esta es la sagrada ense\u00f1anza que el ascendido maestro Saint Gemain ha dispuesto para esta su era de oro, y que forma parte del tercer ciclo de la ense\u00f1anza de la hermandad Saint Germaind, despues de lo cual es dicippulo queda en conocimiento pleno de su presencia &#8220;YO SOY&#8221;. Quienes&hellip;<!-- AddThis Advanced Settings generic via filter on get_the_excerpt --><!-- AddThis Share Buttons generic via filter on get_the_excerpt --><\/p>\n","protected":false},"featured_media":11127,"template":"","meta":[],"product_cat":[13],"product_tag":[1091,1092],"_links":{"self":[{"href":"https:\/\/www.bazarmerlin.com\/inicio\/wp-json\/wp\/v2\/product\/1784"}],"collection":[{"href":"https:\/\/www.bazarmerlin.com\/inicio\/wp-json\/wp\/v2\/product"}],"about":[{"href":"https:\/\/www.bazarmerlin.com\/inicio\/wp-json\/wp\/v2\/types\/product"}],"wp:featuredmedia":[{"embeddable":true,"href":"https:\/\/www.bazarmerlin.com\/inicio\/wp-json\/wp\/v2\/media\/11127"}],"wp:attachment":[{"href":"https:\/\/www.bazarmerlin.com\/inicio\/wp-json\/wp\/v2\/media?parent=1784"}],"wp:term":[{"taxonomy":"product_cat","embeddable":true,"href":"https:\/\/www.bazarmerlin.com\/inicio\/wp-json\/wp\/v2\/product_cat?post=1784"},{"taxonomy":"product_tag","embeddable":true,"href":"https:\/\/www.bazarmerlin.com\/inicio\/wp-json\/wp\/v2\/product_tag?post=1784"}],"curies":[{"name":"wp","href":"https:\/\/api.w.org\/{rel}","templated":true}]}}