{"id":180,"date":"2015-06-23T18:14:25","date_gmt":"2015-06-23T18:14:25","guid":{"rendered":"https:\/\/www.bazarmerlin.com\/inicio\/?post_type=product&#038;p=180"},"modified":"2022-12-29T00:44:43","modified_gmt":"2022-12-29T00:44:43","slug":"pendulo-turquesa-facetado-3cm-altura-incluye-manual-de-uso","status":"publish","type":"product","link":"https:\/\/www.bazarmerlin.com\/inicio\/producto\/pendulo-turquesa-facetado-3cm-altura-incluye-manual-de-uso\/","title":{"rendered":"Pendulo Turquesa Facetado &#8211; 3cm Altura Incluye Manual De Uso"},"content":{"rendered":"<p><strong>PENDULO TURQUESA FACETADO<\/strong><br \/>\n<strong>3CM ALTURA INCLUYE MANUAL DE USO<\/strong><\/p>\n<p>&nbsp;<\/p>\n<p>PIEDRA DE LA ALEGR\u00cdA Y DEL BIENESTAR<\/p>\n<p>Es una piedra femenina, relacionada con la energ\u00eda lunar de las emociones. Af\u00edn al plexo lar\u00edngeo, card\u00edaco, del entrecejo y en el plexo solar.<\/p>\n<p>A nivel f\u00edsico, el color azul verdoso, re\u00fane todas las propiedades curativas, se la recomienda para afecciones respiratorias, laringe, bronquios, pulmones, para amigdalitis, difon\u00eda, afon\u00eda, tos, falso crup, difteria, bronquitis, asma de origen bronquial y regulariza la gl\u00e1ndula tiroides.<\/p>\n<p>En meditaci\u00f3n, se aplica en experiencias relacionadas con nuestro pasado.Facilita la expresi\u00f3n equilibrada de la emoci\u00f3n, paz de esp\u00edritu,comunicaci\u00f3n y equilibrio emocional, act\u00faa sobre el chakra de la garganta.<\/p>\n<p>&nbsp;<\/p>\n<p>EL PENDULO ES UN INSTRUMENTO DE RADIESTESIA QUE TE AYUDA A DETECTAR ENERGIAS POSITIVAS O NEGATIVAS DE ALGUNA AREA.<br \/>\nAS\u00cd COMO TAMBIEN PODER BUSCAR METALES. LOCALIZAR CORRIENTES DE AGUA.<br \/>\nHACERLE PREGUNTAS COMO METODO DE ADIVINACION. ESTE PENDULO ES DE LOS MEJORES DE TODO EL MERCADO<br \/>\nFABRICADO EN EL PESO INDICADO PARA QUE SUS MOVIMIENTOS SEAN LOS CORRECTOS A LA HORA DE SU USO.<\/p>\n<p>&nbsp;<\/p>\n<p>&nbsp;<\/p>\n<p><strong>BAZAR MERL\u00cdN<\/strong><br \/>\n<strong>El Lugar M\u00e1s M\u00edstico de Guadalajara<\/strong><br \/>\n<strong>ENVIAMOS A TODO M\u00c9XICO<\/strong><\/p>\n<!-- AddThis Advanced Settings generic via filter on the_content --><!-- AddThis Share Buttons generic via filter on the_content -->","protected":false},"excerpt":{"rendered":"<p>PENDULO TURQUESA FACETADO 3CM ALTURA INCLUYE MANUAL DE USO &nbsp; PIEDRA DE LA ALEGR\u00cdA Y DEL BIENESTAR Es una piedra femenina, relacionada con la energ\u00eda lunar de las emociones. Af\u00edn al plexo lar\u00edngeo, card\u00edaco, del entrecejo y en el plexo solar. A nivel f\u00edsico, el color azul verdoso, re\u00fane todas las propiedades curativas, se la&hellip;<!-- AddThis Advanced Settings generic via filter on get_the_excerpt --><!-- AddThis Share Buttons generic via filter on get_the_excerpt --><\/p>\n","protected":false},"featured_media":11282,"template":"","meta":[],"product_cat":[21],"product_tag":[445],"_links":{"self":[{"href":"https:\/\/www.bazarmerlin.com\/inicio\/wp-json\/wp\/v2\/product\/180"}],"collection":[{"href":"https:\/\/www.bazarmerlin.com\/inicio\/wp-json\/wp\/v2\/product"}],"about":[{"href":"https:\/\/www.bazarmerlin.com\/inicio\/wp-json\/wp\/v2\/types\/product"}],"wp:featuredmedia":[{"embeddable":true,"href":"https:\/\/www.bazarmerlin.com\/inicio\/wp-json\/wp\/v2\/media\/11282"}],"wp:attachment":[{"href":"https:\/\/www.bazarmerlin.com\/inicio\/wp-json\/wp\/v2\/media?parent=180"}],"wp:term":[{"taxonomy":"product_cat","embeddable":true,"href":"https:\/\/www.bazarmerlin.com\/inicio\/wp-json\/wp\/v2\/product_cat?post=180"},{"taxonomy":"product_tag","embeddable":true,"href":"https:\/\/www.bazarmerlin.com\/inicio\/wp-json\/wp\/v2\/product_tag?post=180"}],"curies":[{"name":"wp","href":"https:\/\/api.w.org\/{rel}","templated":true}]}}