{"id":1812,"date":"2015-07-20T19:38:06","date_gmt":"2015-07-20T19:38:06","guid":{"rendered":"https:\/\/www.bazarmerlin.com\/inicio\/?post_type=product&#038;p=1812"},"modified":"2022-12-20T00:35:21","modified_gmt":"2022-12-20T00:35:21","slug":"la-cabala-renovada-una-escalera-de-luz","status":"publish","type":"product","link":"https:\/\/www.bazarmerlin.com\/inicio\/producto\/la-cabala-renovada-una-escalera-de-luz\/","title":{"rendered":"La C\u00e1bala Renovada &#8211; William Gray"},"content":{"rendered":"<p><strong>LA CABALA RENOVADA<\/strong><\/p>\n<p>&nbsp;<\/p>\n<p>El \u00c1rbol de la Vida es un patr\u00f3n en crecimiento, flexible y adaptable, capaz de extensiones infinitas en todos los estados de la existencia, y la C\u00e1bala o &#8220;ense\u00f1anza recibida&#8221;, es el resultado de las experiencias de quienes han escalado el \u00c1rbol, adecuando su vida a este patr\u00f3n de perfecci\u00f3n.<\/p>\n<p>Al mismo tiempo el \u00c1rbol nos provee los medios para establecer contacto con tipos de consciencias usualmente inaccesibles para la mente humana ordinaria y es precisamente de esas &#8220;fuentes&#8221; de donde procede la &#8220;ense\u00f1anza&#8221;.<\/p>\n<p>Pero tal vez lo m\u00e1s importante sea saber que el \u00c1rbol es un medio, no un fin. Es un mapa que nos ayudar\u00e1 a lograr lo que ha sido la finalidad de todos los sistemas, de todas las escuelas y de todas las religiones: la uni\u00f3n m\u00edstica del hombre con la divinidad.<\/p>\n<p>&nbsp;<\/p>\n<p>&nbsp;<\/p>\n<p><strong>BAZAR\u00a0<\/strong><b>MERL\u00cdN<\/b><br \/>\n<strong>El Lugar M\u00e1s M\u00edstico de Guadalajara<\/strong><br \/>\n<strong>ENVIAMOS A TODO M\u00c9XICO&#8230;<\/strong><\/p>\n<!-- AddThis Advanced Settings generic via filter on the_content --><!-- AddThis Share Buttons generic via filter on the_content -->","protected":false},"excerpt":{"rendered":"<p>LA CABALA RENOVADA &nbsp; El \u00c1rbol de la Vida es un patr\u00f3n en crecimiento, flexible y adaptable, capaz de extensiones infinitas en todos los estados de la existencia, y la C\u00e1bala o &#8220;ense\u00f1anza recibida&#8221;, es el resultado de las experiencias de quienes han escalado el \u00c1rbol, adecuando su vida a este patr\u00f3n de perfecci\u00f3n. Al&hellip;<!-- AddThis Advanced Settings generic via filter on get_the_excerpt --><!-- AddThis Share Buttons generic via filter on get_the_excerpt --><\/p>\n","protected":false},"featured_media":11167,"template":"","meta":[],"product_cat":[13],"product_tag":[1093,1094],"_links":{"self":[{"href":"https:\/\/www.bazarmerlin.com\/inicio\/wp-json\/wp\/v2\/product\/1812"}],"collection":[{"href":"https:\/\/www.bazarmerlin.com\/inicio\/wp-json\/wp\/v2\/product"}],"about":[{"href":"https:\/\/www.bazarmerlin.com\/inicio\/wp-json\/wp\/v2\/types\/product"}],"wp:featuredmedia":[{"embeddable":true,"href":"https:\/\/www.bazarmerlin.com\/inicio\/wp-json\/wp\/v2\/media\/11167"}],"wp:attachment":[{"href":"https:\/\/www.bazarmerlin.com\/inicio\/wp-json\/wp\/v2\/media?parent=1812"}],"wp:term":[{"taxonomy":"product_cat","embeddable":true,"href":"https:\/\/www.bazarmerlin.com\/inicio\/wp-json\/wp\/v2\/product_cat?post=1812"},{"taxonomy":"product_tag","embeddable":true,"href":"https:\/\/www.bazarmerlin.com\/inicio\/wp-json\/wp\/v2\/product_tag?post=1812"}],"curies":[{"name":"wp","href":"https:\/\/api.w.org\/{rel}","templated":true}]}}