{"id":1817,"date":"2015-07-21T16:57:09","date_gmt":"2015-07-21T16:57:09","guid":{"rendered":"https:\/\/www.bazarmerlin.com\/inicio\/?post_type=product&#038;p=1817"},"modified":"2022-12-20T23:27:09","modified_gmt":"2022-12-20T23:27:09","slug":"libro-comunicandose-con-el-arcangel-uriel","status":"publish","type":"product","link":"https:\/\/www.bazarmerlin.com\/inicio\/producto\/libro-comunicandose-con-el-arcangel-uriel\/","title":{"rendered":"Libro Comunic\u00e1ndose Con El Arc\u00e1ngel Uriel &#8211; Paz Interior"},"content":{"rendered":"<p><strong>LIBRO COMUNIC\u00c1NDOSE CON EL ARC\u00c1NGEL URIEL &#8211; PAZ INTERIOR<\/strong><\/p>\n<p>&nbsp;<\/p>\n<p>Una madre soltera inicia su propio negocio. Una viuda descubre un nuevo talento y lo convierte en su profesi\u00f3n. Estas y otras historias verdaderas son narradas por el autor Richard Webster en Uriel.<\/p>\n<p>Conocido como el transformador de desgracias en bienaventuranzas, Uriel puede curar el trauma emocional, atraer la prosperidad, desarrollar la intuici\u00f3n y traer tranquilidad. Las ense\u00f1anzas en este libro -meditaci\u00f3n, color, m\u00fasica, cristales- podr\u00e1n acercarlo al \u00c1ngel de la Salvaci\u00f3n.<\/p>\n<p>&nbsp;<\/p>\n<p>&nbsp;<\/p>\n<p><strong>BAZAR MERL\u00cdN<\/strong><br \/>\n<strong>El Lugar M\u00e1s M\u00edstico de Guadalajara<\/strong><br \/>\n<strong>ENVIAMOS A TODO M\u00c9XICO<\/strong><\/p>\n<!-- AddThis Advanced Settings generic via filter on the_content --><!-- AddThis Share Buttons generic via filter on the_content -->","protected":false},"excerpt":{"rendered":"<p>LIBRO COMUNIC\u00c1NDOSE CON EL ARC\u00c1NGEL URIEL &#8211; PAZ INTERIOR &nbsp; Una madre soltera inicia su propio negocio. Una viuda descubre un nuevo talento y lo convierte en su profesi\u00f3n. Estas y otras historias verdaderas son narradas por el autor Richard Webster en Uriel. Conocido como el transformador de desgracias en bienaventuranzas, Uriel puede curar el&hellip;<!-- AddThis Advanced Settings generic via filter on get_the_excerpt --><!-- AddThis Share Buttons generic via filter on get_the_excerpt --><\/p>\n","protected":false},"featured_media":11185,"template":"","meta":[],"product_cat":[13],"product_tag":[1095,1096],"_links":{"self":[{"href":"https:\/\/www.bazarmerlin.com\/inicio\/wp-json\/wp\/v2\/product\/1817"}],"collection":[{"href":"https:\/\/www.bazarmerlin.com\/inicio\/wp-json\/wp\/v2\/product"}],"about":[{"href":"https:\/\/www.bazarmerlin.com\/inicio\/wp-json\/wp\/v2\/types\/product"}],"wp:featuredmedia":[{"embeddable":true,"href":"https:\/\/www.bazarmerlin.com\/inicio\/wp-json\/wp\/v2\/media\/11185"}],"wp:attachment":[{"href":"https:\/\/www.bazarmerlin.com\/inicio\/wp-json\/wp\/v2\/media?parent=1817"}],"wp:term":[{"taxonomy":"product_cat","embeddable":true,"href":"https:\/\/www.bazarmerlin.com\/inicio\/wp-json\/wp\/v2\/product_cat?post=1817"},{"taxonomy":"product_tag","embeddable":true,"href":"https:\/\/www.bazarmerlin.com\/inicio\/wp-json\/wp\/v2\/product_tag?post=1817"}],"curies":[{"name":"wp","href":"https:\/\/api.w.org\/{rel}","templated":true}]}}