{"id":1819,"date":"2015-07-21T16:59:37","date_gmt":"2015-07-21T16:59:37","guid":{"rendered":"https:\/\/www.bazarmerlin.com\/inicio\/?post_type=product&#038;p=1819"},"modified":"2022-12-15T23:21:10","modified_gmt":"2022-12-15T23:21:10","slug":"libro-comunicandose-con-el-arcangel-gabriel","status":"publish","type":"product","link":"https:\/\/www.bazarmerlin.com\/inicio\/producto\/libro-comunicandose-con-el-arcangel-gabriel\/","title":{"rendered":"Comunic\u00e1ndose Con El Arcangel Gabriel &#8211; Para Reconciliacion"},"content":{"rendered":"<h3><strong>COMUNIC\u00c1NDOSE CON EL ARC\u00c1NGEL GABRIEL &#8211; PARA RECONCILIACI\u00d3N<\/strong><\/h3>\n<p>&nbsp;<\/p>\n<p>Debido al milagro de la Anunciaci\u00f3n (el mensaje a Mar\u00eda de que dar\u00e1 a luz al Mes\u00edas), el Arc\u00e1ngel Gabri\u00e9l es una de las figuras m\u00e1s conocidas en la religi\u00f3n. En su segundo libro sobre los Arc\u00e1ngeles, Richard Webster relata las apariciones de Gabriel en el Viejo Testamento, a los profetas del Islam y a modernos fil\u00f3sofos y artistas. Tambi\u00e9n ofrece gu\u00edas para contactar al mensajero divino que podr\u00e1 ayudarlo con la inspiraci\u00f3n, la purificaci\u00f3n, la fertilidad, nuevos comienzos, predecir el futuro, interpretar sue\u00f1os y visiones, desarrollar la clarividencia y a superar limitaciones como la duda y el miedo.<\/p>\n<p>&nbsp;<\/p>\n<p>&nbsp;<\/p>\n<p>&nbsp;<\/p>\n<p><strong>BAZAR MERLIN<\/strong><br \/>\n<strong>El Lugar M\u00e1s M\u00edstico de Guadalajara<\/strong><br \/>\n<strong>ENVIAMOS A TODO M\u00c9XICO&#8230;<\/strong><\/p>\n<!-- AddThis Advanced Settings generic via filter on the_content --><!-- AddThis Share Buttons generic via filter on the_content -->","protected":false},"excerpt":{"rendered":"<p>COMUNIC\u00c1NDOSE CON EL ARC\u00c1NGEL GABRIEL &#8211; PARA RECONCILIACI\u00d3N &nbsp; Debido al milagro de la Anunciaci\u00f3n (el mensaje a Mar\u00eda de que dar\u00e1 a luz al Mes\u00edas), el Arc\u00e1ngel Gabri\u00e9l es una de las figuras m\u00e1s conocidas en la religi\u00f3n. En su segundo libro sobre los Arc\u00e1ngeles, Richard Webster relata las apariciones de Gabriel en el&hellip;<!-- AddThis Advanced Settings generic via filter on get_the_excerpt --><!-- AddThis Share Buttons generic via filter on get_the_excerpt --><\/p>\n","protected":false},"featured_media":11104,"template":"","meta":[],"product_cat":[13],"product_tag":[1097,1098],"_links":{"self":[{"href":"https:\/\/www.bazarmerlin.com\/inicio\/wp-json\/wp\/v2\/product\/1819"}],"collection":[{"href":"https:\/\/www.bazarmerlin.com\/inicio\/wp-json\/wp\/v2\/product"}],"about":[{"href":"https:\/\/www.bazarmerlin.com\/inicio\/wp-json\/wp\/v2\/types\/product"}],"wp:featuredmedia":[{"embeddable":true,"href":"https:\/\/www.bazarmerlin.com\/inicio\/wp-json\/wp\/v2\/media\/11104"}],"wp:attachment":[{"href":"https:\/\/www.bazarmerlin.com\/inicio\/wp-json\/wp\/v2\/media?parent=1819"}],"wp:term":[{"taxonomy":"product_cat","embeddable":true,"href":"https:\/\/www.bazarmerlin.com\/inicio\/wp-json\/wp\/v2\/product_cat?post=1819"},{"taxonomy":"product_tag","embeddable":true,"href":"https:\/\/www.bazarmerlin.com\/inicio\/wp-json\/wp\/v2\/product_tag?post=1819"}],"curies":[{"name":"wp","href":"https:\/\/api.w.org\/{rel}","templated":true}]}}