{"id":1867,"date":"2015-07-21T18:46:27","date_gmt":"2015-07-21T18:46:27","guid":{"rendered":"https:\/\/www.bazarmerlin.com\/inicio\/?post_type=product&#038;p=1867"},"modified":"2022-12-17T00:02:49","modified_gmt":"2022-12-17T00:02:49","slug":"introduccion-al-mundo-de-la-kabbalah","status":"publish","type":"product","link":"https:\/\/www.bazarmerlin.com\/inicio\/producto\/introduccion-al-mundo-de-la-kabbalah\/","title":{"rendered":"Introducci\u00f3n Al Mundo De La Kabbalah"},"content":{"rendered":"<p><strong>INTRODUCCI\u00d3N AL MUNDO DE LA KABBALAH<\/strong><br \/>\n<strong>Autor: Halevi, Z&#8217;ev Ben Shimon<\/strong><br \/>\n<strong>288 paginas<\/strong><\/p>\n<p>&nbsp;<\/p>\n<p>Esta obra, que es una s\u00edntesis de los trabajos de Halevi, tiene como prop\u00f3sito introducirnos en la Tradici\u00f3n. De acuerdo con el misticismo jud\u00edo, el autor describe el origen de dicha tradici\u00f3n en t\u00e9rminos b\u00edblicos, mitol\u00f3gicos y metaf\u00edsicos para explicar la raz\u00f3n de ser de la Existencia. Presenta tambi\u00e9n una breve historia de la Kabbalah, conocida con diferentes nombres, entre los que destaca el de Trabajo de la Creaci\u00f3n.<\/p>\n<p>Aunque la Biblia es la fuente principal, la Tradici\u00f3n ha absorbido influencias externas para desarrollar, transformar y adaptar sus ense\u00f1anzas a un per\u00edodo o lugar en particular. De ese modo, se relata c\u00f3mo la cosmolog\u00eda y la psicolog\u00eda kabal\u00edsticas han sido adaptadas tanto en \u00e9pocas antiguas como en el presente para revelar los procesos de evoluci\u00f3n y el objetivo final de ayudar a &#8220;Dios a contemplar a Dios&#8221;. Esta obra nos ayudar\u00e1 a conocer tambi\u00e9n c\u00f3mo operan las escuelas del alma y c\u00f3mo son dirigidas por tutores reencarnados para ayudar a que el estudiante se de cuenta de su potencial y consiga llevar a cabo su funci\u00f3n en el Plan Divino.<\/p>\n<p>&nbsp;<\/p>\n<p>&nbsp;<\/p>\n<p><strong>BAZAR MERLIN\u00ae<\/strong><br \/>\n<strong>El Lugar M\u00e1s M\u00edstico de Guadalajara<\/strong><br \/>\n<strong>ENVIAMOS A TODO M\u00c9XICO<\/strong><\/p>\n<!-- AddThis Advanced Settings generic via filter on the_content --><!-- AddThis Share Buttons generic via filter on the_content -->","protected":false},"excerpt":{"rendered":"<p>INTRODUCCI\u00d3N AL MUNDO DE LA KABBALAH Autor: Halevi, Z&#8217;ev Ben Shimon 288 paginas &nbsp; Esta obra, que es una s\u00edntesis de los trabajos de Halevi, tiene como prop\u00f3sito introducirnos en la Tradici\u00f3n. De acuerdo con el misticismo jud\u00edo, el autor describe el origen de dicha tradici\u00f3n en t\u00e9rminos b\u00edblicos, mitol\u00f3gicos y metaf\u00edsicos para explicar la&hellip;<!-- AddThis Advanced Settings generic via filter on get_the_excerpt --><!-- AddThis Share Buttons generic via filter on get_the_excerpt --><\/p>\n","protected":false},"featured_media":11147,"template":"","meta":[],"product_cat":[13],"product_tag":[1106],"_links":{"self":[{"href":"https:\/\/www.bazarmerlin.com\/inicio\/wp-json\/wp\/v2\/product\/1867"}],"collection":[{"href":"https:\/\/www.bazarmerlin.com\/inicio\/wp-json\/wp\/v2\/product"}],"about":[{"href":"https:\/\/www.bazarmerlin.com\/inicio\/wp-json\/wp\/v2\/types\/product"}],"wp:featuredmedia":[{"embeddable":true,"href":"https:\/\/www.bazarmerlin.com\/inicio\/wp-json\/wp\/v2\/media\/11147"}],"wp:attachment":[{"href":"https:\/\/www.bazarmerlin.com\/inicio\/wp-json\/wp\/v2\/media?parent=1867"}],"wp:term":[{"taxonomy":"product_cat","embeddable":true,"href":"https:\/\/www.bazarmerlin.com\/inicio\/wp-json\/wp\/v2\/product_cat?post=1867"},{"taxonomy":"product_tag","embeddable":true,"href":"https:\/\/www.bazarmerlin.com\/inicio\/wp-json\/wp\/v2\/product_tag?post=1867"}],"curies":[{"name":"wp","href":"https:\/\/api.w.org\/{rel}","templated":true}]}}