{"id":1912,"date":"2015-07-21T19:53:49","date_gmt":"2015-07-21T19:53:49","guid":{"rendered":"https:\/\/www.bazarmerlin.com\/inicio\/?post_type=product&#038;p=1912"},"modified":"2023-01-06T22:40:18","modified_gmt":"2023-01-06T22:40:18","slug":"la-biblia-del-yoga-libro-esencial-de-las-posturas-de-yoga","status":"publish","type":"product","link":"https:\/\/www.bazarmerlin.com\/inicio\/producto\/la-biblia-del-yoga-libro-esencial-de-las-posturas-de-yoga\/","title":{"rendered":"La Biblia Del Yoga &#8211; Libro Esencial De Las Posturas De Yoga"},"content":{"rendered":"<p><strong>LA BIBLIA DEL YOGA<\/strong><br \/>\n<strong>LIBRO ESENCIAL DE LAS POSTURAS DE YOGA<\/strong><\/p>\n<p>&nbsp;<\/p>\n<p>El yoga es el arte de aprender a volver a uno mismo. Permite encontrar nuestros propios l\u00edmites, ampliar nuestras fronteras y ser capaces de relajarnos en nuestro propio ser. Aporta flexibilidad al cuerpo y tambi\u00e9n un intenso bienestar espiritual y f\u00edsico a quienes lo practican. Con m\u00e1s de ciento setenta posturas, La biblia del yoga, por medio de sus detalladas descripciones, se convierte en una gu\u00eda excepcional para la pr\u00e1ctica de esta disciplina. Adem\u00e1s, anima tanto a principiantes como a expertos a dar con la secuencia de yoga que mejor se adapte a sus caracter\u00edsticas, habilidades personales y necesidades f\u00edsicas.<\/p>\n<p>&nbsp;<\/p>\n<p><strong>BAZAR MERL\u00cdN\u00ae<\/strong><br \/>\n<strong>El Lugar M\u00e1s M\u00edstico de Guadalajara<\/strong><br \/>\n<strong>ENVIAMOS A TODO M\u00c9XICO<\/strong><\/p>\n<!-- AddThis Advanced Settings generic via filter on the_content --><!-- AddThis Share Buttons generic via filter on the_content -->","protected":false},"excerpt":{"rendered":"<p>LA BIBLIA DEL YOGA LIBRO ESENCIAL DE LAS POSTURAS DE YOGA &nbsp; El yoga es el arte de aprender a volver a uno mismo. Permite encontrar nuestros propios l\u00edmites, ampliar nuestras fronteras y ser capaces de relajarnos en nuestro propio ser. Aporta flexibilidad al cuerpo y tambi\u00e9n un intenso bienestar espiritual y f\u00edsico a quienes&hellip;<!-- AddThis Advanced Settings generic via filter on get_the_excerpt --><!-- AddThis Share Buttons generic via filter on get_the_excerpt --><\/p>\n","protected":false},"featured_media":11408,"template":"","meta":[],"product_cat":[16],"product_tag":[1107,1108],"_links":{"self":[{"href":"https:\/\/www.bazarmerlin.com\/inicio\/wp-json\/wp\/v2\/product\/1912"}],"collection":[{"href":"https:\/\/www.bazarmerlin.com\/inicio\/wp-json\/wp\/v2\/product"}],"about":[{"href":"https:\/\/www.bazarmerlin.com\/inicio\/wp-json\/wp\/v2\/types\/product"}],"wp:featuredmedia":[{"embeddable":true,"href":"https:\/\/www.bazarmerlin.com\/inicio\/wp-json\/wp\/v2\/media\/11408"}],"wp:attachment":[{"href":"https:\/\/www.bazarmerlin.com\/inicio\/wp-json\/wp\/v2\/media?parent=1912"}],"wp:term":[{"taxonomy":"product_cat","embeddable":true,"href":"https:\/\/www.bazarmerlin.com\/inicio\/wp-json\/wp\/v2\/product_cat?post=1912"},{"taxonomy":"product_tag","embeddable":true,"href":"https:\/\/www.bazarmerlin.com\/inicio\/wp-json\/wp\/v2\/product_tag?post=1912"}],"curies":[{"name":"wp","href":"https:\/\/api.w.org\/{rel}","templated":true}]}}