{"id":192,"date":"2015-06-23T18:43:03","date_gmt":"2015-06-23T18:43:03","guid":{"rendered":"https:\/\/www.bazarmerlin.com\/inicio\/?post_type=product&#038;p=192"},"modified":"2022-11-18T22:57:50","modified_gmt":"2022-11-18T22:57:50","slug":"figura-separa-amante-de-cebo-para-lograr-separar-a-3-persona","status":"publish","type":"product","link":"https:\/\/www.bazarmerlin.com\/inicio\/producto\/figura-separa-amante-de-cebo-para-lograr-separar-a-3-persona\/","title":{"rendered":"Figura Separa Amante De Cebo Para Lograr Separar a 3 Persona"},"content":{"rendered":"<p><strong>Poderoso ritual de separaci\u00f3n: Para separar: Esta vela la usaremos para separar parejas o amantes.<\/strong><\/p>\n<p>&nbsp;<\/p>\n<p>Necesitaremos: Una vela con forma de pareja-separaci\u00f3n negra (ver foto), pimienta, aceite de separaci\u00f3n y polvo de separaci\u00f3n. Un pergamino, una velita negra y sal de separaci\u00f3n (sustituir por sal negra o com\u00fan si no encontramos otra).<\/p>\n<p>Instrucciones hechizo de separaci\u00f3n:<\/p>\n<p>Personalizamos la vela (la opci\u00f3n sencilla) colocando una foto de la persona que deseamos que deje a la amante junto con su nombre escrito en el pergamino justo debajo de la vela.<\/p>\n<p>Otra opci\u00f3n (m\u00e1s complicada) es haciendo un agujerito en la base de la vela (la mayor\u00eda de las velas de figura de separaci\u00f3n ya tienen el hueco preparado) e introducimos dentro la foto y el pergamino ambos enrollados. Esto se llama \u201ccargar la vela\u201c. Terminaremos cerrando el hueco encendiendo la velita negra y dejando que la cera derretida caiga tapando el agujero de nuestra vela de pareja.<\/p>\n<p>En un cuenquecito mezclamos el aceite de separaci\u00f3n y los polvos de separaci\u00f3n hasta que se forme una pasta -que no sea ni muy dura ni muy l\u00edquida- una pasta compacta.<\/p>\n<p>Estas velas de pareja tambi\u00e9n suelen tener unos huecos en los laterales que deberemos rellenar con granos de pimienta negra. Si nuestra vela de figura no tiene esos huecos, bastar\u00e1 con hac\u00e9rselos con unas tijeras o cuchillo, 3 a cada lado. Luego depositamos all\u00ed los granos de pimienta. Tres en cada lado.<\/p>\n<p>Procedemos a encender la vela con una cerilla negra.<\/p>\n<p>Cuando se consuma, envolvemos los restos en una tela negra opaca (que no traspase la luz) y la sellamos con sal. Lo enterramos en un lugar donde no florezca, en tierra marchita, lo m\u00e1s profundo posible.<\/p>\n<p>Se puede repetir cada 21 d\u00edas (3 semanas) por un m\u00e1ximo de 3 veces. Es recomendable hacer este hechizo de separaci\u00f3n en luna menguante.<\/p>\n<p>Recuerda: Solo hacerlo en caso de m\u00e1xima necesidad. Nunca usar solo por celos o envidia de la pareja de otra persona o corremos el riesgo de que se vuelva en nuestra contra.<\/p>\n<p>&nbsp;<\/p>\n<p>&nbsp;<\/p>\n<p><strong>BAZAR MERLIN<\/strong><br \/>\n<strong>El Lugar M\u00e1s M\u00edstico de Guadalajara<\/strong><br \/>\n<strong>ENVIAMOS A TODO M\u00c9XICO<\/strong><\/p>\n<!-- AddThis Advanced Settings generic via filter on the_content --><!-- AddThis Share Buttons generic via filter on the_content -->","protected":false},"excerpt":{"rendered":"<p>Poderoso ritual de separaci\u00f3n: Para separar: Esta vela la usaremos para separar parejas o amantes. &nbsp; Necesitaremos: Una vela con forma de pareja-separaci\u00f3n negra (ver foto), pimienta, aceite de separaci\u00f3n y polvo de separaci\u00f3n. Un pergamino, una velita negra y sal de separaci\u00f3n (sustituir por sal negra o com\u00fan si no encontramos otra). Instrucciones hechizo&hellip;<!-- AddThis Advanced Settings generic via filter on get_the_excerpt --><!-- AddThis Share Buttons generic via filter on get_the_excerpt --><\/p>\n","protected":false},"featured_media":10785,"template":"","meta":[],"product_cat":[19],"product_tag":[452],"_links":{"self":[{"href":"https:\/\/www.bazarmerlin.com\/inicio\/wp-json\/wp\/v2\/product\/192"}],"collection":[{"href":"https:\/\/www.bazarmerlin.com\/inicio\/wp-json\/wp\/v2\/product"}],"about":[{"href":"https:\/\/www.bazarmerlin.com\/inicio\/wp-json\/wp\/v2\/types\/product"}],"wp:featuredmedia":[{"embeddable":true,"href":"https:\/\/www.bazarmerlin.com\/inicio\/wp-json\/wp\/v2\/media\/10785"}],"wp:attachment":[{"href":"https:\/\/www.bazarmerlin.com\/inicio\/wp-json\/wp\/v2\/media?parent=192"}],"wp:term":[{"taxonomy":"product_cat","embeddable":true,"href":"https:\/\/www.bazarmerlin.com\/inicio\/wp-json\/wp\/v2\/product_cat?post=192"},{"taxonomy":"product_tag","embeddable":true,"href":"https:\/\/www.bazarmerlin.com\/inicio\/wp-json\/wp\/v2\/product_tag?post=192"}],"curies":[{"name":"wp","href":"https:\/\/api.w.org\/{rel}","templated":true}]}}