{"id":1928,"date":"2015-07-21T20:19:12","date_gmt":"2015-07-21T20:19:12","guid":{"rendered":"https:\/\/www.bazarmerlin.com\/inicio\/?post_type=product&#038;p=1928"},"modified":"2022-12-22T23:21:18","modified_gmt":"2022-12-22T23:21:18","slug":"manual-del-aprendiz-la-masoneria-revelada","status":"publish","type":"product","link":"https:\/\/www.bazarmerlin.com\/inicio\/producto\/manual-del-aprendiz-la-masoneria-revelada\/","title":{"rendered":"Manual del Aprendiz &#8211; La Masoneria Revelada"},"content":{"rendered":"<p><strong>MANUAL DEL APRENDIZ<\/strong><br \/>\n<b>LA MASONER\u00cdA REVELADA<\/b><\/p>\n<p>&nbsp;<\/p>\n<p>Los manuales de aldo lavagnini (magister) son quiz\u00e1 los escritos amaz\u00f3nicos m\u00e1s difundidos y conocidos en lengua castellana.<br \/>\nLa verdad es que sobre todo tenemos que agradecer al autor el hecho de dar en su obra una importancia capital a los PRINCIPIOS UNIVERSALES DE LA ORDEN, y de recordarnos algunos de los significados esot\u00e9ricos de los s\u00edmbolos, ritos y palabras correspondientes a cada grado de L\u00c3 MASONER\u00cdA.<\/p>\n<p>&nbsp;<\/p>\n<p>&nbsp;<\/p>\n<div><strong>BAZAR MERLIN<\/strong><br \/>\n<strong>El Lugar M\u00e1s M\u00edstico de Guadalajara<\/strong><br \/>\n<strong>ENVIAMOS A TODO M\u00c9XICO<\/strong><\/div>\n<!-- AddThis Advanced Settings generic via filter on the_content --><!-- AddThis Share Buttons generic via filter on the_content -->","protected":false},"excerpt":{"rendered":"<p>MANUAL DEL APRENDIZ LA MASONER\u00cdA REVELADA &nbsp; Los manuales de aldo lavagnini (magister) son quiz\u00e1 los escritos amaz\u00f3nicos m\u00e1s difundidos y conocidos en lengua castellana. La verdad es que sobre todo tenemos que agradecer al autor el hecho de dar en su obra una importancia capital a los PRINCIPIOS UNIVERSALES DE LA ORDEN, y de&hellip;<!-- AddThis Advanced Settings generic via filter on get_the_excerpt --><!-- AddThis Share Buttons generic via filter on get_the_excerpt --><\/p>\n","protected":false},"featured_media":11219,"template":"","meta":[],"product_cat":[13],"product_tag":[1113,1112],"_links":{"self":[{"href":"https:\/\/www.bazarmerlin.com\/inicio\/wp-json\/wp\/v2\/product\/1928"}],"collection":[{"href":"https:\/\/www.bazarmerlin.com\/inicio\/wp-json\/wp\/v2\/product"}],"about":[{"href":"https:\/\/www.bazarmerlin.com\/inicio\/wp-json\/wp\/v2\/types\/product"}],"wp:featuredmedia":[{"embeddable":true,"href":"https:\/\/www.bazarmerlin.com\/inicio\/wp-json\/wp\/v2\/media\/11219"}],"wp:attachment":[{"href":"https:\/\/www.bazarmerlin.com\/inicio\/wp-json\/wp\/v2\/media?parent=1928"}],"wp:term":[{"taxonomy":"product_cat","embeddable":true,"href":"https:\/\/www.bazarmerlin.com\/inicio\/wp-json\/wp\/v2\/product_cat?post=1928"},{"taxonomy":"product_tag","embeddable":true,"href":"https:\/\/www.bazarmerlin.com\/inicio\/wp-json\/wp\/v2\/product_tag?post=1928"}],"curies":[{"name":"wp","href":"https:\/\/api.w.org\/{rel}","templated":true}]}}