{"id":1930,"date":"2015-07-21T20:21:08","date_gmt":"2015-07-21T20:21:08","guid":{"rendered":"https:\/\/www.bazarmerlin.com\/inicio\/?post_type=product&#038;p=1930"},"modified":"2022-12-22T23:18:20","modified_gmt":"2022-12-22T23:18:20","slug":"manual-del-companero-la-masoneria-revelada","status":"publish","type":"product","link":"https:\/\/www.bazarmerlin.com\/inicio\/producto\/manual-del-companero-la-masoneria-revelada\/","title":{"rendered":"Manual del Compa\u00f1ero &#8211; La Masoneria Revelada"},"content":{"rendered":"<p><strong>MANUAL DEL COMPA\u00d1ERO.<\/strong><br \/>\n<strong>MAGISTER.<\/strong><\/p>\n<p>&nbsp;<\/p>\n<p>En El Manual del Compa\u00f1ero, se hace \u00e9nfasis en el triunfo de la Verdad, ofrece en su primera parte un relato sobre el desarrollo hist\u00f3rico de la masoner\u00eda moderna, deduciendo al final que el \u00fanico y verdadero \u201clazo universal\u201d que une a los masones son los Principios de la Orden.<\/p>\n<p>Se hace un an\u00e1lisis sobre el significado de la ceremonia de recepci\u00f3n a este segundo grado o aumento de salario, y dedica la tercera y cuarta parte a exponer sus ideas acerca de distintos s\u00edmbolos (sobre todo num\u00e9ricos o geom\u00e9tricos) que se acostumbra estudiar en esta fase del proceso de iniciaci\u00f3n mas\u00f3nica.<\/p>\n<p>Medidas 11.5 x 16.5 \/ 4\u201d x 6\u201d. N\u00famero de P\u00e1ginas 282.<\/p>\n<p>LIBRO ORIGINAL<\/p>\n<p>&nbsp;<\/p>\n<p>&nbsp;<\/p>\n<p>&nbsp;<\/p>\n<p><strong>BAZAR MERLIN<\/strong><br \/>\n<strong>El Lugar M\u00e1s M\u00edstico de Guadalajara<\/strong><br \/>\n<strong>ENVIAMOS A TODO M\u00c9XICO<\/strong><\/p>\n<!-- AddThis Advanced Settings generic via filter on the_content --><!-- AddThis Share Buttons generic via filter on the_content -->","protected":false},"excerpt":{"rendered":"<p>MANUAL DEL COMPA\u00d1ERO. MAGISTER. &nbsp; En El Manual del Compa\u00f1ero, se hace \u00e9nfasis en el triunfo de la Verdad, ofrece en su primera parte un relato sobre el desarrollo hist\u00f3rico de la masoner\u00eda moderna, deduciendo al final que el \u00fanico y verdadero \u201clazo universal\u201d que une a los masones son los Principios de la Orden.&hellip;<!-- AddThis Advanced Settings generic via filter on get_the_excerpt --><!-- AddThis Share Buttons generic via filter on get_the_excerpt --><\/p>\n","protected":false},"featured_media":11220,"template":"","meta":[],"product_cat":[13],"product_tag":[1113,1114],"_links":{"self":[{"href":"https:\/\/www.bazarmerlin.com\/inicio\/wp-json\/wp\/v2\/product\/1930"}],"collection":[{"href":"https:\/\/www.bazarmerlin.com\/inicio\/wp-json\/wp\/v2\/product"}],"about":[{"href":"https:\/\/www.bazarmerlin.com\/inicio\/wp-json\/wp\/v2\/types\/product"}],"wp:featuredmedia":[{"embeddable":true,"href":"https:\/\/www.bazarmerlin.com\/inicio\/wp-json\/wp\/v2\/media\/11220"}],"wp:attachment":[{"href":"https:\/\/www.bazarmerlin.com\/inicio\/wp-json\/wp\/v2\/media?parent=1930"}],"wp:term":[{"taxonomy":"product_cat","embeddable":true,"href":"https:\/\/www.bazarmerlin.com\/inicio\/wp-json\/wp\/v2\/product_cat?post=1930"},{"taxonomy":"product_tag","embeddable":true,"href":"https:\/\/www.bazarmerlin.com\/inicio\/wp-json\/wp\/v2\/product_tag?post=1930"}],"curies":[{"name":"wp","href":"https:\/\/api.w.org\/{rel}","templated":true}]}}