{"id":1932,"date":"2015-07-21T20:23:57","date_gmt":"2015-07-21T20:23:57","guid":{"rendered":"https:\/\/www.bazarmerlin.com\/inicio\/?post_type=product&#038;p=1932"},"modified":"2022-12-21T00:50:41","modified_gmt":"2022-12-21T00:50:41","slug":"libro-la-pareja-multiorgasmica-mantak-chia","status":"publish","type":"product","link":"https:\/\/www.bazarmerlin.com\/inicio\/producto\/libro-la-pareja-multiorgasmica-mantak-chia\/","title":{"rendered":"Libro La Pareja Multiorg\u00e1smica &#8211; Mantak Chia"},"content":{"rendered":"<p><strong>LIBRO LA PAREJA MULTIORG\u00c1SMICA\u00a0 MANTAK CHIA<\/strong><\/p>\n<p>&nbsp;<\/p>\n<p>T\u00fa y tu pareja aprender\u00e1n a experimentar orgasmos m\u00faltiples y m\u00e1s intensos por todo el cuerpo. Armonizar la sexualidad masculina y femenina para complaceros profundamente el uno al otro. Emplear la sexualidad como fuente de salud y vitalidad.<\/p>\n<p>Expandir vuestro amor y ahondar la intimidad de la relaci\u00f3n. Empleando el poder y la sabidur\u00eda de la tradici\u00f3n sexual tao\u00edsta, t\u00fa y tu pareja aprender\u00e9is unas t\u00e9cnicas f\u00edsicas y psicol\u00f3gicas muy simples, aunque sumamente efectivas, que pueden utilizarse de inmediato y que os permitir\u00e1n experimentar la dicha del placer sexual por todo el cuerpo, orgasmos tras orgasmos. Hombres y mujeres se sentir\u00e1n inspirados a hacer el amor toda la noche y a mantener vivos su amor sensualidad toda la vida.<\/p>\n<p>&nbsp;<\/p>\n<p>&nbsp;<\/p>\n<p><strong>BAZAR MERL\u00cdN\u00ae<\/strong><br \/>\n<strong>El Lugar M\u00e1s M\u00edstico de Guadalajara<\/strong><br \/>\n<strong>ENVIAMOS A TODO M\u00c9XICO<\/strong><\/p>\n<!-- AddThis Advanced Settings generic via filter on the_content --><!-- AddThis Share Buttons generic via filter on the_content -->","protected":false},"excerpt":{"rendered":"<p>LIBRO LA PAREJA MULTIORG\u00c1SMICA\u00a0 MANTAK CHIA &nbsp; T\u00fa y tu pareja aprender\u00e1n a experimentar orgasmos m\u00faltiples y m\u00e1s intensos por todo el cuerpo. Armonizar la sexualidad masculina y femenina para complaceros profundamente el uno al otro. Emplear la sexualidad como fuente de salud y vitalidad. Expandir vuestro amor y ahondar la intimidad de la relaci\u00f3n.&hellip;<!-- AddThis Advanced Settings generic via filter on get_the_excerpt --><!-- AddThis Share Buttons generic via filter on get_the_excerpt --><\/p>\n","protected":false},"featured_media":11202,"template":"","meta":[],"product_cat":[13],"product_tag":[1115,121],"_links":{"self":[{"href":"https:\/\/www.bazarmerlin.com\/inicio\/wp-json\/wp\/v2\/product\/1932"}],"collection":[{"href":"https:\/\/www.bazarmerlin.com\/inicio\/wp-json\/wp\/v2\/product"}],"about":[{"href":"https:\/\/www.bazarmerlin.com\/inicio\/wp-json\/wp\/v2\/types\/product"}],"wp:featuredmedia":[{"embeddable":true,"href":"https:\/\/www.bazarmerlin.com\/inicio\/wp-json\/wp\/v2\/media\/11202"}],"wp:attachment":[{"href":"https:\/\/www.bazarmerlin.com\/inicio\/wp-json\/wp\/v2\/media?parent=1932"}],"wp:term":[{"taxonomy":"product_cat","embeddable":true,"href":"https:\/\/www.bazarmerlin.com\/inicio\/wp-json\/wp\/v2\/product_cat?post=1932"},{"taxonomy":"product_tag","embeddable":true,"href":"https:\/\/www.bazarmerlin.com\/inicio\/wp-json\/wp\/v2\/product_tag?post=1932"}],"curies":[{"name":"wp","href":"https:\/\/api.w.org\/{rel}","templated":true}]}}