{"id":196,"date":"2015-06-23T18:48:43","date_gmt":"2015-06-23T18:48:43","guid":{"rendered":"https:\/\/www.bazarmerlin.com\/inicio\/?post_type=product&#038;p=196"},"modified":"2022-11-10T22:18:53","modified_gmt":"2022-11-10T22:18:53","slug":"pentagrama-en-oro-14-kilates-maxima-calidad-y-definicion","status":"publish","type":"product","link":"https:\/\/www.bazarmerlin.com\/inicio\/producto\/pentagrama-en-oro-14-kilates-maxima-calidad-y-definicion\/","title":{"rendered":"Pentagrama En Oro 14 Kilates Maxima Calidad Y Definicion"},"content":{"rendered":"<p><strong>PODEROSO PENTAGRAMA ESOT\u00c9RICO<\/strong><br \/>\n<strong>EN FINO ORO DE 14 KILATES.<\/strong><\/p>\n<p>&nbsp;<\/p>\n<p>TOTALMENTE CON LA M\u00c1XIMA DEFINICI\u00d3N<br \/>\nCon Un Tama\u00f1o Aproximado<br \/>\n2.2 CMS DE DI\u00c1METRO X 3.2 DE ALTO<br \/>\n(CONSIDERANDO EL PASA CADENA)<\/p>\n<p>Esta Elaborado Totalmente A Mano Y Consagrado Especialmente Para Ti Bajo Un Ritual Muy Poderoso Y De Verdadera Alta Magia.<\/p>\n<p>\u00bfPOR QUE ES TAN PODEROSO ESTE TALISMAN? Por La Simbolog\u00eda Que Encierra,<\/p>\n<p>Porque Se Prepara Y Ritualiza Con Decretos Y Rituales De Alta Magia Que Le Ayudan A Aumentar Su Poder De Protecci\u00f3n contra da\u00f1os, envidias y cualquier tipo de TRABAJO DE MAGIA.<\/p>\n<p>El pentagrama expresa la dominaci\u00f3n del esp\u00edritu sobre los elementos de la Naturaleza. Con este signo m\u00e1gico podemos mandar a las criaturas elementales que pueblan las regiones del fuego, aire, agua y tierra. Atrae a tu vida el Amor que siempre so\u00f1aste, Salud Para Ti Y Tus Seres Queridos, Protecci\u00f3n Contra Accidentes y Brujer\u00edas, Abrirte Caminos En Todo Lo Que Emprendas Como La Riqueza Que Nunca Imaginaste.<\/p>\n<p>El Pentagrama Esot\u00e9rico con la punta superior hacia arriba sirve para hacer huir a los tenebrosos. Puesto en el umbral de la puerta con la punta superior hacia dentro y los dos \u00e1ngulos inferiores hacia fuera no permiten el paso a los magos negros. El Pentagrama es la Estrella Flam\u00edgera. El Pentagrama es el signo del VERBO HECHO CARNE.<\/p>\n<p>Este poderoso pentagrama o tetragramaton esta fabricado en ORO.<\/p>\n<p>&#8211;TOTALMENTE HECHO A MANO&#8211;<\/p>\n<p>&nbsp;<\/p>\n<p>&nbsp;<\/p>\n<p><strong>BAZAR MERL\u00cdN<\/strong><br \/>\n<strong>El Lugar M\u00e1s M\u00edstico de Guadalajara<\/strong><br \/>\n<strong>ENVIAMOS A TODO M\u00c9XICO<\/strong><\/p>\n<!-- AddThis Advanced Settings generic via filter on the_content --><!-- AddThis Share Buttons generic via filter on the_content -->","protected":false},"excerpt":{"rendered":"<p>PODEROSO PENTAGRAMA ESOT\u00c9RICO EN FINO ORO DE 14 KILATES. &nbsp; TOTALMENTE CON LA M\u00c1XIMA DEFINICI\u00d3N Con Un Tama\u00f1o Aproximado 2.2 CMS DE DI\u00c1METRO X 3.2 DE ALTO (CONSIDERANDO EL PASA CADENA) Esta Elaborado Totalmente A Mano Y Consagrado Especialmente Para Ti Bajo Un Ritual Muy Poderoso Y De Verdadera Alta Magia. \u00bfPOR QUE ES TAN&hellip;<!-- AddThis Advanced Settings generic via filter on get_the_excerpt --><!-- AddThis Share Buttons generic via filter on get_the_excerpt --><\/p>\n","protected":false},"featured_media":10708,"template":"","meta":[],"product_cat":[12],"product_tag":[453],"_links":{"self":[{"href":"https:\/\/www.bazarmerlin.com\/inicio\/wp-json\/wp\/v2\/product\/196"}],"collection":[{"href":"https:\/\/www.bazarmerlin.com\/inicio\/wp-json\/wp\/v2\/product"}],"about":[{"href":"https:\/\/www.bazarmerlin.com\/inicio\/wp-json\/wp\/v2\/types\/product"}],"wp:featuredmedia":[{"embeddable":true,"href":"https:\/\/www.bazarmerlin.com\/inicio\/wp-json\/wp\/v2\/media\/10708"}],"wp:attachment":[{"href":"https:\/\/www.bazarmerlin.com\/inicio\/wp-json\/wp\/v2\/media?parent=196"}],"wp:term":[{"taxonomy":"product_cat","embeddable":true,"href":"https:\/\/www.bazarmerlin.com\/inicio\/wp-json\/wp\/v2\/product_cat?post=196"},{"taxonomy":"product_tag","embeddable":true,"href":"https:\/\/www.bazarmerlin.com\/inicio\/wp-json\/wp\/v2\/product_tag?post=196"}],"curies":[{"name":"wp","href":"https:\/\/api.w.org\/{rel}","templated":true}]}}