{"id":206,"date":"2015-06-23T18:59:30","date_gmt":"2015-06-23T18:59:30","guid":{"rendered":"https:\/\/www.bazarmerlin.com\/inicio\/?post_type=product&#038;p=206"},"modified":"2022-12-14T00:13:23","modified_gmt":"2022-12-14T00:13:23","slug":"pentagrama-en-anillo-de-plata-contra-brujerias-y-enemigos","status":"publish","type":"product","link":"https:\/\/www.bazarmerlin.com\/inicio\/producto\/pentagrama-en-anillo-de-plata-contra-brujerias-y-enemigos\/","title":{"rendered":"Anillo Pentagrama En Plata Fina Con 7 Metales Virgenes"},"content":{"rendered":"<h3><strong>ANILLO PENTAGRAMA<\/strong><\/h3>\n<p>ELABORADO EN FINA PLATA LEY, TALLADO TOTALMENTE<br \/>\nA MANO CON ALEACI\u00d3N DE 7 METALES ALQU\u00cdMICOS.<\/p>\n<p>*ATRAE A TU VIDA EL AMOR, SALUD, PROTECCI\u00d3N COMO LA RIQUEZA COMO NUNCA JAMAS IMAGINASTE.*<\/p>\n<p>EL PODEROSO PENTAGRAMA ESOT\u00c9RICO: El pentagrama expresa la dominaci\u00f3n del esp\u00edritu sobre los elementos de la Naturaleza. Con este signo m\u00e1gico podemos mandar a las criaturas elementales que pueblan las regiones del fuego, aire, agua y tierra.<\/p>\n<p>El Pentagrama Esot\u00e9rico con la punta superior hacia arriba sirve para hacer huir a los tenebrosos. Puesto en el umbral de la puerta con la punta superior hacia dentro y los dos \u00e1ngulos inferiores hacia fuera no permiten el paso a los magos negros. El Pentagrama es la Estrella Flam\u00edgera.<\/p>\n<p>El Pentagrama es el signo del VERBO HECHO CARNE. Ante este s\u00edmbolo Tiemblan Cualquier Demonio y huye aterrorizado.<\/p>\n<p>Seg\u00fan la direcci\u00f3n de sus rayos puede representar a Dios y su fuerza divina. Cuando el pentagrama eleva su rayo superior, representa a Cristo.<\/p>\n<p>Este poderoso pentagrama o tetragramaton contiene una aleaci\u00f3n de siete metales que corresponden a los siete planetas esot\u00e9ricos:<\/p>\n<p>Plata para la Luna<br \/>\nAzogue para el Mercurio<br \/>\nCobre para Venus<br \/>\nOro para el Sol<br \/>\nHierro para Marte<br \/>\nEsta\u00f1o para J\u00fapiter<br \/>\nPlomo para Saturno<\/p>\n<p>Nuestro PODEROSO ANILLO SE ENTREGA DEBIDAMENTE RITUALIZADO Y CONSAGRADO PARA PODERTE GARANTIZAR \u00c9XITO SEGURO EN TODO LO QUE EMPRENDAS, Ya que se consagra y se personaliza para ayudar a cambiar tu mala suerte en \u00e9xito seguro.<\/p>\n<p>Fabricado en plata ley de la mas fina LEY .925 (como la de la onza troy de plata) y una aleaci\u00f3n de 7 metales v\u00edrgenes y alqu\u00edmicos para garantizarte \u00e9xito seguro en todo, Ademas Se entrega debidamente ritualizado y magnetizado si lo adquieres ahora.<\/p>\n<p>NOTA IMPORTANTE : ESTE PODEROSO ANILLO SE FABRICA A MANO POR LO QUE PUEDE TENER PEQUE\u00d1AS VARIACIONES Y DETALLES, SU FABRICACI\u00d3N SE HACE AL MOMENTO PARA QUE RECIBAS UNA PIEZA NUEVA, PULIDA Y BRILLOSA Y PUEDE TARDAR EN LLEGARTE DE 2 A 3 D\u00cdAS H\u00c1BILES.<\/p>\n<p>&#8212; ANILLO TOTALMENTE HECHO A MANO &#8212;<\/p>\n<p>&nbsp;<\/p>\n<p><strong>BAZAR MERLIN<\/strong><br \/>\n<strong>El Lugar M\u00e1s M\u00edstico de Guadalajara<\/strong><br \/>\n<strong>ENVIAMOS A TODO M\u00c9XICO<\/strong><\/p>\n<!-- AddThis Advanced Settings generic via filter on the_content --><!-- AddThis Share Buttons generic via filter on the_content -->","protected":false},"excerpt":{"rendered":"<p>ANILLO PENTAGRAMA ELABORADO EN FINA PLATA LEY, TALLADO TOTALMENTE A MANO CON ALEACI\u00d3N DE 7 METALES ALQU\u00cdMICOS. *ATRAE A TU VIDA EL AMOR, SALUD, PROTECCI\u00d3N COMO LA RIQUEZA COMO NUNCA JAMAS IMAGINASTE.* EL PODEROSO PENTAGRAMA ESOT\u00c9RICO: El pentagrama expresa la dominaci\u00f3n del esp\u00edritu sobre los elementos de la Naturaleza. Con este signo m\u00e1gico podemos mandar&hellip;<!-- AddThis Advanced Settings generic via filter on get_the_excerpt --><!-- AddThis Share Buttons generic via filter on get_the_excerpt --><\/p>\n","protected":false},"featured_media":8004,"template":"","meta":[],"product_cat":[23],"product_tag":[458],"_links":{"self":[{"href":"https:\/\/www.bazarmerlin.com\/inicio\/wp-json\/wp\/v2\/product\/206"}],"collection":[{"href":"https:\/\/www.bazarmerlin.com\/inicio\/wp-json\/wp\/v2\/product"}],"about":[{"href":"https:\/\/www.bazarmerlin.com\/inicio\/wp-json\/wp\/v2\/types\/product"}],"wp:featuredmedia":[{"embeddable":true,"href":"https:\/\/www.bazarmerlin.com\/inicio\/wp-json\/wp\/v2\/media\/8004"}],"wp:attachment":[{"href":"https:\/\/www.bazarmerlin.com\/inicio\/wp-json\/wp\/v2\/media?parent=206"}],"wp:term":[{"taxonomy":"product_cat","embeddable":true,"href":"https:\/\/www.bazarmerlin.com\/inicio\/wp-json\/wp\/v2\/product_cat?post=206"},{"taxonomy":"product_tag","embeddable":true,"href":"https:\/\/www.bazarmerlin.com\/inicio\/wp-json\/wp\/v2\/product_tag?post=206"}],"curies":[{"name":"wp","href":"https:\/\/api.w.org\/{rel}","templated":true}]}}