{"id":208,"date":"2015-06-23T19:01:56","date_gmt":"2015-06-23T19:01:56","guid":{"rendered":"https:\/\/www.bazarmerlin.com\/inicio\/?post_type=product&#038;p=208"},"modified":"2022-11-01T22:38:02","modified_gmt":"2022-11-01T22:38:02","slug":"dije-de-cuarzo-agata-con-montadura-y-correa","status":"publish","type":"product","link":"https:\/\/www.bazarmerlin.com\/inicio\/producto\/dije-de-cuarzo-agata-con-montadura-y-correa\/","title":{"rendered":"Dije De Cuarzo \u00c1gata &#8211; Con Montadura Y Correa"},"content":{"rendered":"<p><strong>DIJE DE CUARZO AGATA<\/strong><br \/>\n<strong>CON MONTADURA Y CORREO<\/strong><\/p>\n<p>&nbsp;<\/p>\n<p>EL \u00c1GATA, har\u00e1 que el \u00e9xito le siga a donde vaya y le proteger\u00e1 de las enfermedades. Tendr\u00e1 buena suerte en el amor y amistad<\/p>\n<p>Los Antiguos cre\u00edan que esta piedra reun\u00eda todos los poderes de las fuerzas c\u00f3smicas EL \u00c1GATA es un talism\u00e1n que ayuda a elevar la autoestima y cree en nosotros mismos para propiciar nuestro desarrollo como seres humanos; notar\u00e1 un equilibrio en el plano f\u00edsico.<\/p>\n<p>Ayuda considerablemente contra la depresi\u00f3n. Tambi\u00e9n es \u00fatil para reforzar los poderes ps\u00edquicos, ayuda a la b\u00fasqueda de la visi\u00f3n y es excelente protector.<\/p>\n<p>EL CUARZO es un talism\u00e1n que suaviza las tormentas de la vida.<\/p>\n<p>Agiliza la mente, agudiza la visi\u00f3n interior, ayuda a descubrir los tesoros espirituales y dar\u00e1 a su aura una buena vibra dif\u00edcil de resistir.<\/p>\n<p>Equilibra los centros de energ\u00eda del entrecejo y el plexo solar.<\/p>\n<p>&nbsp;<\/p>\n<p>SE USAN TAMBI\u00c9N PARA AUMENTAR LOS PODERES DE OTRAS GEMAS<\/p>\n<p>&nbsp;<\/p>\n<p>&nbsp;<\/p>\n<p><strong>BAZAR MERLIN<\/strong><br \/>\n<strong>El Lugar M\u00e1s M\u00edstico de Guadalajara<\/strong><br \/>\n<strong>ENVIAMOS A TODO M\u00c9XICO<\/strong><\/p>\n<!-- AddThis Advanced Settings generic via filter on the_content --><!-- AddThis Share Buttons generic via filter on the_content -->","protected":false},"excerpt":{"rendered":"<p>DIJE DE CUARZO AGATA CON MONTADURA Y CORREO &nbsp; EL \u00c1GATA, har\u00e1 que el \u00e9xito le siga a donde vaya y le proteger\u00e1 de las enfermedades. Tendr\u00e1 buena suerte en el amor y amistad Los Antiguos cre\u00edan que esta piedra reun\u00eda todos los poderes de las fuerzas c\u00f3smicas EL \u00c1GATA es un talism\u00e1n que ayuda&hellip;<!-- AddThis Advanced Settings generic via filter on get_the_excerpt --><!-- AddThis Share Buttons generic via filter on get_the_excerpt --><\/p>\n","protected":false},"featured_media":10612,"template":"","meta":[],"product_cat":[12],"product_tag":[460,459],"_links":{"self":[{"href":"https:\/\/www.bazarmerlin.com\/inicio\/wp-json\/wp\/v2\/product\/208"}],"collection":[{"href":"https:\/\/www.bazarmerlin.com\/inicio\/wp-json\/wp\/v2\/product"}],"about":[{"href":"https:\/\/www.bazarmerlin.com\/inicio\/wp-json\/wp\/v2\/types\/product"}],"wp:featuredmedia":[{"embeddable":true,"href":"https:\/\/www.bazarmerlin.com\/inicio\/wp-json\/wp\/v2\/media\/10612"}],"wp:attachment":[{"href":"https:\/\/www.bazarmerlin.com\/inicio\/wp-json\/wp\/v2\/media?parent=208"}],"wp:term":[{"taxonomy":"product_cat","embeddable":true,"href":"https:\/\/www.bazarmerlin.com\/inicio\/wp-json\/wp\/v2\/product_cat?post=208"},{"taxonomy":"product_tag","embeddable":true,"href":"https:\/\/www.bazarmerlin.com\/inicio\/wp-json\/wp\/v2\/product_tag?post=208"}],"curies":[{"name":"wp","href":"https:\/\/api.w.org\/{rel}","templated":true}]}}