{"id":210,"date":"2015-06-23T19:03:46","date_gmt":"2015-06-23T19:03:46","guid":{"rendered":"https:\/\/www.bazarmerlin.com\/inicio\/?post_type=product&#038;p=210"},"modified":"2022-11-01T22:54:16","modified_gmt":"2022-11-01T22:54:16","slug":"dije-de-cuarzo-citrino-con-montadura-y-correa","status":"publish","type":"product","link":"https:\/\/www.bazarmerlin.com\/inicio\/producto\/dije-de-cuarzo-citrino-con-montadura-y-correa\/","title":{"rendered":"Dije De Cuarzo Citrino &#8211; Con Montadura Y Correa"},"content":{"rendered":"<p><strong>DIJE DE CUARZO CITRINO<\/strong><br \/>\n<strong>CON MONTADURA Y CORREO<\/strong><\/p>\n<p>&nbsp;<\/p>\n<p>EL CUARZO CITRINO se relaciona con la PROSPERIDAD Y LA GENEROSIDAD. Inclina hacia EL BUEN HUMOR, alimenta el esp\u00edritu y FAVORECE LA CONCENTRACI\u00d3N.<\/p>\n<p>Ayuda a desprenderse de las ataduras del pasado y disfrutar de los acontecimientos tal y como se presentan.<\/p>\n<p>A nivel f\u00edsico, los tonos m\u00e1s claros son muy \u00fatiles para actuar sobre el colon, ves\u00edcula biliar, h\u00edgado y todo el tracto digestivo, desinfectando, purgando y eliminando las toxinas.<\/p>\n<p>Protege el aparato reproductor, en especial el femenino. Afaca las enfermedades relacionadas con el fr\u00edo, como la artritis, el reuma y las asociadas con el sistema respiratorio.<\/p>\n<p>Disminuye las secuelas del Parkinson, combate la demencia senil y estimula la memoria.<\/p>\n<p>&nbsp;<\/p>\n<p>Tambi\u00e9n es \u00fatil para reforzar los poderes ps\u00edquicos, ayuda a la b\u00fasqueda de la visi\u00f3n y es excelente protector EL CUARZO es un talism\u00e1n que suaviza las tormentas de la vida. Agiliza la mente, agudiza la visi\u00f3n interior, ayuda a descubrir los tesoros esp\u00edrituales y dar\u00e1 a su aura una buena vibra dificil de resistir.<\/p>\n<div id=\"tab-description\" class=\"woocommerce-Tabs-panel woocommerce-Tabs-panel--description panel entry-content wc-tab\" role=\"tabpanel\" aria-labelledby=\"tab-title-description\">\n<p>SE USAN TAMBI\u00c9N PARA AUMENTAR LOS PODERES DE OTRAS GEMAS<\/p>\n<p>&nbsp;<\/p>\n<\/div>\n<p>&nbsp;<\/p>\n<p><strong>BAZAR MERLIN<\/strong><br \/>\n<strong>El Lugar M\u00e1s M\u00edstico de Guadalajara<\/strong><br \/>\n<strong>ENVIAMOS A TODO M\u00c9XICO&#8230;<\/strong><\/p>\n<!-- AddThis Advanced Settings generic via filter on the_content --><!-- AddThis Share Buttons generic via filter on the_content -->","protected":false},"excerpt":{"rendered":"<p>DIJE DE CUARZO CITRINO CON MONTADURA Y CORREO &nbsp; EL CUARZO CITRINO se relaciona con la PROSPERIDAD Y LA GENEROSIDAD. Inclina hacia EL BUEN HUMOR, alimenta el esp\u00edritu y FAVORECE LA CONCENTRACI\u00d3N. Ayuda a desprenderse de las ataduras del pasado y disfrutar de los acontecimientos tal y como se presentan. A nivel f\u00edsico, los tonos&hellip;<!-- AddThis Advanced Settings generic via filter on get_the_excerpt --><!-- AddThis Share Buttons generic via filter on get_the_excerpt --><\/p>\n","protected":false},"featured_media":10613,"template":"","meta":[],"product_cat":[12],"product_tag":[460,461],"_links":{"self":[{"href":"https:\/\/www.bazarmerlin.com\/inicio\/wp-json\/wp\/v2\/product\/210"}],"collection":[{"href":"https:\/\/www.bazarmerlin.com\/inicio\/wp-json\/wp\/v2\/product"}],"about":[{"href":"https:\/\/www.bazarmerlin.com\/inicio\/wp-json\/wp\/v2\/types\/product"}],"wp:featuredmedia":[{"embeddable":true,"href":"https:\/\/www.bazarmerlin.com\/inicio\/wp-json\/wp\/v2\/media\/10613"}],"wp:attachment":[{"href":"https:\/\/www.bazarmerlin.com\/inicio\/wp-json\/wp\/v2\/media?parent=210"}],"wp:term":[{"taxonomy":"product_cat","embeddable":true,"href":"https:\/\/www.bazarmerlin.com\/inicio\/wp-json\/wp\/v2\/product_cat?post=210"},{"taxonomy":"product_tag","embeddable":true,"href":"https:\/\/www.bazarmerlin.com\/inicio\/wp-json\/wp\/v2\/product_tag?post=210"}],"curies":[{"name":"wp","href":"https:\/\/api.w.org\/{rel}","templated":true}]}}