{"id":212,"date":"2015-06-23T19:05:54","date_gmt":"2015-06-23T19:05:54","guid":{"rendered":"https:\/\/www.bazarmerlin.com\/inicio\/?post_type=product&#038;p=212"},"modified":"2022-11-01T23:05:40","modified_gmt":"2022-11-01T23:05:40","slug":"dije-de-cuarzo-rosa-con-montadura-y-correa","status":"publish","type":"product","link":"https:\/\/www.bazarmerlin.com\/inicio\/producto\/dije-de-cuarzo-rosa-con-montadura-y-correa\/","title":{"rendered":"Dije De Cuarzo Rosa &#8211; Con Montadura Y Correa"},"content":{"rendered":"<p><strong>DIJE DE CUARZO CITRINO<\/strong><br \/>\n<strong>CON MONTADURA Y CORREO<\/strong><\/p>\n<p>&nbsp;<\/p>\n<p>EL CUARZO ROSA sirve para atraer EL AMOR Y LA PASI\u00d3N. Y hacer que tu pareja siempre est\u00e9 contigo<\/p>\n<p>Es conocido por sus poderes calmantes, por su poderosa protecci\u00f3n y para atraer las buenas relaciones y la buena vibra Tr\u00e1elo contigo cada vez que vayas a ver a esa persona que quieras conquistar, cuando est\u00e9s con tu pareja, para socializar o para solucionar problemas con alguien.<\/p>\n<p>Tambi\u00e9n es \u00fatil para reforzar los poderes ps\u00edquicos, ayuda a la b\u00fasqueda de la visi\u00f3n y es excelente protector EL CUARZO es un talism\u00e1n que suaviza las tormentas de la vida.<\/p>\n<p>Agiliza la mente, agudiza la visi\u00f3n interior, ayuda a descubrir los tesoros espirituales y dar\u00e1 a su aura una buena vibra dif\u00edcil de resistir.<\/p>\n<p>Estimula el buen funcionamiento de los ri\u00f1ones, aumenta la creatividad, la autoestima, y la confianza; as\u00ed como la paz interior<\/p>\n<p>&nbsp;<\/p>\n<div id=\"tab-description\" class=\"woocommerce-Tabs-panel woocommerce-Tabs-panel--description panel entry-content wc-tab\" role=\"tabpanel\" aria-labelledby=\"tab-title-description\">\n<p>SE USAN TAMBI\u00c9N PARA AUMENTAR LOS PODERES DE OTRAS GEMAS<\/p>\n<p>&nbsp;<\/p>\n<\/div>\n<p>&nbsp;<\/p>\n<p><strong>BAZAR MERLIN<\/strong><br \/>\n<strong>El Lugar M\u00e1s M\u00edstico de Guadalajara<\/strong><br \/>\n<strong>ENVIAMOS A TODO M\u00c9XICO&#8230;<\/strong><\/p>\n<!-- AddThis Advanced Settings generic via filter on the_content --><!-- AddThis Share Buttons generic via filter on the_content -->","protected":false},"excerpt":{"rendered":"<p>DIJE DE CUARZO CITRINO CON MONTADURA Y CORREO &nbsp; EL CUARZO ROSA sirve para atraer EL AMOR Y LA PASI\u00d3N. Y hacer que tu pareja siempre est\u00e9 contigo Es conocido por sus poderes calmantes, por su poderosa protecci\u00f3n y para atraer las buenas relaciones y la buena vibra Tr\u00e1elo contigo cada vez que vayas a&hellip;<!-- AddThis Advanced Settings generic via filter on get_the_excerpt --><!-- AddThis Share Buttons generic via filter on get_the_excerpt --><\/p>\n","protected":false},"featured_media":10614,"template":"","meta":[],"product_cat":[12],"product_tag":[460,462],"_links":{"self":[{"href":"https:\/\/www.bazarmerlin.com\/inicio\/wp-json\/wp\/v2\/product\/212"}],"collection":[{"href":"https:\/\/www.bazarmerlin.com\/inicio\/wp-json\/wp\/v2\/product"}],"about":[{"href":"https:\/\/www.bazarmerlin.com\/inicio\/wp-json\/wp\/v2\/types\/product"}],"wp:featuredmedia":[{"embeddable":true,"href":"https:\/\/www.bazarmerlin.com\/inicio\/wp-json\/wp\/v2\/media\/10614"}],"wp:attachment":[{"href":"https:\/\/www.bazarmerlin.com\/inicio\/wp-json\/wp\/v2\/media?parent=212"}],"wp:term":[{"taxonomy":"product_cat","embeddable":true,"href":"https:\/\/www.bazarmerlin.com\/inicio\/wp-json\/wp\/v2\/product_cat?post=212"},{"taxonomy":"product_tag","embeddable":true,"href":"https:\/\/www.bazarmerlin.com\/inicio\/wp-json\/wp\/v2\/product_tag?post=212"}],"curies":[{"name":"wp","href":"https:\/\/api.w.org\/{rel}","templated":true}]}}