{"id":232,"date":"2015-06-23T19:41:40","date_gmt":"2015-06-23T19:41:40","guid":{"rendered":"https:\/\/www.bazarmerlin.com\/inicio\/?post_type=product&#038;p=232"},"modified":"2023-01-06T23:29:38","modified_gmt":"2023-01-06T23:29:38","slug":"libro-el-yoga-de-jesus-paramahansa-yogananda","status":"publish","type":"product","link":"https:\/\/www.bazarmerlin.com\/inicio\/producto\/libro-el-yoga-de-jesus-paramahansa-yogananda\/","title":{"rendered":"Libro El Yoga De Jes\u00fas &#8211; Paramahansa Yogananda"},"content":{"rendered":"<p><strong>LIBRO EL YOGA DE JES\u00daS<\/strong><br \/>\n<strong>PARAMAHANSA YOGANANDA<\/strong><\/p>\n<p>&nbsp;<\/p>\n<p>En esta extraordinaria obra, Paramahansa Yogananda revela la ciencia del yoga que se halla oculta en los Evangelios y confirma que Jes\u00fas -al igual que los antiguos sabios y maestros de Oriente- no s\u00f3lo conoc\u00eda el yoga, sino que ense\u00f1\u00f3 a sus disc\u00edpulos m\u00e1s cercanos esta ciencia universal cuya finalidad es alcanzar la uni\u00f3n con Dios.<\/p>\n<p>Este libro es una concisa recopilaci\u00f3n de una obra profundamente elogiada del autor y publicada en dos vol\u00famenes, &#8220;The second coming of Christ: The resurrection of the Christ within you (La segunda venida de Cristo: la resurrecci\u00f3n de Cristo que mora en tu interior), cuya profunda visi\u00f3n espiritual trasciende los siglos de dogmas e interpretaciones err\u00f3neas que han ensombrecido las ense\u00f1anzas originales de Jes\u00fas y muestra que \u00e9l ense\u00f1\u00f3 un sendero unificador por medio del cual los buscadores de todas las religiones tienen la posibilidad de entrar en el reino de Dios.<\/p>\n<p>&nbsp;<\/p>\n<p>&nbsp;<\/p>\n<p><strong>BAZAR MERL\u00cdN\u00ae<\/strong><br \/>\n<strong>El Lugar M\u00e1s M\u00edstico de Guadalajara<\/strong><br \/>\n<strong>ENVIAMOS A TODO M\u00c9XICO<\/strong><\/p>\n<!-- AddThis Advanced Settings generic via filter on the_content --><!-- AddThis Share Buttons generic via filter on the_content -->","protected":false},"excerpt":{"rendered":"<p>LIBRO EL YOGA DE JES\u00daS PARAMAHANSA YOGANANDA &nbsp; En esta extraordinaria obra, Paramahansa Yogananda revela la ciencia del yoga que se halla oculta en los Evangelios y confirma que Jes\u00fas -al igual que los antiguos sabios y maestros de Oriente- no s\u00f3lo conoc\u00eda el yoga, sino que ense\u00f1\u00f3 a sus disc\u00edpulos m\u00e1s cercanos esta ciencia&hellip;<!-- AddThis Advanced Settings generic via filter on get_the_excerpt --><!-- AddThis Share Buttons generic via filter on get_the_excerpt --><\/p>\n","protected":false},"featured_media":11415,"template":"","meta":[],"product_cat":[16],"product_tag":[465,466],"_links":{"self":[{"href":"https:\/\/www.bazarmerlin.com\/inicio\/wp-json\/wp\/v2\/product\/232"}],"collection":[{"href":"https:\/\/www.bazarmerlin.com\/inicio\/wp-json\/wp\/v2\/product"}],"about":[{"href":"https:\/\/www.bazarmerlin.com\/inicio\/wp-json\/wp\/v2\/types\/product"}],"wp:featuredmedia":[{"embeddable":true,"href":"https:\/\/www.bazarmerlin.com\/inicio\/wp-json\/wp\/v2\/media\/11415"}],"wp:attachment":[{"href":"https:\/\/www.bazarmerlin.com\/inicio\/wp-json\/wp\/v2\/media?parent=232"}],"wp:term":[{"taxonomy":"product_cat","embeddable":true,"href":"https:\/\/www.bazarmerlin.com\/inicio\/wp-json\/wp\/v2\/product_cat?post=232"},{"taxonomy":"product_tag","embeddable":true,"href":"https:\/\/www.bazarmerlin.com\/inicio\/wp-json\/wp\/v2\/product_tag?post=232"}],"curies":[{"name":"wp","href":"https:\/\/api.w.org\/{rel}","templated":true}]}}