{"id":234,"date":"2015-06-23T19:43:24","date_gmt":"2015-06-23T19:43:24","guid":{"rendered":"https:\/\/www.bazarmerlin.com\/inicio\/?post_type=product&#038;p=234"},"modified":"2023-01-05T22:58:07","modified_gmt":"2023-01-05T22:58:07","slug":"libro-el-yoga-del-bhagavad-guita-paramahansa-yogananda","status":"publish","type":"product","link":"https:\/\/www.bazarmerlin.com\/inicio\/producto\/libro-el-yoga-del-bhagavad-guita-paramahansa-yogananda\/","title":{"rendered":"El Yoga Del Bhagavad Guita &#8211; Paramahansa Yogananda"},"content":{"rendered":"<p><strong>EL YOGA DEL BHAGAVAD GUITA\u00a0 PARAMAHANSA YOGANANDA<\/strong><\/p>\n<p>&nbsp;<\/p>\n<p>De Dios provenimos, y nuestro destino final es retornar a \u00c9l<\/p>\n<p>El fin y el medio para alcanzar esa meta es el yoga, la ciencia eterna de la uni\u00f3n con Dios.<\/p>\n<p>Paramahansa Yogananda autor de Autobiografia de un yogui Esta selecci\u00f3n de textos, provenientes de la traducci\u00f3n y comentario del Bhaga- vad Guita (God Talks With Arjuna [Dios habla con Arjuna]) que realiz\u00f3 Paramahansa Yogananda -una obra en dos vol\u00famenes muy elogiada por la cr\u00edtica, constituye una concisa e inspirativa introducci\u00f3n a las verdades espirituales de la escritura m\u00e1s amada de la India; en ella se explica de qu\u00e9 manera los m\u00e9todos graduales de la meditaci\u00f3n y\u00f3gica y la acci\u00f3n correcta permiten alcanzar la uni\u00f3n con el Esp\u00edritu y la liberaci\u00f3n suprema. Al revelar el significado m\u00e1s profundo de la simbologia oculta en el Gaita, este libro muestra c\u00f3mo los guerreros que combaten en el campo de batalla de Kurukshetra representan las tendencias negativas del ego humano que luchan contra las cualidades divinas del alma, y c\u00f3mo la ciencia del Yoga puede ayudarnos a experimentar el gozo de la victoria espiritual y material en el campo de batalla de la vida diaria.<\/p>\n<p>&nbsp;<\/p>\n<p>&nbsp;<\/p>\n<p><strong>BAZAR MERL\u00cdN\u00ae<\/strong><br \/>\n<strong>El Lugar M\u00e1s M\u00edstico de Guadalajara<\/strong><br \/>\n<strong>ENVIAMOS A TODO M\u00c9XICO<\/strong><\/p>\n<!-- AddThis Advanced Settings generic via filter on the_content --><!-- AddThis Share Buttons generic via filter on the_content -->","protected":false},"excerpt":{"rendered":"<p>EL YOGA DEL BHAGAVAD GUITA\u00a0 PARAMAHANSA YOGANANDA &nbsp; De Dios provenimos, y nuestro destino final es retornar a \u00c9l El fin y el medio para alcanzar esa meta es el yoga, la ciencia eterna de la uni\u00f3n con Dios. Paramahansa Yogananda autor de Autobiografia de un yogui Esta selecci\u00f3n de textos, provenientes de la traducci\u00f3n&hellip;<!-- AddThis Advanced Settings generic via filter on get_the_excerpt --><!-- AddThis Share Buttons generic via filter on get_the_excerpt --><\/p>\n","protected":false},"featured_media":8376,"template":"","meta":[],"product_cat":[16],"product_tag":[467,466],"_links":{"self":[{"href":"https:\/\/www.bazarmerlin.com\/inicio\/wp-json\/wp\/v2\/product\/234"}],"collection":[{"href":"https:\/\/www.bazarmerlin.com\/inicio\/wp-json\/wp\/v2\/product"}],"about":[{"href":"https:\/\/www.bazarmerlin.com\/inicio\/wp-json\/wp\/v2\/types\/product"}],"wp:featuredmedia":[{"embeddable":true,"href":"https:\/\/www.bazarmerlin.com\/inicio\/wp-json\/wp\/v2\/media\/8376"}],"wp:attachment":[{"href":"https:\/\/www.bazarmerlin.com\/inicio\/wp-json\/wp\/v2\/media?parent=234"}],"wp:term":[{"taxonomy":"product_cat","embeddable":true,"href":"https:\/\/www.bazarmerlin.com\/inicio\/wp-json\/wp\/v2\/product_cat?post=234"},{"taxonomy":"product_tag","embeddable":true,"href":"https:\/\/www.bazarmerlin.com\/inicio\/wp-json\/wp\/v2\/product_tag?post=234"}],"curies":[{"name":"wp","href":"https:\/\/api.w.org\/{rel}","templated":true}]}}