{"id":275,"date":"2015-06-24T18:22:52","date_gmt":"2015-06-24T18:22:52","guid":{"rendered":"https:\/\/www.bazarmerlin.com\/inicio\/?post_type=product&#038;p=275"},"modified":"2022-12-23T00:27:51","modified_gmt":"2022-12-23T00:27:51","slug":"piensa-que-eres-rico-dr-joseph-murphy","status":"publish","type":"product","link":"https:\/\/www.bazarmerlin.com\/inicio\/producto\/piensa-que-eres-rico-dr-joseph-murphy\/","title":{"rendered":"Piensa Que Eres Rico &#8211; Dr. Joseph Murphy"},"content":{"rendered":"<p><strong>LIBRO PIENSA QUE ERES RICO<\/strong><br \/>\n<strong>MENTE SUBCONSCIENTE<\/strong><br \/>\n<strong>J. MURPHY<\/strong><\/p>\n<p>&nbsp;<\/p>\n<p>Libro original, nuevo, 318 p\u00e1ginas<br \/>\nEs un libro maravilloso sobre todo conforme continuas con la lectura de las paginas descubres que todos los seres humanos tenemos en nuestro interior un poder y lo podemos usar para ser mejor, y tecnicas de como puedes hacer realidad tus metas.<\/p>\n<p>Para millones de personas, el poder de tu mente subconsciente ha contribuido a alcanzar objetivos importantes en sus vidas por el simple hecho de ayudarles a cambiar la manera de pensar. La presente es una edici\u00f3n autorizada, revisada y aumentada con nuevos pasajes entresacados de escritos in\u00e9ditos del Dr. Murphy, y presenta y explica diversas t\u00e9cnicas de proyecci\u00f3n mental que nos permiten salvar aquellos obst\u00e1culos subconscientes que impiden la consecuci\u00f3n del \u00e9xito que tanto deseamos y merecemos. Pr\u00e1ctica, y a la vez edificante, la obra del Dr. Murphy se vale de ejemplos tomados de la vida real para ense\u00f1arnos la forma de liberar extraordinarios poderes mentales que, adem\u00e1s de aumentar la confianza en nosotros mismos, crean relaciones armoniosas, nos facilitan el \u00e9xito profesional, acrecientan nuestras riquezas, suprimen miedos y fobias, hacen desaparecer los malos h\u00e1bitos, realizan curaciones y propician nuestra felicidad y bienestar general.<\/p>\n<p>&nbsp;<\/p>\n<p>&nbsp;<\/p>\n<p><strong>BAZAR MERL\u00cdN\u00ae<\/strong><br \/>\n<strong>El Lugar M\u00e1s M\u00edstico de Guadalajara<\/strong><br \/>\n<strong>ENVIAMOS A TODO<\/strong><\/p>\n<!-- AddThis Advanced Settings generic via filter on the_content --><!-- AddThis Share Buttons generic via filter on the_content -->","protected":false},"excerpt":{"rendered":"<p>LIBRO PIENSA QUE ERES RICO MENTE SUBCONSCIENTE J. MURPHY &nbsp; Libro original, nuevo, 318 p\u00e1ginas Es un libro maravilloso sobre todo conforme continuas con la lectura de las paginas descubres que todos los seres humanos tenemos en nuestro interior un poder y lo podemos usar para ser mejor, y tecnicas de como puedes hacer realidad&hellip;<!-- AddThis Advanced Settings generic via filter on get_the_excerpt --><!-- AddThis Share Buttons generic via filter on get_the_excerpt --><\/p>\n","protected":false},"featured_media":11228,"template":"","meta":[],"product_cat":[13],"product_tag":[469,468],"_links":{"self":[{"href":"https:\/\/www.bazarmerlin.com\/inicio\/wp-json\/wp\/v2\/product\/275"}],"collection":[{"href":"https:\/\/www.bazarmerlin.com\/inicio\/wp-json\/wp\/v2\/product"}],"about":[{"href":"https:\/\/www.bazarmerlin.com\/inicio\/wp-json\/wp\/v2\/types\/product"}],"wp:featuredmedia":[{"embeddable":true,"href":"https:\/\/www.bazarmerlin.com\/inicio\/wp-json\/wp\/v2\/media\/11228"}],"wp:attachment":[{"href":"https:\/\/www.bazarmerlin.com\/inicio\/wp-json\/wp\/v2\/media?parent=275"}],"wp:term":[{"taxonomy":"product_cat","embeddable":true,"href":"https:\/\/www.bazarmerlin.com\/inicio\/wp-json\/wp\/v2\/product_cat?post=275"},{"taxonomy":"product_tag","embeddable":true,"href":"https:\/\/www.bazarmerlin.com\/inicio\/wp-json\/wp\/v2\/product_tag?post=275"}],"curies":[{"name":"wp","href":"https:\/\/api.w.org\/{rel}","templated":true}]}}