{"id":309,"date":"2015-06-24T19:05:53","date_gmt":"2015-06-24T19:05:53","guid":{"rendered":"https:\/\/www.bazarmerlin.com\/inicio\/?post_type=product&#038;p=309"},"modified":"2023-01-05T01:00:04","modified_gmt":"2023-01-05T01:00:04","slug":"curacion-cuantica-deepak-chopra","status":"publish","type":"product","link":"https:\/\/www.bazarmerlin.com\/inicio\/producto\/curacion-cuantica-deepak-chopra\/","title":{"rendered":"Curacion Cuantica &#8211; Deepak Chopra"},"content":{"rendered":"<p><strong>CURACION CUANTICA DEEPAK CHOPRA<\/strong><\/p>\n<p>&nbsp;<\/p>\n<p>Si anhelabas la aparici\u00f3n de una obra que fuera como una especie de Tao de la Medicina, este es el libro que estabas esperando. &#8211; The New England Journal of Medicine<\/p>\n<p>Todo m\u00e9dico, terapeuta o profesional de la salud avanzado -o deber\u00eda decir evolucionado- tendr\u00eda que leer Curaci\u00f3n cu\u00e1ntica para ampliar sus horizontes de posibilidades y aumentar su capacidad de comprensi\u00f3n. &#8211; Dra. Elisabeth Kubler-Ross<\/p>\n<p>He aqu\u00ed una obra que aborda la curaci\u00f3n cu\u00e1ntica de una manera nueva y extraordinaria, un libro sazonado del misterio, el asombro y la esperanza de numerosas personas que se han curado de modo aparentemente milagroso de c\u00e1ncer y otras graves enfermedades. Es esta una obra inspiradora y pionera que propone un apasionante viaje de descubrimiento cargado de esperanza y curaci\u00f3n.<\/p>\n<p>Curaci\u00f3n cu\u00e1ntica muestra que el cuerpo humano est\u00e1 controlado por una fina y sutil &#8220;red de inteligencia&#8221; cuyas ra\u00edces se asientan en la realidad cu\u00e1ntica, una realidad profunda que modifica incluso los patrones b\u00e1sicos que rigen nuestra fisiolog\u00eda y que nos brinda la posibilidad de superar el c\u00e1ncer, las enfermedades cardiovasculares e incluso en envejecimiento.<\/p>\n<p>&#8220;Encontrar\u00e1s en estas p\u00e1ginas gran cantidad de informaci\u00f3n reveladora. Pero mi mayor esperanza es que tambi\u00e9n halles aqu\u00ed inspiraci\u00f3n, que mires maravillado al universo que te rodea y albergas en tu interior, y que te percates de que t\u00fa eres el eje central de su creaci\u00f3n, tal vez mucho m\u00e1s de lo que jam\u00e1s hayas so\u00f1ado.&#8221; &#8211; Deepak Chopra<\/p>\n<p>&nbsp;<\/p>\n<p>&nbsp;<\/p>\n<p><strong>BAZAR MERL\u00cdN\u00ae<\/strong><br \/>\n<strong>El Lugar M\u00e1s M\u00edstico de Guadalajara<\/strong><br \/>\n<strong>ENVIAMOS A TODO M\u00c9XICO<\/strong><\/p>\n<!-- AddThis Advanced Settings generic via filter on the_content --><!-- AddThis Share Buttons generic via filter on the_content -->","protected":false},"excerpt":{"rendered":"<p>CURACION CUANTICA DEEPAK CHOPRA &nbsp; Si anhelabas la aparici\u00f3n de una obra que fuera como una especie de Tao de la Medicina, este es el libro que estabas esperando. &#8211; The New England Journal of Medicine Todo m\u00e9dico, terapeuta o profesional de la salud avanzado -o deber\u00eda decir evolucionado- tendr\u00eda que leer Curaci\u00f3n cu\u00e1ntica para&hellip;<!-- AddThis Advanced Settings generic via filter on get_the_excerpt --><!-- AddThis Share Buttons generic via filter on get_the_excerpt --><\/p>\n","protected":false},"featured_media":11373,"template":"","meta":[],"product_cat":[16],"product_tag":[470,471],"_links":{"self":[{"href":"https:\/\/www.bazarmerlin.com\/inicio\/wp-json\/wp\/v2\/product\/309"}],"collection":[{"href":"https:\/\/www.bazarmerlin.com\/inicio\/wp-json\/wp\/v2\/product"}],"about":[{"href":"https:\/\/www.bazarmerlin.com\/inicio\/wp-json\/wp\/v2\/types\/product"}],"wp:featuredmedia":[{"embeddable":true,"href":"https:\/\/www.bazarmerlin.com\/inicio\/wp-json\/wp\/v2\/media\/11373"}],"wp:attachment":[{"href":"https:\/\/www.bazarmerlin.com\/inicio\/wp-json\/wp\/v2\/media?parent=309"}],"wp:term":[{"taxonomy":"product_cat","embeddable":true,"href":"https:\/\/www.bazarmerlin.com\/inicio\/wp-json\/wp\/v2\/product_cat?post=309"},{"taxonomy":"product_tag","embeddable":true,"href":"https:\/\/www.bazarmerlin.com\/inicio\/wp-json\/wp\/v2\/product_tag?post=309"}],"curies":[{"name":"wp","href":"https:\/\/api.w.org\/{rel}","templated":true}]}}