{"id":321,"date":"2015-06-24T19:52:31","date_gmt":"2015-06-24T19:52:31","guid":{"rendered":"https:\/\/www.bazarmerlin.com\/inicio\/?post_type=product&#038;p=321"},"modified":"2022-12-15T23:02:41","modified_gmt":"2022-12-15T23:02:41","slug":"como-realizar-un-viaje-astral-tecnicas-paso-a-paso","status":"publish","type":"product","link":"https:\/\/www.bazarmerlin.com\/inicio\/producto\/como-realizar-un-viaje-astral-tecnicas-paso-a-paso\/","title":{"rendered":"Como Realizar Un Viaje Astral &#8211; Tecnicas Paso A Paso"},"content":{"rendered":"<h3><strong>COMO REALIZAR UN VIAJE ASTRAL:<\/strong><br \/>\n<strong>GUIA PASO A PASO PARA EXPLORAR NUE STRA OTRA DIMENSION<\/strong><\/h3>\n<p>&nbsp;<\/p>\n<p>Pocos fen\u00f3menos asociados a los misterios del ser humano resultan tan sugerentes y evocadores como los viajes astrales. Este libro explora el fen\u00f3meno desde diferentes perspectivas, no s\u00f3lo rastreando su presencia en las tradiciones y culturas m\u00e1s diversas o trazando su retrato robot a partir de lo que han experimentado algunos de los exploradores del astral m\u00e1s aventajados, sino detallando tambien las diferentes investigaciones cient\u00edficas realizadas en las \u00faltimas decadas sobre este apasionante enigma. En un notable ejercicio de s\u00edntesis, el autor pone al alcance del lector las principales tecnicas y consejos para que, si lo desea, pueda ir en busca de sus propias evidencias y respuestas.<\/p>\n<p>&nbsp;<\/p>\n<p>&nbsp;<\/p>\n<p><strong>BAZAR MERLIN<\/strong><br \/>\n<strong>El Lugar M\u00e1s M\u00edstico de Guadalajara<\/strong><br \/>\n<strong>ENVIAMOS A TODO M\u00c9XICO<\/strong><\/p>\n<!-- AddThis Advanced Settings generic via filter on the_content --><!-- AddThis Share Buttons generic via filter on the_content -->","protected":false},"excerpt":{"rendered":"<p>COMO REALIZAR UN VIAJE ASTRAL: GUIA PASO A PASO PARA EXPLORAR NUE STRA OTRA DIMENSION &nbsp; Pocos fen\u00f3menos asociados a los misterios del ser humano resultan tan sugerentes y evocadores como los viajes astrales. Este libro explora el fen\u00f3meno desde diferentes perspectivas, no s\u00f3lo rastreando su presencia en las tradiciones y culturas m\u00e1s diversas o&hellip;<!-- AddThis Advanced Settings generic via filter on get_the_excerpt --><!-- AddThis Share Buttons generic via filter on get_the_excerpt --><\/p>\n","protected":false},"featured_media":11102,"template":"","meta":[],"product_cat":[13],"product_tag":[477,478],"_links":{"self":[{"href":"https:\/\/www.bazarmerlin.com\/inicio\/wp-json\/wp\/v2\/product\/321"}],"collection":[{"href":"https:\/\/www.bazarmerlin.com\/inicio\/wp-json\/wp\/v2\/product"}],"about":[{"href":"https:\/\/www.bazarmerlin.com\/inicio\/wp-json\/wp\/v2\/types\/product"}],"wp:featuredmedia":[{"embeddable":true,"href":"https:\/\/www.bazarmerlin.com\/inicio\/wp-json\/wp\/v2\/media\/11102"}],"wp:attachment":[{"href":"https:\/\/www.bazarmerlin.com\/inicio\/wp-json\/wp\/v2\/media?parent=321"}],"wp:term":[{"taxonomy":"product_cat","embeddable":true,"href":"https:\/\/www.bazarmerlin.com\/inicio\/wp-json\/wp\/v2\/product_cat?post=321"},{"taxonomy":"product_tag","embeddable":true,"href":"https:\/\/www.bazarmerlin.com\/inicio\/wp-json\/wp\/v2\/product_tag?post=321"}],"curies":[{"name":"wp","href":"https:\/\/api.w.org\/{rel}","templated":true}]}}