{"id":323,"date":"2015-06-24T19:55:11","date_gmt":"2015-06-24T19:55:11","guid":{"rendered":"https:\/\/www.bazarmerlin.com\/inicio\/?post_type=product&#038;p=323"},"modified":"2024-01-22T21:20:36","modified_gmt":"2024-01-22T21:20:36","slug":"pentagrama-en-espejo-protege-casa-y-negocio-de-danos","status":"publish","type":"product","link":"https:\/\/www.bazarmerlin.com\/inicio\/producto\/pentagrama-en-espejo-protege-casa-y-negocio-de-danos\/","title":{"rendered":"Pentagrama En Espejo &#8211; Protege Casa Y Negocio De Da\u00f1os"},"content":{"rendered":"<p><strong>ESPEJO PENTAGRAMA TETRAGRAMATON<\/strong><br \/>\n<strong>PARA PROTEGER CASAS O NEGOCIOS DE ENEMIGOS, ENVIDIAS, BRUJER\u00cdA Y DA\u00d1OS<\/strong><\/p>\n<p>NOTA: LA SIMBOLOGIA DEL PENTAGRAMA PUEDE SER DORADA O PLATEADA<br \/>\nY SE MANDA SEGUN LA EXISTENCIA.<\/p>\n<p>19 cm x 19 cm Aproximado<\/p>\n<p>El Tetragramaton significa la dominaci\u00f3n del esp\u00edritu humano sobre la naturaleza.<br \/>\nTambi\u00e9n conocido como pentagrama esot\u00e9rico, representa el dominio del esp\u00edritu sobre los elementos.<\/p>\n<p>La palabra tetragramaton es el nombre del dios YHVH que en espa\u00f1ol significa DIOS, dentro de este s\u00edmbolo existen otros como la espada la cual corta todo lo negativo, el b\u00e1culo que da poder y fortaleza, la copa que representa el c\u00e1liz de la vida y el espacio vac\u00edo representa el aire, elemento esencial para la vida.<\/p>\n<p>Es un s\u00edmbolo utilizado desde la antig\u00fcedad por magos y cabalistas. Ese utiliza para la protecci\u00f3n de casas, negocios y personas; aleja demonios, fantasmas y mala vibra ademas atrae luz a nuestra vida<\/p>\n<p>&nbsp;<\/p>\n<p><strong>BAZAR MERL\u00cdN<\/strong><br \/>\n<strong>El Lugar M\u00e1s M\u00edstico de Guadalajara<\/strong><br \/>\n<strong>ENVIAMOS A TODO M\u00c9XICO<\/strong><\/p>\n<!-- AddThis Advanced Settings generic via filter on the_content --><!-- AddThis Share Buttons generic via filter on the_content -->","protected":false},"excerpt":{"rendered":"<p>ESPEJO PENTAGRAMA TETRAGRAMATON PARA PROTEGER CASAS O NEGOCIOS DE ENEMIGOS, ENVIDIAS, BRUJER\u00cdA Y DA\u00d1OS NOTA: LA SIMBOLOGIA DEL PENTAGRAMA PUEDE SER DORADA O PLATEADA Y SE MANDA SEGUN LA EXISTENCIA. 19 cm x 19 cm Aproximado El Tetragramaton significa la dominaci\u00f3n del esp\u00edritu humano sobre la naturaleza. Tambi\u00e9n conocido como pentagrama esot\u00e9rico, representa el dominio&hellip;<!-- AddThis Advanced Settings generic via filter on get_the_excerpt --><!-- AddThis Share Buttons generic via filter on get_the_excerpt --><\/p>\n","protected":false},"featured_media":10299,"template":"","meta":[],"product_cat":[14],"product_tag":[479,480],"_links":{"self":[{"href":"https:\/\/www.bazarmerlin.com\/inicio\/wp-json\/wp\/v2\/product\/323"}],"collection":[{"href":"https:\/\/www.bazarmerlin.com\/inicio\/wp-json\/wp\/v2\/product"}],"about":[{"href":"https:\/\/www.bazarmerlin.com\/inicio\/wp-json\/wp\/v2\/types\/product"}],"wp:featuredmedia":[{"embeddable":true,"href":"https:\/\/www.bazarmerlin.com\/inicio\/wp-json\/wp\/v2\/media\/10299"}],"wp:attachment":[{"href":"https:\/\/www.bazarmerlin.com\/inicio\/wp-json\/wp\/v2\/media?parent=323"}],"wp:term":[{"taxonomy":"product_cat","embeddable":true,"href":"https:\/\/www.bazarmerlin.com\/inicio\/wp-json\/wp\/v2\/product_cat?post=323"},{"taxonomy":"product_tag","embeddable":true,"href":"https:\/\/www.bazarmerlin.com\/inicio\/wp-json\/wp\/v2\/product_tag?post=323"}],"curies":[{"name":"wp","href":"https:\/\/api.w.org\/{rel}","templated":true}]}}