{"id":3234,"date":"2021-03-30T19:43:44","date_gmt":"2021-03-30T19:43:44","guid":{"rendered":"https:\/\/www.bazarmerlin.com\/inicio\/?post_type=product&#038;p=3234"},"modified":"2024-02-09T21:31:48","modified_gmt":"2024-02-09T21:31:48","slug":"tabla-ouija-profesional-velas-y-libro-de-uso-e-invocacion","status":"publish","type":"product","link":"https:\/\/www.bazarmerlin.com\/inicio\/producto\/tabla-ouija-profesional-velas-y-libro-de-uso-e-invocacion\/","title":{"rendered":"P\u00e9ndulo Con Testigo Profesional- Para El Buscador De Tesoros"},"content":{"rendered":"<p><strong>EL MEJOR P\u00c9NDULO PROFESIONAL PARA BUSCAR TESOROS<\/strong><br \/>\n<strong>ORO &#8211; PLATA &#8211; O CUALQUIER METAL.<\/strong><\/p>\n<p>&nbsp;<\/p>\n<p><em>\u00daNICO POR SER UN PENDULO DE 4 Cms DE ALTURA Y<\/em><br \/>\n<em>QUE ES EL TAMA\u00d1O CORRECTO PARA LA BUSQUEDA DE ORO<\/em><br \/>\n<em>YA QUE SI FUERA MAS GRANDE NO INDICARIA CORRECTAMENTE.<\/em><\/p>\n<p>TIENE UN COMPARTIMIENTO APROXIMADO DE 2 CM<br \/>\nQUE ESTO LO HACE UNICO para poner un poco del METAL que buscas.<\/p>\n<p>Tambi\u00e9n te mandamos: INFORMACION DE COMO USAR<br \/>\nEL PENDULO PARA BUSCAR ORO + SU MANUAL O GUIA DE USO.<\/p>\n<p>Ojo: Antes de COMPRAR COMPARA nuestro P\u00c9NDULO;<br \/>\nP\u00c9NDULO DE LAT\u00d3N CON TESTIGO para BUSCAR TESOROS.<\/p>\n<p>*Ensamblado a ALTA PRECISI\u00d3N<br \/>\nEl Mejor P\u00c9NDULO de todo el mercado.<\/p>\n<p>El P\u00e9ndulo es un instrumento de radiestesia que te ayuda a detectar energ\u00eda positivas o negativas de alguna \u00e1rea, as\u00ed como tambi\u00e9n poder BUSCAR METALES, localizar corrientes de agua, hacerle preguntas como m\u00e9todo de adivinaci\u00f3n.<br \/>\nEste P\u00e9ndulo es el mejor de todo el mercado libre, fabricado en el peso indicado para que sus movimientos sean los correctos a la hora de su uso.<\/p>\n<p>\u00bfC\u00f3mo usar un p\u00e9ndulo para buscar ORO?<\/p>\n<p>Con este p\u00e9ndulo es posible detectar y encontrar una gran cantidad de objetos diversos. Sin embargo si lo que deseamos es utilizar el p\u00e9ndulo para buscar metales, como ORO, la mejor opci\u00f3n es usar un tipo de p\u00e9ndulo diferente.<br \/>\nSe trata de un p\u00e9ndulo que nos permitir\u00e1 sintonizarlo con las radiaciones emitidas por el cuerpo que buscamos (en este caso el oro, tambi\u00e9n podr\u00eda usarse con plata u otros metales siguiendo el mismo procedimiento).<\/p>\n<p>Esta clase de p\u00e9ndulos se usan con un testigo<br \/>\n(es decir algo del mismo material que estamos buscando).<br \/>\nPuedes usar este p\u00e9ndulo que se puede abrir para meter dentro del mismo el testigo que utilizaremos<br \/>\n(por ejemplo un anillo de ORO, una moneda o<br \/>\nun pedazo de cadena ).<\/p>\n<p>\u00bfA qu\u00e9 distancia y profundidad funcionar\u00e1 el p\u00e9ndulo<br \/>\npara BUSCAR ORO?<\/p>\n<p>Usando un p\u00e9ndulo con un testigo como se acaba de explicar se pueden detectar objetos de oro a una distancia aproximada de unos 100 metros y a una profundidad tambi\u00e9n aproximada de 25 metros, aunque hay dos factores que influyen notablemente sobre esta aproximaci\u00f3n:<\/p>\n<p>La sensibilidad del buscador que puede variar considerablemente de una persona a otra<\/p>\n<p>Tambi\u00e9n te mandamos completamente gratis un gu\u00eda muy completa donde te explic\u00e1remos:<\/p>\n<p>COMO LIMPIARLO.<br \/>\nCOMO TRABAJAR CON EL.<br \/>\nCOMO USARLOS EN FORMA DE ADIVINACI\u00d3N.<br \/>\nCOMO USARLO PARA CURACI\u00d3N.<br \/>\nCOMO TOMAR DECISIONES CORRECTAS.<br \/>\nB\u00daSQUEDA DE OBJETOS PERDIDOS.<\/p>\n<p>P\u00c9NDULO PROFESIONAL CON TESTIGO<br \/>\nPARA BUSCAR TESOROS, ORO &#8211; PLATA O CUALQUIER METAL<\/p>\n<p>&nbsp;<\/p>\n<p>&nbsp;<\/p>\n<p><strong>BAZAR MERLIN<\/strong><br \/>\n<strong>El Lugar M\u00e1s M\u00edstico de Guadalajara<\/strong><br \/>\n<strong>ENVIAMOS A TODO M\u00c9XICO\u2026<\/strong><\/p>\n<!-- AddThis Advanced Settings generic via filter on the_content --><!-- AddThis Share Buttons generic via filter on the_content -->","protected":false},"excerpt":{"rendered":"<p>EL MEJOR P\u00c9NDULO PROFESIONAL PARA BUSCAR TESOROS ORO &#8211; PLATA &#8211; O CUALQUIER METAL. &nbsp; \u00daNICO POR SER UN PENDULO DE 4 Cms DE ALTURA Y QUE ES EL TAMA\u00d1O CORRECTO PARA LA BUSQUEDA DE ORO YA QUE SI FUERA MAS GRANDE NO INDICARIA CORRECTAMENTE. TIENE UN COMPARTIMIENTO APROXIMADO DE 2 CM QUE ESTO LO&hellip;<!-- AddThis Advanced Settings generic via filter on get_the_excerpt --><!-- AddThis Share Buttons generic via filter on get_the_excerpt --><\/p>\n","protected":false},"featured_media":10161,"template":"","meta":[],"product_cat":[21],"product_tag":[1116,422],"_links":{"self":[{"href":"https:\/\/www.bazarmerlin.com\/inicio\/wp-json\/wp\/v2\/product\/3234"}],"collection":[{"href":"https:\/\/www.bazarmerlin.com\/inicio\/wp-json\/wp\/v2\/product"}],"about":[{"href":"https:\/\/www.bazarmerlin.com\/inicio\/wp-json\/wp\/v2\/types\/product"}],"wp:featuredmedia":[{"embeddable":true,"href":"https:\/\/www.bazarmerlin.com\/inicio\/wp-json\/wp\/v2\/media\/10161"}],"wp:attachment":[{"href":"https:\/\/www.bazarmerlin.com\/inicio\/wp-json\/wp\/v2\/media?parent=3234"}],"wp:term":[{"taxonomy":"product_cat","embeddable":true,"href":"https:\/\/www.bazarmerlin.com\/inicio\/wp-json\/wp\/v2\/product_cat?post=3234"},{"taxonomy":"product_tag","embeddable":true,"href":"https:\/\/www.bazarmerlin.com\/inicio\/wp-json\/wp\/v2\/product_tag?post=3234"}],"curies":[{"name":"wp","href":"https:\/\/api.w.org\/{rel}","templated":true}]}}