{"id":327,"date":"2015-06-24T19:59:00","date_gmt":"2015-06-24T19:59:00","guid":{"rendered":"https:\/\/www.bazarmerlin.com\/inicio\/?post_type=product&#038;p=327"},"modified":"2024-05-22T14:40:32","modified_gmt":"2024-05-22T14:40:32","slug":"poderosa-veladora-de-piramide-de-las-7-potencias","status":"publish","type":"product","link":"https:\/\/www.bazarmerlin.com\/inicio\/producto\/poderosa-veladora-de-piramide-de-las-7-potencias\/","title":{"rendered":"Poderosa Veladora De Pir\u00e1mide De Las 7 Potencias"},"content":{"rendered":"<p><strong>VELADORA PIR\u00c1MIDE DE 7 POTENCIAS<\/strong><br \/>\n<strong>ATRAE TODO LO QUE SIEMPRE SO\u00d1ASTE<\/strong><\/p>\n<p>&nbsp;<\/p>\n<p>Puedes escribir TUS DESEOS para que SE CUMPLAN con un objeto punzante sobre los diferentes colores o prenderla y dejar que cada color equilibre tu energ\u00eda por medio de la magia que desprende esta poderosa veladora de 7 potencias&#8230;.<\/p>\n<p>Sus colores te ayudara a atraer lo siguiente:<\/p>\n<p>BLANCO: Espiritualidad, pureza y paz.<\/p>\n<p>ROJO: Amor, creaci\u00f3n y belleza.<\/p>\n<p>AMARILLO: Fuerza, equilibrio y vitalidad.<\/p>\n<p>AZUL: Protecci\u00f3n, voluntad y fe.<\/p>\n<p>VERDE: Sanaci\u00f3n, verdad y comprensi\u00f3n.<\/p>\n<p>MORADO: Trasmutaci\u00f3n, perd\u00f3n, liberaci\u00f3n.<\/p>\n<p>NARANJA: Prosperidad, positividad e inteligencia.<\/p>\n<p>ADQUIERE ESTA VELADORA HECHA POR MAESTROS<br \/>\nEN LA MAGIA BLANCA.<\/p>\n<p>&nbsp;<\/p>\n<p>&nbsp;<\/p>\n<p><strong>BAZAR\u00a0<\/strong><b>MERL\u00cdN<\/b><br \/>\n<strong>El Lugar M\u00e1s M\u00edstico de Guadalajara<\/strong><br \/>\n<strong>ENVIAMOS A TODO M\u00c9XICO&#8230;<\/strong><\/p>\n<!-- AddThis Advanced Settings generic via filter on the_content --><!-- AddThis Share Buttons generic via filter on the_content -->","protected":false},"excerpt":{"rendered":"<p>VELADORA PIR\u00c1MIDE DE 7 POTENCIAS ATRAE TODO LO QUE SIEMPRE SO\u00d1ASTE &nbsp; Puedes escribir TUS DESEOS para que SE CUMPLAN con un objeto punzante sobre los diferentes colores o prenderla y dejar que cada color equilibre tu energ\u00eda por medio de la magia que desprende esta poderosa veladora de 7 potencias&#8230;. Sus colores te ayudara&hellip;<!-- AddThis Advanced Settings generic via filter on get_the_excerpt --><!-- AddThis Share Buttons generic via filter on get_the_excerpt --><\/p>\n","protected":false},"featured_media":10792,"template":"","meta":[],"product_cat":[19],"product_tag":[484],"_links":{"self":[{"href":"https:\/\/www.bazarmerlin.com\/inicio\/wp-json\/wp\/v2\/product\/327"}],"collection":[{"href":"https:\/\/www.bazarmerlin.com\/inicio\/wp-json\/wp\/v2\/product"}],"about":[{"href":"https:\/\/www.bazarmerlin.com\/inicio\/wp-json\/wp\/v2\/types\/product"}],"wp:featuredmedia":[{"embeddable":true,"href":"https:\/\/www.bazarmerlin.com\/inicio\/wp-json\/wp\/v2\/media\/10792"}],"wp:attachment":[{"href":"https:\/\/www.bazarmerlin.com\/inicio\/wp-json\/wp\/v2\/media?parent=327"}],"wp:term":[{"taxonomy":"product_cat","embeddable":true,"href":"https:\/\/www.bazarmerlin.com\/inicio\/wp-json\/wp\/v2\/product_cat?post=327"},{"taxonomy":"product_tag","embeddable":true,"href":"https:\/\/www.bazarmerlin.com\/inicio\/wp-json\/wp\/v2\/product_tag?post=327"}],"curies":[{"name":"wp","href":"https:\/\/api.w.org\/{rel}","templated":true}]}}