{"id":3371,"date":"2015-08-01T18:33:15","date_gmt":"2015-08-01T18:33:15","guid":{"rendered":"https:\/\/www.bazarmerlin.com\/inicio\/?post_type=product&#038;p=3371"},"modified":"2023-01-05T22:17:18","modified_gmt":"2023-01-05T22:17:18","slug":"orgonita-reforzada-mas-efectiva-que-la-tradicional","status":"publish","type":"product","link":"https:\/\/www.bazarmerlin.com\/inicio\/producto\/orgonita-reforzada-mas-efectiva-que-la-tradicional\/","title":{"rendered":"Orgonita En Pir\u00e1mide Tinta &#8211; Mas Reforzada Y Mas Efectiva"},"content":{"rendered":"<p><strong>ORGONITA EN PIR\u00c1MIDE TINTA<\/strong><br \/>\n<strong>GRANDE DE 7 X 10 CMS<\/strong><\/p>\n<p>EQUILIBRADOR DE ENERG\u00cdAS<\/p>\n<p>AUMENTA TU VITALIDAD MEJORA TU ANIMO<\/p>\n<p>El uso de la pir\u00e1mide de orgonita es muy simple, solo se coloca en una parte de la casa y se deja actuar, adem\u00e1s, no necesita mantenimiento como en el caso de los cuarzos, lo que hace que se mantenga en perfectas condiciones todo el tiempo.<\/p>\n<p>Los beneficios para la salud son visibles de forma inmediata, resultan ser \u00fatiles a la hora de meditar, con s\u00f3lo ponerlos en la palma de la mano o colocarlos cerca, as\u00ed se consigue el mismo tipo de equilibrio y curaci\u00f3n tanto emocional como f\u00edsica que los m\u00e9todos m\u00e1s tradicionales como el Reiki, Magnetoterapia, etc.<\/p>\n<p>Las orgonitas proporcionan una constante limpieza et\u00e9rica sin hacer nada, nos protegen de la contaminaci\u00f3n electromagn\u00e9tica a la que se le atribuyen males como el c\u00e1ncer o efectos sobre el embarazo, insomnio, fatiga, cambios de conducta, irritabilidad, depresi\u00f3n etc\u00e9tera.<\/p>\n<p>&nbsp;<\/p>\n<p>&nbsp;<\/p>\n<p>&nbsp;<\/p>\n<p><strong>BAZAR MERL\u00cdN\u00ae<\/strong><br \/>\n<strong>El Lugar M\u00e1s M\u00edstico de Guadalajara<\/strong><br \/>\n<strong>ENVIAMOS A TODO M\u00c9XICO&#8230;<\/strong><\/p>\n<!-- AddThis Advanced Settings generic via filter on the_content --><!-- AddThis Share Buttons generic via filter on the_content -->","protected":false},"excerpt":{"rendered":"<p>ORGONITA EN PIR\u00c1MIDE TINTA GRANDE DE 7 X 10 CMS EQUILIBRADOR DE ENERG\u00cdAS AUMENTA TU VITALIDAD MEJORA TU ANIMO El uso de la pir\u00e1mide de orgonita es muy simple, solo se coloca en una parte de la casa y se deja actuar, adem\u00e1s, no necesita mantenimiento como en el caso de los cuarzos, lo que&hellip;<!-- AddThis Advanced Settings generic via filter on get_the_excerpt --><!-- AddThis Share Buttons generic via filter on get_the_excerpt --><\/p>\n","protected":false},"featured_media":11381,"template":"","meta":[],"product_cat":[16],"product_tag":[688,1117],"_links":{"self":[{"href":"https:\/\/www.bazarmerlin.com\/inicio\/wp-json\/wp\/v2\/product\/3371"}],"collection":[{"href":"https:\/\/www.bazarmerlin.com\/inicio\/wp-json\/wp\/v2\/product"}],"about":[{"href":"https:\/\/www.bazarmerlin.com\/inicio\/wp-json\/wp\/v2\/types\/product"}],"wp:featuredmedia":[{"embeddable":true,"href":"https:\/\/www.bazarmerlin.com\/inicio\/wp-json\/wp\/v2\/media\/11381"}],"wp:attachment":[{"href":"https:\/\/www.bazarmerlin.com\/inicio\/wp-json\/wp\/v2\/media?parent=3371"}],"wp:term":[{"taxonomy":"product_cat","embeddable":true,"href":"https:\/\/www.bazarmerlin.com\/inicio\/wp-json\/wp\/v2\/product_cat?post=3371"},{"taxonomy":"product_tag","embeddable":true,"href":"https:\/\/www.bazarmerlin.com\/inicio\/wp-json\/wp\/v2\/product_tag?post=3371"}],"curies":[{"name":"wp","href":"https:\/\/api.w.org\/{rel}","templated":true}]}}