{"id":3526,"date":"2015-08-04T16:41:16","date_gmt":"2015-08-04T16:41:16","guid":{"rendered":"https:\/\/www.bazarmerlin.com\/inicio\/?post_type=product&#038;p=3526"},"modified":"2024-12-02T18:16:16","modified_gmt":"2024-12-02T18:16:16","slug":"diapason-o-armonizador-de-1-nota-equilibrar-o-purificar","status":"publish","type":"product","link":"https:\/\/www.bazarmerlin.com\/inicio\/producto\/diapason-o-armonizador-de-1-nota-equilibrar-o-purificar\/","title":{"rendered":"Diapas\u00f3n O Armonizador D 1 Nota &#8211; Equilibrador Y Purificador"},"content":{"rendered":"<p><strong>Diapas\u00f3n De 1 Nota<\/strong><\/p>\n<p>&nbsp;<\/p>\n<p>HECHO TOTALMENTE A MANO<\/p>\n<p>Uso En Personas: Al Sonar Este Diapas\u00f3n, En Alguna Persona Sobre Alguno De Sus Chakras, Al Contrario De Las Manecillas Del Reloj, Este Chakra Se Equilibrara Y As\u00ed Esta Persona Si Esta Bloqueada Se Le Equilibrara El Campo Aurico Y a Su Vez Atraer\u00e1 El \u00c9xito En Amor, Dinero Y Salud.<\/p>\n<p>Uso En Hogares Y Negocios: Cuando En Una Casa O En Un Negocio Hay Muchas Energ\u00edas Negativas, Problemas Con Los Integrantes De La Misma Familia Y\/O Empleados Al Sonarle 7 Veces En El Lugar Por Medio De Su Sonido M\u00edstico Romper\u00e1 Cualquier Energ\u00eda Negativa, Envidias, Celos Y Hasta Trabajos De Magia Negra, Ya Que Equilibra La Energ\u00eda Del Lugar Purificando Todo El Entorno Y A Las Personas Que Ah\u00ed Se Encuentren.<\/p>\n<p>De Igual Forma Si Se Desea Vender Una Casa, Un Terreno O Traspasar Un Negocio Suenelo Diario Y La Abundancia Entrara Por La Puerta Atrayendo Al Nuevo Due\u00f1o Por Le Energ\u00eda Que Desplasmara El Lugar.<\/p>\n<p>&nbsp;<\/p>\n<p>&nbsp;<\/p>\n<p><strong>BAZAR MERLIN<\/strong><br \/>\n<strong>El Lugar M\u00e1s M\u00edstico de Guadalajara<\/strong><br \/>\n<strong>ENVIAMOS A TODO M\u00c9XICO<\/strong><\/p>\n<!-- AddThis Advanced Settings generic via filter on the_content --><!-- AddThis Share Buttons generic via filter on the_content -->","protected":false},"excerpt":{"rendered":"<p>Diapas\u00f3n De 1 Nota &nbsp; HECHO TOTALMENTE A MANO Uso En Personas: Al Sonar Este Diapas\u00f3n, En Alguna Persona Sobre Alguno De Sus Chakras, Al Contrario De Las Manecillas Del Reloj, Este Chakra Se Equilibrara Y As\u00ed Esta Persona Si Esta Bloqueada Se Le Equilibrara El Campo Aurico Y a Su Vez Atraer\u00e1 El \u00c9xito&hellip;<!-- AddThis Advanced Settings generic via filter on get_the_excerpt --><!-- AddThis Share Buttons generic via filter on get_the_excerpt --><\/p>\n","protected":false},"featured_media":11379,"template":"","meta":[],"product_cat":[16],"product_tag":[1123,1124],"_links":{"self":[{"href":"https:\/\/www.bazarmerlin.com\/inicio\/wp-json\/wp\/v2\/product\/3526"}],"collection":[{"href":"https:\/\/www.bazarmerlin.com\/inicio\/wp-json\/wp\/v2\/product"}],"about":[{"href":"https:\/\/www.bazarmerlin.com\/inicio\/wp-json\/wp\/v2\/types\/product"}],"wp:featuredmedia":[{"embeddable":true,"href":"https:\/\/www.bazarmerlin.com\/inicio\/wp-json\/wp\/v2\/media\/11379"}],"wp:attachment":[{"href":"https:\/\/www.bazarmerlin.com\/inicio\/wp-json\/wp\/v2\/media?parent=3526"}],"wp:term":[{"taxonomy":"product_cat","embeddable":true,"href":"https:\/\/www.bazarmerlin.com\/inicio\/wp-json\/wp\/v2\/product_cat?post=3526"},{"taxonomy":"product_tag","embeddable":true,"href":"https:\/\/www.bazarmerlin.com\/inicio\/wp-json\/wp\/v2\/product_tag?post=3526"}],"curies":[{"name":"wp","href":"https:\/\/api.w.org\/{rel}","templated":true}]}}