{"id":3538,"date":"2015-08-04T16:57:35","date_gmt":"2015-08-04T16:57:35","guid":{"rendered":"https:\/\/www.bazarmerlin.com\/inicio\/?post_type=product&#038;p=3538"},"modified":"2022-12-15T23:13:08","modified_gmt":"2022-12-15T23:13:08","slug":"comunicandose-con-el-arcangel-rafael","status":"publish","type":"product","link":"https:\/\/www.bazarmerlin.com\/inicio\/producto\/comunicandose-con-el-arcangel-rafael\/","title":{"rendered":"Comunicandose Con Arc\u00e1ngel Rafael &#8211; El M\u00e9dico Divino"},"content":{"rendered":"<h3><strong>COMUNIC\u00c1NDOSE CON ARC\u00c1NGEL RAFAEL<\/strong><br \/>\n<strong>EL M\u00c9DICO DIVINO<\/strong><\/h3>\n<p>&nbsp;<\/p>\n<p>Considerado el \u00e1ngel guardi\u00e1n de la humanidad entera y el m\u00e9dico divino, la tarea primordial del Arc\u00e1ngel Rafael es curar las heridas de la humanidad. Rafael significa &#8220;Dios cura&#8221; y no s\u00f3lo se refiere a enfermedades, ya que tambi\u00e9n puede sanar relaciones personales e incluso la relaci\u00f3n entre naciones. Sorpr\u00e9ndase con historias reales sobre la presencia del Arc\u00e1ngel Rafael en la vida de personas comunes y los verdaderos milagros que han sucedido tras invocarlo. Aprenda rituales y meditaciones f\u00e1ciles de desarrollar, que lo llevar\u00e1n a invocar exitosamente la incondicional ayuda de este arc\u00e1ngel, y establecer una relaci\u00f3n con \u00e9l para obtener curaci\u00f3n, protecci\u00f3n y creatividad.<\/p>\n<p>Usando t\u00e9cnicas sencillas como visualizaciones o sue\u00f1os usted podr\u00eda lograr la asistencia de Rafael y ser testigo de verdaderos milagros.<\/p>\n<p>&nbsp;<\/p>\n<p>&nbsp;<\/p>\n<p>&nbsp;<\/p>\n<p><strong>BAZAR MERLIN<\/strong><br \/>\n<strong>El Lugar M\u00e1s M\u00edstico de Guadalajara<\/strong><br \/>\n<strong>ENVIAMOS A TODO M\u00c9XICO<\/strong><\/p>\n<!-- AddThis Advanced Settings generic via filter on the_content --><!-- AddThis Share Buttons generic via filter on the_content -->","protected":false},"excerpt":{"rendered":"<p>COMUNIC\u00c1NDOSE CON ARC\u00c1NGEL RAFAEL EL M\u00c9DICO DIVINO &nbsp; Considerado el \u00e1ngel guardi\u00e1n de la humanidad entera y el m\u00e9dico divino, la tarea primordial del Arc\u00e1ngel Rafael es curar las heridas de la humanidad. Rafael significa &#8220;Dios cura&#8221; y no s\u00f3lo se refiere a enfermedades, ya que tambi\u00e9n puede sanar relaciones personales e incluso la relaci\u00f3n&hellip;<!-- AddThis Advanced Settings generic via filter on get_the_excerpt --><!-- AddThis Share Buttons generic via filter on get_the_excerpt --><\/p>\n","protected":false},"featured_media":11103,"template":"","meta":[],"product_cat":[13],"product_tag":[1125,1126],"_links":{"self":[{"href":"https:\/\/www.bazarmerlin.com\/inicio\/wp-json\/wp\/v2\/product\/3538"}],"collection":[{"href":"https:\/\/www.bazarmerlin.com\/inicio\/wp-json\/wp\/v2\/product"}],"about":[{"href":"https:\/\/www.bazarmerlin.com\/inicio\/wp-json\/wp\/v2\/types\/product"}],"wp:featuredmedia":[{"embeddable":true,"href":"https:\/\/www.bazarmerlin.com\/inicio\/wp-json\/wp\/v2\/media\/11103"}],"wp:attachment":[{"href":"https:\/\/www.bazarmerlin.com\/inicio\/wp-json\/wp\/v2\/media?parent=3538"}],"wp:term":[{"taxonomy":"product_cat","embeddable":true,"href":"https:\/\/www.bazarmerlin.com\/inicio\/wp-json\/wp\/v2\/product_cat?post=3538"},{"taxonomy":"product_tag","embeddable":true,"href":"https:\/\/www.bazarmerlin.com\/inicio\/wp-json\/wp\/v2\/product_tag?post=3538"}],"curies":[{"name":"wp","href":"https:\/\/api.w.org\/{rel}","templated":true}]}}