{"id":3547,"date":"2015-08-04T17:08:19","date_gmt":"2015-08-04T17:08:19","guid":{"rendered":"https:\/\/www.bazarmerlin.com\/inicio\/?post_type=product&#038;p=3547"},"modified":"2023-01-05T23:04:10","modified_gmt":"2023-01-05T23:04:10","slug":"fundamentos-de-acupuntura-y-moxibustion-de-china","status":"publish","type":"product","link":"https:\/\/www.bazarmerlin.com\/inicio\/producto\/fundamentos-de-acupuntura-y-moxibustion-de-china\/","title":{"rendered":"Fundamentos de Acupuntura y Moxibustion de China"},"content":{"rendered":"<p><strong>LIBRO FUNDAMENTOS DE ACUPUNTURA Y<\/strong><br \/>\n<strong>MOXIBUSTI\u00d3N DE CHINA<\/strong><\/p>\n<p>&nbsp;<\/p>\n<p>Fundamentos de Acupuntura y Moxibusti\u00f3n de China, ES UNA COMPILACI\u00d3N \u00daTIL AL M\u00c9DICO QUE ESTUDIA LA ACUPUNTURA Y MOXIBUSTI\u00d3N. El libre trata sencilla y sistem\u00e1ticamente la teor\u00eda b\u00e1sica de la medicina tradicional chino y las experiencias cl\u00ednicas de la terapia acupuntural y moxibustural, con el lenguaje ameno e ilustraciones detalladas. Fundamentos de Acupuntura y Moxibusti\u00f3n de China se compone de tres partes.<\/p>\n<p>La primera REPRESENTA LA TEOR\u00cdA B\u00c1SICA DE LA MEDICINA TRADICIONAL CHINA. En la segunda parte se hace un bosquejo general sobre los canales y colaterales y los puntos acupunturales, los doce canales regulares y sus puntos, los ocho canales extraordinarios y sus puntos y los puntos extraordinarios, la tercera parte trata de la terap\u00e9utica acupuntural y moxibusti\u00f3n; m\u00e9todos de inserci\u00f3n de agujas, t\u00e9cnica de moxibusti\u00f3n y TRATAMIENTO DE 52 ENFERMEDADES COMUNES.<\/p>\n<p>Fundamentos de Acupuntura y Moxibusti\u00f3n de China concluye con un ap\u00e9ndice que se divide en dos partes; tratamiento auriculopuntura y una explicaci\u00f3n sobre anestesia acupuntural.<\/p>\n<p>Numero de p\u00e1ginas: 461<\/p>\n<p>&nbsp;<\/p>\n<p>&nbsp;<\/p>\n<p><strong>BAZAR MERLIN<\/strong><br \/>\n<strong>El Lugar M\u00e1s M\u00edstico de Guadalajara<\/strong><br \/>\n<strong>ENVIAMOS A TODO M\u00c9XICO<\/strong><\/p>\n<!-- AddThis Advanced Settings generic via filter on the_content --><!-- AddThis Share Buttons generic via filter on the_content -->","protected":false},"excerpt":{"rendered":"<p>LIBRO FUNDAMENTOS DE ACUPUNTURA Y MOXIBUSTI\u00d3N DE CHINA &nbsp; Fundamentos de Acupuntura y Moxibusti\u00f3n de China, ES UNA COMPILACI\u00d3N \u00daTIL AL M\u00c9DICO QUE ESTUDIA LA ACUPUNTURA Y MOXIBUSTI\u00d3N. El libre trata sencilla y sistem\u00e1ticamente la teor\u00eda b\u00e1sica de la medicina tradicional chino y las experiencias cl\u00ednicas de la terapia acupuntural y moxibustural, con el lenguaje&hellip;<!-- AddThis Advanced Settings generic via filter on get_the_excerpt --><!-- AddThis Share Buttons generic via filter on get_the_excerpt --><\/p>\n","protected":false},"featured_media":11386,"template":"","meta":[],"product_cat":[16],"product_tag":[1127],"_links":{"self":[{"href":"https:\/\/www.bazarmerlin.com\/inicio\/wp-json\/wp\/v2\/product\/3547"}],"collection":[{"href":"https:\/\/www.bazarmerlin.com\/inicio\/wp-json\/wp\/v2\/product"}],"about":[{"href":"https:\/\/www.bazarmerlin.com\/inicio\/wp-json\/wp\/v2\/types\/product"}],"wp:featuredmedia":[{"embeddable":true,"href":"https:\/\/www.bazarmerlin.com\/inicio\/wp-json\/wp\/v2\/media\/11386"}],"wp:attachment":[{"href":"https:\/\/www.bazarmerlin.com\/inicio\/wp-json\/wp\/v2\/media?parent=3547"}],"wp:term":[{"taxonomy":"product_cat","embeddable":true,"href":"https:\/\/www.bazarmerlin.com\/inicio\/wp-json\/wp\/v2\/product_cat?post=3547"},{"taxonomy":"product_tag","embeddable":true,"href":"https:\/\/www.bazarmerlin.com\/inicio\/wp-json\/wp\/v2\/product_tag?post=3547"}],"curies":[{"name":"wp","href":"https:\/\/api.w.org\/{rel}","templated":true}]}}