{"id":355,"date":"2015-06-25T18:44:37","date_gmt":"2015-06-25T18:44:37","guid":{"rendered":"https:\/\/www.bazarmerlin.com\/inicio\/?post_type=product&#038;p=355"},"modified":"2023-03-28T23:45:16","modified_gmt":"2023-03-28T23:45:16","slug":"despojo-tumba-trabajos-triunfo-fortuna-y-proteccion","status":"publish","type":"product","link":"https:\/\/www.bazarmerlin.com\/inicio\/producto\/despojo-tumba-trabajos-triunfo-fortuna-y-proteccion\/","title":{"rendered":"Locion Tumba Trabajos &#8211; Protecci\u00f3n Y Quita Maldades"},"content":{"rendered":"<div style=\"text-align: center;\">\n<div style=\"text-align: left;\">LOCI\u00d3N TUMBA TRABAJO<br \/>\nPARA LIMPIAR CASA O NEGOCIOIndicado para las personas que son OBJETIVO continuo de BRUJER\u00cdAS que les impiden que sus asuntos tengan \u00c9XITO<\/p>\n<p>Al usarla tendra en su vida TRIUNFO, FORTUNA, PROTECCI\u00d3N Y VICTORIA en todo lo que realice CONTRA hechizos y trabajos, BLOQUEOS Y MALA SUERTE EN GENERAL<\/p>\n<p>Locion elaborada ARTESANALMENTE por SANTEROS EXPERTOS y<br \/>\nhecho con EXTRACTOS DE HIERBAS Y ACEITES ESENCIALES.<\/p>\n<\/div>\n<p>&nbsp;<\/p>\n<div style=\"text-align: left;\">\n<p>BAZAR MERLIN<br \/>\nEl Lugar M\u00e1s M\u00edstico de Guadalajara<br \/>\nENVIAMOS A TODO M\u00c9XICO Y EL MUNDO\u2026<\/p>\n<\/div>\n<\/div>\n<p>&nbsp;<\/p>\n<!-- AddThis Advanced Settings generic via filter on the_content --><!-- AddThis Share Buttons generic via filter on the_content -->","protected":false},"excerpt":{"rendered":"<p>LOCI\u00d3N TUMBA TRABAJO PARA LIMPIAR CASA O NEGOCIOIndicado para las personas que son OBJETIVO continuo de BRUJER\u00cdAS que les impiden que sus asuntos tengan \u00c9XITO Al usarla tendra en su vida TRIUNFO, FORTUNA, PROTECCI\u00d3N Y VICTORIA en todo lo que realice CONTRA hechizos y trabajos, BLOQUEOS Y MALA SUERTE EN GENERAL Locion elaborada ARTESANALMENTE por&hellip;<!-- AddThis Advanced Settings generic via filter on get_the_excerpt --><!-- AddThis Share Buttons generic via filter on get_the_excerpt --><\/p>\n","protected":false},"featured_media":8766,"template":"","meta":[],"product_cat":[20],"product_tag":[494,495],"_links":{"self":[{"href":"https:\/\/www.bazarmerlin.com\/inicio\/wp-json\/wp\/v2\/product\/355"}],"collection":[{"href":"https:\/\/www.bazarmerlin.com\/inicio\/wp-json\/wp\/v2\/product"}],"about":[{"href":"https:\/\/www.bazarmerlin.com\/inicio\/wp-json\/wp\/v2\/types\/product"}],"wp:featuredmedia":[{"embeddable":true,"href":"https:\/\/www.bazarmerlin.com\/inicio\/wp-json\/wp\/v2\/media\/8766"}],"wp:attachment":[{"href":"https:\/\/www.bazarmerlin.com\/inicio\/wp-json\/wp\/v2\/media?parent=355"}],"wp:term":[{"taxonomy":"product_cat","embeddable":true,"href":"https:\/\/www.bazarmerlin.com\/inicio\/wp-json\/wp\/v2\/product_cat?post=355"},{"taxonomy":"product_tag","embeddable":true,"href":"https:\/\/www.bazarmerlin.com\/inicio\/wp-json\/wp\/v2\/product_tag?post=355"}],"curies":[{"name":"wp","href":"https:\/\/api.w.org\/{rel}","templated":true}]}}