{"id":359,"date":"2015-06-25T19:13:53","date_gmt":"2015-06-25T19:13:53","guid":{"rendered":"https:\/\/www.bazarmerlin.com\/inicio\/?post_type=product&#038;p=359"},"modified":"2022-11-30T00:49:28","modified_gmt":"2022-11-30T00:49:28","slug":"velon-de-coco-abre-caminos-cortar-mala-suerte","status":"publish","type":"product","link":"https:\/\/www.bazarmerlin.com\/inicio\/producto\/velon-de-coco-abre-caminos-cortar-mala-suerte\/","title":{"rendered":"Velon De Coco Abre Caminos Cortar Mala Suerte"},"content":{"rendered":"<p><strong>PODEROSO VEL\u00d3N DE COCO<\/strong><br \/>\n<strong>DESBLOQUEA DE FORMA R\u00c1PIDA Y INMEDIATA.<\/strong><\/p>\n<p>&nbsp;<\/p>\n<p>\u00bfLA MALA SUERTE TE PERSIGUE?<br \/>\n\u00bfTE VA MAL ECON\u00d3MICAMENTE?<br \/>\n\u00bfHAY FRACASO EN EL AMOR?<br \/>\n\u00bfO PLEITOS SEGUIDOS CON TU PAREJA?<\/p>\n<p>\u00a1CORTA DE TAJO TODA ESA MALA SUERTE!<\/p>\n<p>El vel\u00f3n es preparado con productos, esencias y extractos especiales. Cuando tienes un problema que crees de dificil soluci\u00f3n es bueno recurrir a los rituales de magia, estos siempre nos ayudan a lograr exitosa mente los objetivos que queremos conseguir.<\/p>\n<p>Los Velones sirven para cambiar de forma inmediata tu suerte. Su fabricaci\u00f3n y su composici\u00f3n son de forma 100% artesanal por lo que llevan la esencia y extracto natural para equilibrar tu energ\u00eda, en algunos jabones hierbas en su interior.<\/p>\n<p>Este poderoso Vel\u00f3n te ayudar\u00e1 a alejar esa mala vibra que traes contigo en AMOR, DINERO Y SALUD Logrando equilibrarte y quitando todo da\u00f1o de tu energ\u00eda \u00e1urica o tu persona.<\/p>\n<p>\u00a1PARA QUE LOGRES TODAS TUS METAS CON \u00c9XITO DE FORMA R\u00c1PIDA!<\/p>\n<p>&nbsp;<\/p>\n<p>&nbsp;<\/p>\n<p><strong>BAZAR MERLIN<\/strong><br \/>\n<strong>El Lugar M\u00e1s M\u00edstico de Guadalajara<\/strong><br \/>\n<strong>ENVIAMOS A TODO M\u00c9XICO<\/strong><\/p>\n<!-- AddThis Advanced Settings generic via filter on the_content --><!-- AddThis Share Buttons generic via filter on the_content -->","protected":false},"excerpt":{"rendered":"<p>PODEROSO VEL\u00d3N DE COCO DESBLOQUEA DE FORMA R\u00c1PIDA Y INMEDIATA. &nbsp; \u00bfLA MALA SUERTE TE PERSIGUE? \u00bfTE VA MAL ECON\u00d3MICAMENTE? \u00bfHAY FRACASO EN EL AMOR? \u00bfO PLEITOS SEGUIDOS CON TU PAREJA? \u00a1CORTA DE TAJO TODA ESA MALA SUERTE! El vel\u00f3n es preparado con productos, esencias y extractos especiales. Cuando tienes un problema que crees de&hellip;<!-- AddThis Advanced Settings generic via filter on get_the_excerpt --><!-- AddThis Share Buttons generic via filter on get_the_excerpt --><\/p>\n","protected":false},"featured_media":10896,"template":"","meta":[],"product_cat":[19],"product_tag":[499],"_links":{"self":[{"href":"https:\/\/www.bazarmerlin.com\/inicio\/wp-json\/wp\/v2\/product\/359"}],"collection":[{"href":"https:\/\/www.bazarmerlin.com\/inicio\/wp-json\/wp\/v2\/product"}],"about":[{"href":"https:\/\/www.bazarmerlin.com\/inicio\/wp-json\/wp\/v2\/types\/product"}],"wp:featuredmedia":[{"embeddable":true,"href":"https:\/\/www.bazarmerlin.com\/inicio\/wp-json\/wp\/v2\/media\/10896"}],"wp:attachment":[{"href":"https:\/\/www.bazarmerlin.com\/inicio\/wp-json\/wp\/v2\/media?parent=359"}],"wp:term":[{"taxonomy":"product_cat","embeddable":true,"href":"https:\/\/www.bazarmerlin.com\/inicio\/wp-json\/wp\/v2\/product_cat?post=359"},{"taxonomy":"product_tag","embeddable":true,"href":"https:\/\/www.bazarmerlin.com\/inicio\/wp-json\/wp\/v2\/product_tag?post=359"}],"curies":[{"name":"wp","href":"https:\/\/api.w.org\/{rel}","templated":true}]}}