{"id":3616,"date":"2015-08-04T18:44:00","date_gmt":"2015-08-04T18:44:00","guid":{"rendered":"https:\/\/www.bazarmerlin.com\/inicio\/?post_type=product&#038;p=3616"},"modified":"2023-01-06T23:50:10","modified_gmt":"2023-01-06T23:50:10","slug":"los-magnetos-recupera-tu-armonia-y-salud-varios-tratamientos","status":"publish","type":"product","link":"https:\/\/www.bazarmerlin.com\/inicio\/producto\/los-magnetos-recupera-tu-armonia-y-salud-varios-tratamientos\/","title":{"rendered":"Los Magnetos Recupera Tu Armon\u00eda Y Salud Tratamientos"},"content":{"rendered":"<p><strong>LOS MAGNETOS. Recuperan tu armon\u00eda y restablecen tu salud<\/strong><\/p>\n<p>Cada parte del universo est\u00e1 relacionada por diferentes manifestaciones de energ\u00eda. Una de ellas, el magnetismo, crea una red infinita, armonizando y enlazando al macrocosmos con nuestro microcosmos.<\/p>\n<p>En busca de nuestro equilibro, acudimos a los magnetos, que preservan la vida: la Tierra y, armoniz\u00e1ndonos con ella, conservaremos nuestra salud.<\/p>\n<p>&nbsp;<\/p>\n<p>&nbsp;<\/p>\n<p><strong>BAZAR MERL\u00cdN\u00ae<\/strong><br \/>\n<strong>El Lugar M\u00e1s M\u00edstico de Guadalajara<\/strong><br \/>\n<strong>ENVIAMOS A TODO M\u00c9XICO<\/strong><\/p>\n<!-- AddThis Advanced Settings generic via filter on the_content --><!-- AddThis Share Buttons generic via filter on the_content -->","protected":false},"excerpt":{"rendered":"<p>LOS MAGNETOS. Recuperan tu armon\u00eda y restablecen tu salud Cada parte del universo est\u00e1 relacionada por diferentes manifestaciones de energ\u00eda. Una de ellas, el magnetismo, crea una red infinita, armonizando y enlazando al macrocosmos con nuestro microcosmos. En busca de nuestro equilibro, acudimos a los magnetos, que preservan la vida: la Tierra y, armoniz\u00e1ndonos con&hellip;<!-- AddThis Advanced Settings generic via filter on get_the_excerpt --><!-- AddThis Share Buttons generic via filter on get_the_excerpt --><\/p>\n","protected":false},"featured_media":11421,"template":"","meta":[],"product_cat":[16],"product_tag":[1136],"_links":{"self":[{"href":"https:\/\/www.bazarmerlin.com\/inicio\/wp-json\/wp\/v2\/product\/3616"}],"collection":[{"href":"https:\/\/www.bazarmerlin.com\/inicio\/wp-json\/wp\/v2\/product"}],"about":[{"href":"https:\/\/www.bazarmerlin.com\/inicio\/wp-json\/wp\/v2\/types\/product"}],"wp:featuredmedia":[{"embeddable":true,"href":"https:\/\/www.bazarmerlin.com\/inicio\/wp-json\/wp\/v2\/media\/11421"}],"wp:attachment":[{"href":"https:\/\/www.bazarmerlin.com\/inicio\/wp-json\/wp\/v2\/media?parent=3616"}],"wp:term":[{"taxonomy":"product_cat","embeddable":true,"href":"https:\/\/www.bazarmerlin.com\/inicio\/wp-json\/wp\/v2\/product_cat?post=3616"},{"taxonomy":"product_tag","embeddable":true,"href":"https:\/\/www.bazarmerlin.com\/inicio\/wp-json\/wp\/v2\/product_tag?post=3616"}],"curies":[{"name":"wp","href":"https:\/\/api.w.org\/{rel}","templated":true}]}}