{"id":3636,"date":"2015-08-04T19:05:56","date_gmt":"2015-08-04T19:05:56","guid":{"rendered":"https:\/\/www.bazarmerlin.com\/inicio\/?post_type=product&#038;p=3636"},"modified":"2022-12-20T00:11:13","modified_gmt":"2022-12-20T00:11:13","slug":"3636","status":"publish","type":"product","link":"https:\/\/www.bazarmerlin.com\/inicio\/producto\/3636\/","title":{"rendered":"La Biblia De Los Cristales Volumen 2"},"content":{"rendered":"<p><strong>LA BIBLIA DE LOS CRISTALES VOLUMEN 2<\/strong><\/p>\n<p>&nbsp;<\/p>\n<p>Continuaci\u00f3n del bestseller la biblia de los cristales.<\/p>\n<p>Este segundo volumen del bestseller de la misma autora titulado La biblia de los cristales presenta m\u00e1s de 200 nuevos cristales -desde piedras de alta vibraci\u00f3n para la alquimia espiritual hasta piedras de Groenlandia recientemente reveladas- y describe detalladamente sus excepcionales cualidades, cuyo uso contribuye a potenciar la salud y la energ\u00eda ambiental. El directorio que hay en su interior informa acerca del funcionamiento de estos cristales en los \u00e1mbitos espiritual, k\u00e1rmico, medioambiental, fisiol\u00f3gico, mental, emocional y f\u00edsico, a fin de poder elegir exactamente el cristal que mejor se adapte a cada necesidad.<\/p>\n<p>&nbsp;<\/p>\n<p>&nbsp;<\/p>\n<p><strong>BAZAR MERLIN<\/strong><br \/>\n<strong>El Lugar M\u00e1s M\u00edstico de Guadalajara<\/strong><br \/>\n<strong>ENVIAMOS A TODO M\u00c9XICO<\/strong><\/p>\n<!-- AddThis Advanced Settings generic via filter on the_content --><!-- AddThis Share Buttons generic via filter on the_content -->","protected":false},"excerpt":{"rendered":"<p>LA BIBLIA DE LOS CRISTALES VOLUMEN 2 &nbsp; Continuaci\u00f3n del bestseller la biblia de los cristales. Este segundo volumen del bestseller de la misma autora titulado La biblia de los cristales presenta m\u00e1s de 200 nuevos cristales -desde piedras de alta vibraci\u00f3n para la alquimia espiritual hasta piedras de Groenlandia recientemente reveladas- y describe detalladamente&hellip;<!-- AddThis Advanced Settings generic via filter on get_the_excerpt --><!-- AddThis Share Buttons generic via filter on get_the_excerpt --><\/p>\n","protected":false},"featured_media":11163,"template":"","meta":[],"product_cat":[13],"product_tag":[1137],"_links":{"self":[{"href":"https:\/\/www.bazarmerlin.com\/inicio\/wp-json\/wp\/v2\/product\/3636"}],"collection":[{"href":"https:\/\/www.bazarmerlin.com\/inicio\/wp-json\/wp\/v2\/product"}],"about":[{"href":"https:\/\/www.bazarmerlin.com\/inicio\/wp-json\/wp\/v2\/types\/product"}],"wp:featuredmedia":[{"embeddable":true,"href":"https:\/\/www.bazarmerlin.com\/inicio\/wp-json\/wp\/v2\/media\/11163"}],"wp:attachment":[{"href":"https:\/\/www.bazarmerlin.com\/inicio\/wp-json\/wp\/v2\/media?parent=3636"}],"wp:term":[{"taxonomy":"product_cat","embeddable":true,"href":"https:\/\/www.bazarmerlin.com\/inicio\/wp-json\/wp\/v2\/product_cat?post=3636"},{"taxonomy":"product_tag","embeddable":true,"href":"https:\/\/www.bazarmerlin.com\/inicio\/wp-json\/wp\/v2\/product_tag?post=3636"}],"curies":[{"name":"wp","href":"https:\/\/api.w.org\/{rel}","templated":true}]}}