{"id":3639,"date":"2015-08-04T19:11:19","date_gmt":"2015-08-04T19:11:19","guid":{"rendered":"https:\/\/www.bazarmerlin.com\/inicio\/?post_type=product&#038;p=3639"},"modified":"2023-01-06T00:22:46","modified_gmt":"2023-01-06T00:22:46","slug":"la-biblia-de-la-meditacion","status":"publish","type":"product","link":"https:\/\/www.bazarmerlin.com\/inicio\/producto\/la-biblia-de-la-meditacion\/","title":{"rendered":"La Biblia de la Meditacion"},"content":{"rendered":"<p><strong>GU\u00cdA ESENCIAL PARA LA MEDITACI\u00d3N.<\/strong><\/p>\n<p>&nbsp;<\/p>\n<p>La biblia de la meditaci\u00f3n presenta 140 t\u00e9cnicas descritas paso a paso y extra\u00eddas de diversas tradiciones espirituales, tanto orientales como occidentales. Encontrar\u00e1s meditaciones para la relajaci\u00f3n, para permanecer centrado, para vivir conscientemente, para desarrollar amor y compasi\u00f3n, para resolver problemas, para manifestar tus sue\u00f1os o para conectarte con la esfera divina. Contiene tambi\u00e9n consejos sobre posturas de meditaci\u00f3n, sobre c\u00f3mo crear tu espacio sagrado y sobre el modo de establecer una pr\u00e1ctica diaria de meditaci\u00f3n. Tanto si eres principiante como si llevas ya un tiempo meditando, esta gu\u00eda pr\u00e1ctica te ayudar\u00e1 a emplear la meditaci\u00f3n para sanar, para aliviar las tensiones, para la exploraci\u00f3n personal y para el crecimiento espiritual.<\/p>\n<p>&nbsp;<\/p>\n<p>&nbsp;<\/p>\n<p>&nbsp;<\/p>\n<p><strong>BAZAR MERL\u00cdN\u00ae<\/strong><br \/>\n<strong>El Lugar M\u00e1s M\u00edstico de Guadalajara<\/strong><br \/>\n<strong>ENVIAMOS A TODO M\u00c9XICO<\/strong><\/p>\n<!-- AddThis Advanced Settings generic via filter on the_content --><!-- AddThis Share Buttons generic via filter on the_content -->","protected":false},"excerpt":{"rendered":"<p>GU\u00cdA ESENCIAL PARA LA MEDITACI\u00d3N. &nbsp; La biblia de la meditaci\u00f3n presenta 140 t\u00e9cnicas descritas paso a paso y extra\u00eddas de diversas tradiciones espirituales, tanto orientales como occidentales. Encontrar\u00e1s meditaciones para la relajaci\u00f3n, para permanecer centrado, para vivir conscientemente, para desarrollar amor y compasi\u00f3n, para resolver problemas, para manifestar tus sue\u00f1os o para conectarte con&hellip;<!-- AddThis Advanced Settings generic via filter on get_the_excerpt --><!-- AddThis Share Buttons generic via filter on get_the_excerpt --><\/p>\n","protected":false},"featured_media":11398,"template":"","meta":[],"product_cat":[16],"product_tag":[1138],"_links":{"self":[{"href":"https:\/\/www.bazarmerlin.com\/inicio\/wp-json\/wp\/v2\/product\/3639"}],"collection":[{"href":"https:\/\/www.bazarmerlin.com\/inicio\/wp-json\/wp\/v2\/product"}],"about":[{"href":"https:\/\/www.bazarmerlin.com\/inicio\/wp-json\/wp\/v2\/types\/product"}],"wp:featuredmedia":[{"embeddable":true,"href":"https:\/\/www.bazarmerlin.com\/inicio\/wp-json\/wp\/v2\/media\/11398"}],"wp:attachment":[{"href":"https:\/\/www.bazarmerlin.com\/inicio\/wp-json\/wp\/v2\/media?parent=3639"}],"wp:term":[{"taxonomy":"product_cat","embeddable":true,"href":"https:\/\/www.bazarmerlin.com\/inicio\/wp-json\/wp\/v2\/product_cat?post=3639"},{"taxonomy":"product_tag","embeddable":true,"href":"https:\/\/www.bazarmerlin.com\/inicio\/wp-json\/wp\/v2\/product_tag?post=3639"}],"curies":[{"name":"wp","href":"https:\/\/api.w.org\/{rel}","templated":true}]}}