{"id":3648,"date":"2015-08-04T19:24:50","date_gmt":"2015-08-04T19:24:50","guid":{"rendered":"https:\/\/www.bazarmerlin.com\/inicio\/?post_type=product&#038;p=3648"},"modified":"2023-01-06T23:17:22","modified_gmt":"2023-01-06T23:17:22","slug":"yoga-para-las-tres-etapas-de-la-vida-aprende-y-desarrolla","status":"publish","type":"product","link":"https:\/\/www.bazarmerlin.com\/inicio\/producto\/yoga-para-las-tres-etapas-de-la-vida-aprende-y-desarrolla\/","title":{"rendered":"Libro Del Yoga Para Las Tres Etapas De La Vida"},"content":{"rendered":"<p><strong>LIBRO DEL YOGA PARA LAS TRES ETAPAS DE LA VIDA<\/strong><\/p>\n<p>&nbsp;<\/p>\n<p>Desarrollando tu Pr\u00e1ctica como un Arte de la Forma, una Terapia F\u00edsica y una Gu\u00eda Filos\u00f3fica.<\/p>\n<p>Por 33 a\u00f1os, Srivatsa Ramaswami estudi\u00f3 con el legendario T. Krisnamacarya, la figura m\u00e1s influyente en el campo del yoga en los \u00faltimos 100 a\u00f1os y maestro de B.K.S. Iyengar, Pattabhi Jois y T.K. V. Desikachar. Desde ese periodo ha elaborado la ense\u00f1anza de Krisnamacarya en lo que podr\u00eda ser el programa m\u00e1s desarrollado para hacer del yoga una forma de vida, m\u00e1s que s\u00f3lo una rutina. En cientos de fotograf\u00edas, y discusiones que nos hacen pensar, Ramaswami expone el equivalente de las ense\u00f1anzas de yoga de una vida, incluyendo principios para una vida correcta, pr\u00e1cticas de respiraci\u00f3n y meditaci\u00f3n, posturas y disciplinas mentales.<\/p>\n<p>La clave para la ense\u00f1anza de Ramaswami es el \u00e9nfasis en adoptar el yoga a las necesidades individuales y a las diferentes etapas de la vida. Durante la primera parte de la vida, aprender yoga como una forma de arte f\u00edsico es ben\u00e9fico para la confianza en uno mismo y para la disciplina que inculca. En la madurez, el yoga deber\u00eda concentrarse en la terapia f\u00edsica y en mantener la salud \u00f3ptima por tanto tiempo como sea posible. En las \u00faltimas etapas de la vida, el practicante deber\u00eda estar listo para concentrarse en la meta m\u00e1xima&#8230; La comprensi\u00f3n de la filosof\u00eda en que se basa el yoga y en darse cuenta de la verdad.<\/p>\n<p>&nbsp;<\/p>\n<p>&nbsp;<\/p>\n<p><strong>BAZAR MERLIN\u00ae<\/strong><br \/>\n<strong>El Lugar M\u00e1s M\u00edstico de Guadalajara<\/strong><br \/>\n<strong>ENVIAMOS A TODO M\u00c9XICO<\/strong><\/p>\n<!-- AddThis Advanced Settings generic via filter on the_content --><!-- AddThis Share Buttons generic via filter on the_content -->","protected":false},"excerpt":{"rendered":"<p>LIBRO DEL YOGA PARA LAS TRES ETAPAS DE LA VIDA &nbsp; Desarrollando tu Pr\u00e1ctica como un Arte de la Forma, una Terapia F\u00edsica y una Gu\u00eda Filos\u00f3fica. Por 33 a\u00f1os, Srivatsa Ramaswami estudi\u00f3 con el legendario T. Krisnamacarya, la figura m\u00e1s influyente en el campo del yoga en los \u00faltimos 100 a\u00f1os y maestro de&hellip;<!-- AddThis Advanced Settings generic via filter on get_the_excerpt --><!-- AddThis Share Buttons generic via filter on get_the_excerpt --><\/p>\n","protected":false},"featured_media":11414,"template":"","meta":[],"product_cat":[16],"product_tag":[1141],"_links":{"self":[{"href":"https:\/\/www.bazarmerlin.com\/inicio\/wp-json\/wp\/v2\/product\/3648"}],"collection":[{"href":"https:\/\/www.bazarmerlin.com\/inicio\/wp-json\/wp\/v2\/product"}],"about":[{"href":"https:\/\/www.bazarmerlin.com\/inicio\/wp-json\/wp\/v2\/types\/product"}],"wp:featuredmedia":[{"embeddable":true,"href":"https:\/\/www.bazarmerlin.com\/inicio\/wp-json\/wp\/v2\/media\/11414"}],"wp:attachment":[{"href":"https:\/\/www.bazarmerlin.com\/inicio\/wp-json\/wp\/v2\/media?parent=3648"}],"wp:term":[{"taxonomy":"product_cat","embeddable":true,"href":"https:\/\/www.bazarmerlin.com\/inicio\/wp-json\/wp\/v2\/product_cat?post=3648"},{"taxonomy":"product_tag","embeddable":true,"href":"https:\/\/www.bazarmerlin.com\/inicio\/wp-json\/wp\/v2\/product_tag?post=3648"}],"curies":[{"name":"wp","href":"https:\/\/api.w.org\/{rel}","templated":true}]}}