{"id":3651,"date":"2022-06-01T22:37:00","date_gmt":"2022-06-01T22:37:00","guid":{"rendered":"https:\/\/www.bazarmerlin.com\/inicio\/?post_type=product&#038;p=3651"},"modified":"2023-01-05T23:45:25","modified_gmt":"2023-01-05T23:45:25","slug":"magnetos-de-curacion-4000-gauss-magnetoterapia","status":"publish","type":"product","link":"https:\/\/www.bazarmerlin.com\/inicio\/producto\/magnetos-de-curacion-4000-gauss-magnetoterapia\/","title":{"rendered":"Magnetos O Imanes De Curaci\u00f3n 4,000 Gauss"},"content":{"rendered":"<p><strong>MAGNETOS PARA CURACI\u00d3N 4,000 GUASS CADA IM\u00c1N<\/strong><\/p>\n<p>&nbsp;<\/p>\n<p>\u00bfQue es la Magnetoterapia?<br \/>\nLa Magnoterapia o Terapia con campos magn\u00e9ticos es, definida en forma sencilla, el tratamiento de enfermedades mediante el uso de campos magn\u00e9ticos.<br \/>\nEstos Campos Magn\u00e9ticos pueden ser producidos por imanes permanentes o electroimanes, los cuales pueden tener un campo magn\u00e9tico variable.<\/p>\n<p>El termino magnetos e imanes se usa de forma distinta.<\/p>\n<p>Los resultados m\u00e1s f\u00e1ciles de observar de la Magnetoterapia son:<\/p>\n<p>-Desaparici\u00f3n de Dolores Musculares<br \/>\n-Desaparici\u00f3n de Dolores de Cabeza<br \/>\n-Disminuci\u00f3n y Desaparici\u00f3n de Tumores en el Cuerpo<br \/>\n-.R\u00e1pida Solidificaci\u00f3n en Fracturas en Mujeres de Edad Avanzada<br \/>\n-Desaparici\u00f3n de &#8220;Moretes&#8221; (Hematomas)<\/p>\n<p>\u00bfComo se usan los Magnetos?<br \/>\nLos imanes pueden ser utilizados solos, pegados a la parte del cuerpo afectada mediante tela adhesiva, micropore o incluso masking tape.<\/p>\n<p>&nbsp;<\/p>\n<p>&nbsp;<\/p>\n<p><strong>BAZAR MERLIN\u00ae<\/strong><br \/>\n<strong>El Lugar M\u00e1s M\u00edstico de Guadalajara<\/strong><br \/>\n<strong>ENVIAMOS A TODO M\u00c9XICO<\/strong><\/p>\n<!-- AddThis Advanced Settings generic via filter on the_content --><!-- AddThis Share Buttons generic via filter on the_content -->","protected":false},"excerpt":{"rendered":"<p>MAGNETOS PARA CURACI\u00d3N 4,000 GUASS CADA IM\u00c1N &nbsp; \u00bfQue es la Magnetoterapia? La Magnoterapia o Terapia con campos magn\u00e9ticos es, definida en forma sencilla, el tratamiento de enfermedades mediante el uso de campos magn\u00e9ticos. Estos Campos Magn\u00e9ticos pueden ser producidos por imanes permanentes o electroimanes, los cuales pueden tener un campo magn\u00e9tico variable. El termino&hellip;<!-- AddThis Advanced Settings generic via filter on get_the_excerpt --><!-- AddThis Share Buttons generic via filter on get_the_excerpt --><\/p>\n","protected":false},"featured_media":11390,"template":"","meta":[],"product_cat":[16],"product_tag":[1142],"_links":{"self":[{"href":"https:\/\/www.bazarmerlin.com\/inicio\/wp-json\/wp\/v2\/product\/3651"}],"collection":[{"href":"https:\/\/www.bazarmerlin.com\/inicio\/wp-json\/wp\/v2\/product"}],"about":[{"href":"https:\/\/www.bazarmerlin.com\/inicio\/wp-json\/wp\/v2\/types\/product"}],"wp:featuredmedia":[{"embeddable":true,"href":"https:\/\/www.bazarmerlin.com\/inicio\/wp-json\/wp\/v2\/media\/11390"}],"wp:attachment":[{"href":"https:\/\/www.bazarmerlin.com\/inicio\/wp-json\/wp\/v2\/media?parent=3651"}],"wp:term":[{"taxonomy":"product_cat","embeddable":true,"href":"https:\/\/www.bazarmerlin.com\/inicio\/wp-json\/wp\/v2\/product_cat?post=3651"},{"taxonomy":"product_tag","embeddable":true,"href":"https:\/\/www.bazarmerlin.com\/inicio\/wp-json\/wp\/v2\/product_tag?post=3651"}],"curies":[{"name":"wp","href":"https:\/\/api.w.org\/{rel}","templated":true}]}}